{"id":48681,"date":"2024-07-29T19:00:12","date_gmt":"2024-09-12T15:53:43","guid":{"rendered":"https:\/\/staging.nbg.eu\/product\/ten-speed-single-pistol-mag-pouch\/"},"modified":"2024-09-12T15:54:39","modified_gmt":"2024-09-12T15:54:39","slug":"ten-speed-egyszeres-pisztoly-tarolozsebtarto","status":"publish","type":"product","link":"https:\/\/staging.nbg.eu\/hu\/termek\/ten-speed-egyszeres-pisztoly-tarolozsebtarto\/","title":{"rendered":"Ten-Speed\u00ae Egyszeres Pisztoly T\u00e1rol\u00f3zsebtart\u00f3"},"content":{"rendered":"<h2>Ten-Speed\u00ae Egy\u00e9ges Pisztolyt\u00e1r Tart\u00f3<\/h2>\n<p>A Ten-Speed\u00ae Egy\u00e9ges Pisztolyt\u00e1r Tart\u00f3 taktikai alkalmaz\u00e1sokhoz k\u00e9sz\u00fclt. Ez a sokoldal\u00fa tart\u00f3 alkalmas:<\/p>\n<ul>\n<li>Egy- vagy k\u00e9tsoros pisztolyt\u00e1rak (HK 45-ig)<\/li>\n<li>Multifunkci\u00f3s szersz\u00e1mok<\/li>\n<li>L\u00e1mp\u00e1k<\/li>\n<li>K\u00e9sek<\/li>\n<li>Kis m\u00e9ret\u0171 k\u00f6nnyg\u00e1zspray-k<\/li>\n<\/ul>\n<p>Katonai min\u0151s\u00e9g\u0171 gumiszalagb\u00f3l \u00e9s ULTRAcomp\u2122 anyagb\u00f3l k\u00e9sz\u00fcl, haszn\u00e1laton k\u00edv\u00fcl lapos. A Helium Whisper\u00ae r\u00f6gz\u00edt\u0151rendszer MOLLE kompatibilit\u00e1st biztos\u00edt \u00e9s cs\u00f6kkenti a s\u00falyt.<\/p>\n<p>M\u00e9ret: 0,32 cm x 5,08 cm x 10,16 cm (2&#215;1 MOLLE mez\u0151 sz\u00fcks\u00e9ges)<\/p>\n<p>\u00daj anyagokkal k\u00e9sz\u00fclt a jobb tart\u00e1s \u00e9s tart\u00f3ss\u00e1g \u00e9rdek\u00e9ben.<\/p>\n","protected":false},"excerpt":{"rendered":"<p>Gyors hozz\u00e1f\u00e9r\u00e9s\u0171, ultra k\u00f6nny\u0171 pisztolyt\u00e1r tok egyes\/dupla soros t\u00e1rakhoz.<\/p>\n","protected":false},"featured_media":33890,"template":"","meta":{"_acf_changed":false},"product_brand":[11131],"product_cat":[12934,12910,12925],"product_tag":[],"class_list":{"0":"post-48681","1":"product","2":"type-product","3":"status-publish","4":"has-post-thumbnail","6":"product_brand-blue-force-gear","7":"product_cat-felszereles","8":"product_cat-tartartok","9":"product_cat-tasakok","11":"first","12":"instock","13":"taxable","14":"shipping-taxable","15":"purchasable","16":"product-type-variable","17":"wvs-archive-product-wrapper"},"acf":[],"_links":{"self":[{"href":"https:\/\/staging.nbg.eu\/hu\/wp-json\/wp\/v2\/product\/48681","targetHints":{"allow":["GET"]}}],"collection":[{"href":"https:\/\/staging.nbg.eu\/hu\/wp-json\/wp\/v2\/product"}],"about":[{"href":"https:\/\/staging.nbg.eu\/hu\/wp-json\/wp\/v2\/types\/product"}],"wp:featuredmedia":[{"embeddable":true,"href":"https:\/\/staging.nbg.eu\/hu\/wp-json\/wp\/v2\/media\/33890"}],"wp:attachment":[{"href":"https:\/\/staging.nbg.eu\/hu\/wp-json\/wp\/v2\/media?parent=48681"}],"wp:term":[{"taxonomy":"product_brand","embeddable":true,"href":"https:\/\/staging.nbg.eu\/hu\/wp-json\/wp\/v2\/product_brand?post=48681"},{"taxonomy":"product_cat","embeddable":true,"href":"https:\/\/staging.nbg.eu\/hu\/wp-json\/wp\/v2\/product_cat?post=48681"},{"taxonomy":"product_tag","embeddable":true,"href":"https:\/\/staging.nbg.eu\/hu\/wp-json\/wp\/v2\/product_tag?post=48681"}],"curies":[{"name":"wp","href":"https:\/\/api.w.org\/{rel}","templated":true}]}}