{"id":48623,"date":"2024-07-29T19:02:28","date_gmt":"2024-09-12T15:49:58","guid":{"rendered":"https:\/\/staging.nbg.eu\/product\/ten-speed-single-308-mag-pouch\/"},"modified":"2024-09-12T15:50:51","modified_gmt":"2024-09-12T15:50:51","slug":"ten-speed-egyszeres-308-tarolozsebtarto","status":"publish","type":"product","link":"https:\/\/staging.nbg.eu\/hu\/termek\/ten-speed-egyszeres-308-tarolozsebtarto\/","title":{"rendered":"Ten-Speed\u00ae Egyszeres 308 T\u00e1rol\u00f3zsebtart\u00f3"},"content":{"rendered":"<div class=\"product-description\">\n<h2>Ten-Speed\u00ae Egyed\u00fcl\u00e1ll\u00f3 308 Mag T\u00e1rtart\u00f3<\/h2>\n<p>Megold\u00e1s .308-as t\u00e1rak \u00e9s egy\u00e9b eszk\u00f6z\u00f6k hordoz\u00e1s\u00e1ra. Ez a t\u00e1rtart\u00f3 alkalmas egy .308-as t\u00e1r (kompatibilis SR-25, SIG 716, M110, FAL, SCAR-17, NGSW, XM7 t\u00edpusokkal) vagy hasonl\u00f3 m\u00e9ret\u0171 t\u00e1rgyak, mint els\u0151seg\u00e9ly felszerel\u00e9s, kism\u00e9ret\u0171 r\u00e1di\u00f3k vagy GPS k\u00e9sz\u00fcl\u00e9kek t\u00e1rol\u00e1s\u00e1ra.<\/p>\n<h3>F\u0151 jellemz\u0151k:<\/h3>\n<ul>\n<li>K\u00f6nny\u0171 \u00e9s lapos kialak\u00edt\u00e1s<\/li>\n<li>Katonai min\u0151s\u00e9g\u0171 elasztikus anyag \u00e9s ULTRAcomp\u2122 lamin\u00e1tum<\/li>\n<li>Szabadalmaztatott Helium Whisper\u00ae r\u00f6gz\u00edt\u0151 rendszer<\/li>\n<li>MOLLE kompatibilis<\/li>\n<li>Fokozott megtart\u00f3 k\u00e9pess\u00e9g \u00e9s tart\u00f3ss\u00e1g<\/li>\n<li>60%-kal k\u00f6nnyebb a hagyom\u00e1nyos t\u00e1rtart\u00f3kn\u00e1l<\/li>\n<\/ul>\n<p>Ten-Speed\u00ae Egyed\u00fcl\u00e1ll\u00f3 308 Mag T\u00e1rtart\u00f3: gyorsas\u00e1g \u00e9s biztons\u00e1g.<\/p>\n<\/div>\n","protected":false},"excerpt":{"rendered":"<p>K\u00f6nny\u0171, sokoldal\u00fa .308-as t\u00e1rzseb biztons\u00e1gos rugalmas r\u00f6gz\u00edt\u00e9ssel.<\/p>\n","protected":false},"featured_media":48626,"template":"","meta":{"_acf_changed":false},"product_brand":[11131],"product_cat":[12934,12910,12925],"product_tag":[],"class_list":{"0":"post-48623","1":"product","2":"type-product","3":"status-publish","4":"has-post-thumbnail","6":"product_brand-blue-force-gear","7":"product_cat-felszereles","8":"product_cat-tartartok","9":"product_cat-tasakok","11":"first","12":"instock","13":"taxable","14":"shipping-taxable","15":"purchasable","16":"product-type-simple"},"acf":[],"_links":{"self":[{"href":"https:\/\/staging.nbg.eu\/hu\/wp-json\/wp\/v2\/product\/48623","targetHints":{"allow":["GET"]}}],"collection":[{"href":"https:\/\/staging.nbg.eu\/hu\/wp-json\/wp\/v2\/product"}],"about":[{"href":"https:\/\/staging.nbg.eu\/hu\/wp-json\/wp\/v2\/types\/product"}],"wp:featuredmedia":[{"embeddable":true,"href":"https:\/\/staging.nbg.eu\/hu\/wp-json\/wp\/v2\/media\/48626"}],"wp:attachment":[{"href":"https:\/\/staging.nbg.eu\/hu\/wp-json\/wp\/v2\/media?parent=48623"}],"wp:term":[{"taxonomy":"product_brand","embeddable":true,"href":"https:\/\/staging.nbg.eu\/hu\/wp-json\/wp\/v2\/product_brand?post=48623"},{"taxonomy":"product_cat","embeddable":true,"href":"https:\/\/staging.nbg.eu\/hu\/wp-json\/wp\/v2\/product_cat?post=48623"},{"taxonomy":"product_tag","embeddable":true,"href":"https:\/\/staging.nbg.eu\/hu\/wp-json\/wp\/v2\/product_tag?post=48623"}],"curies":[{"name":"wp","href":"https:\/\/api.w.org\/{rel}","templated":true}]}}