{"id":48529,"date":"2024-07-30T17:57:46","date_gmt":"2024-07-30T17:57:46","guid":{"rendered":"https:\/\/staging.nbg.eu\/product\/red-dot-sight-holosun-hs503gu\/"},"modified":"2024-09-12T15:42:34","modified_gmt":"2024-09-12T15:42:34","slug":"piros-pont-iranyzek-holosun-hs503gu","status":"publish","type":"product","link":"https:\/\/staging.nbg.eu\/hu\/termek\/piros-pont-iranyzek-holosun-hs503gu\/","title":{"rendered":"Piros Pont Ir\u00e1nyz\u00e9k Holosun HS503GU"},"content":{"rendered":"<h2>Holosun HS503GU V\u00f6r\u00f6s Pont Ir\u00e1nyz\u00e9k<\/h2>\n<p>A Holosun HS503GU V\u00f6r\u00f6s Pont Ir\u00e1nyz\u00e9k jellemz\u0151i:<\/p>\n<ul>\n<li>K\u00f6r alak\u00fa c\u00e9lkereszt 2 MOA ponttal \u00e9s 65 MOA k\u00f6rrel<\/li>\n<li>Elem elhelyez\u00e9se csavaros toronyban<\/li>\n<li>V\u00e9d\u0151burkolat a sz\u00e9lir\u00e1ny \u00e9s magass\u00e1g \u00e1ll\u00edt\u00f3 tornyoknak<\/li>\n<li>Ak\u00e1r 2 \u00e9v akkumul\u00e1tor \u00e9lettartam folyamatos haszn\u00e1lat mellett<\/li>\n<li>Mozg\u00e1s\u00e9rz\u00e9kel\u0151s be\/kikapcsol\u00e1s funkci\u00f3<\/li>\n<li>LED technol\u00f3gia<\/li>\n<li>Tengelyen k\u00edv\u00fcli lencse poz\u00edcion\u00e1l\u00e1s a f\u00e9nyvisszaver\u0151d\u00e9s optimaliz\u00e1l\u00e1s\u00e1hoz<\/li>\n<li>K\u00f6nny\u0171 alum\u00ednium szerkezet (0,18 kg)<\/li>\n<li>Kompakt m\u00e9ret: 6,6 cm H x 3,8 cm Sz x 6,9 cm M<\/li>\n<li>1x nagy\u00edt\u00e1s<\/li>\n<li>Picatinny s\u00ednre szerelhet\u0151<\/li>\n<\/ul>\n<p>A HS503GU vad\u00e1szathoz \u00e9s taktikai l\u00f6v\u00e9szethez haszn\u00e1lhat\u00f3. Az ir\u00e1nyz\u00e9k pontoss\u00e1got \u00e9s tart\u00f3ss\u00e1got k\u00edn\u00e1l.<\/p>\n","protected":false},"excerpt":{"rendered":"<p>Kompakt v\u00f6r\u00f6s pont ir\u00e1nyz\u00e9k k\u00f6r-pont c\u00e9lz\u00f3k\u00e9ppel \u00e9s hossz\u00fa akkumul\u00e1tor-\u00e9lettartammal.<\/p>\n","protected":false},"featured_media":48530,"template":"","meta":{"_acf_changed":false},"product_brand":[11432],"product_cat":[12943,12944,12977],"product_tag":[],"class_list":{"0":"post-48529","1":"product","2":"type-product","3":"status-publish","4":"has-post-thumbnail","6":"product_brand-holosun","7":"product_cat-celzas","8":"product_cat-piros-pontok","9":"product_cat-puska-celpontok","11":"first","12":"outofstock","13":"taxable","14":"shipping-taxable","15":"purchasable","16":"product-type-simple"},"acf":[],"_links":{"self":[{"href":"https:\/\/staging.nbg.eu\/hu\/wp-json\/wp\/v2\/product\/48529","targetHints":{"allow":["GET"]}}],"collection":[{"href":"https:\/\/staging.nbg.eu\/hu\/wp-json\/wp\/v2\/product"}],"about":[{"href":"https:\/\/staging.nbg.eu\/hu\/wp-json\/wp\/v2\/types\/product"}],"wp:featuredmedia":[{"embeddable":true,"href":"https:\/\/staging.nbg.eu\/hu\/wp-json\/wp\/v2\/media\/48530"}],"wp:attachment":[{"href":"https:\/\/staging.nbg.eu\/hu\/wp-json\/wp\/v2\/media?parent=48529"}],"wp:term":[{"taxonomy":"product_brand","embeddable":true,"href":"https:\/\/staging.nbg.eu\/hu\/wp-json\/wp\/v2\/product_brand?post=48529"},{"taxonomy":"product_cat","embeddable":true,"href":"https:\/\/staging.nbg.eu\/hu\/wp-json\/wp\/v2\/product_cat?post=48529"},{"taxonomy":"product_tag","embeddable":true,"href":"https:\/\/staging.nbg.eu\/hu\/wp-json\/wp\/v2\/product_tag?post=48529"}],"curies":[{"name":"wp","href":"https:\/\/api.w.org\/{rel}","templated":true}]}}