{"id":48221,"date":"2024-07-30T18:00:01","date_gmt":"2024-09-12T15:21:08","guid":{"rendered":"https:\/\/staging.nbg.eu\/product\/red-dot-sight-holosun-hs507k\/"},"modified":"2024-09-12T15:21:51","modified_gmt":"2024-09-12T15:21:51","slug":"piros-pont-iranyzek-holosun-hs507k","status":"publish","type":"product","link":"https:\/\/staging.nbg.eu\/hu\/termek\/piros-pont-iranyzek-holosun-hs507k\/","title":{"rendered":"Piros Pont Ir\u00e1nyz\u00e9k Holosun HS507K"},"content":{"rendered":"<h2>Holosun HS507K X2 V\u00f6r\u00f6s Pont Ir\u00e1nyz\u00e9k<\/h2>\n<p>A Holosun HS507K X2 egy ny\u00edlt reflex optikai ir\u00e1nyz\u00e9k, amelyet kifejezetten kompakt pisztolyokhoz terveztek. Ez az ir\u00e1nyz\u00e9k tov\u00e1bbfejlesztett v\u00e1ltozata tartalmazza a Lock Mode funkci\u00f3t, amely r\u00f6gz\u00edti a gombbe\u00e1ll\u00edt\u00e1sokat a v\u00e9letlen v\u00e1ltoztat\u00e1sok elker\u00fcl\u00e9se \u00e9rdek\u00e9ben.<\/p>\n<h2>F\u0151bb jellemz\u0151k:<\/h2>\n<ul>\n<li>V\u00f6r\u00f6s Super LED ak\u00e1r 50 000 \u00f3r\u00e1s akkumul\u00e1tor-\u00e9lettartammal<\/li>\n<li>T\u00f6bbsz\u00f6r\u00f6s c\u00e9lkereszt rendszer: K\u00f6r pont, 2 MOA pont \u00e9s 32 MOA k\u00f6r<\/li>\n<li>Shake Awake technol\u00f3gia az azonnali aktiv\u00e1l\u00e1shoz<\/li>\n<li>7075 alum\u00ednium h\u00e1z<\/li>\n<li>Oldals\u00f3 t\u00e1lca az 1632-es elem k\u00f6nny\u0171 cser\u00e9j\u00e9hez<\/li>\n<li>Kompatibilis a P365X\/XL-lel (adapter lemez sz\u00fcks\u00e9ges a n\u00e9gy csavaros csatlakoz\u00e1s\u00fa sz\u00e1nakhoz)<\/li>\n<\/ul>\n<h2>M\u0171szaki adatok:<\/h2>\n<ul>\n<li>12 f\u00e9nyer\u0151 be\u00e1ll\u00edt\u00e1s: 10 nappali \u00e9s 2 \u00e9jjell\u00e1t\u00f3 kompatibilis<\/li>\n<li>Parallaxis-mentes \u00e9s korl\u00e1tlan szemrelief<\/li>\n<li>IP67 v\u00edz\u00e1ll\u00f3s\u00e1gi besorol\u00e1s<\/li>\n<li>Ablakm\u00e9ret: 0,58&#8243; x 0,77&#8243;<\/li>\n<li>M\u00e9retek: 1,6&#8243; x 0,98&#8243; x 0,95&#8243;<\/li>\n<li>S\u00faly: 28 gramm<\/li>\n<li>1 MOA kattint\u00e1sos \u00e1ll\u00edt\u00e1s<\/li>\n<li>\u00b130 MOA oldal- \u00e9s magass\u00e1g\u00e1ll\u00edt\u00e1si tartom\u00e1ny<\/li>\n<li>\u00dczemi h\u0151m\u00e9rs\u00e9klet: -20\u00b0C \u00e9s 51\u00b0C k\u00f6z\u00f6tt<\/li>\n<li>T\u00e1rol\u00e1si h\u0151m\u00e9rs\u00e9klet: -20\u00b0C \u00e9s 65\u00b0C k\u00f6z\u00f6tt<\/li>\n<li>Rezg\u00e9s\u00e1ll\u00f3s\u00e1g: 5000G<\/li>\n<\/ul>\n<p>A HS507K X2 ide\u00e1lis rejtett hord\u00e1sra sz\u00e1nt fegyverekhez. Kompakt megold\u00e1st k\u00edn\u00e1l a c\u00e9lz\u00e1s jav\u00edt\u00e1s\u00e1ra. Tart\u00f3s szerkezete \u00e9s fejlett funkci\u00f3i miatt v\u00e1lasztj\u00e1k a l\u0151fegyver-haszn\u00e1l\u00f3k. A Holosun HS507K X2 v\u00f6r\u00f6s pont ir\u00e1nyz\u00e9kkel jav\u00edthat\u00f3 a pontoss\u00e1g \u00e9s a c\u00e9lz\u00e1si sebess\u00e9g.<\/p>\n","protected":false},"excerpt":{"rendered":"<p>Kompakt piros pontos ir\u00e1nyz\u00e9k pisztolyokhoz. T\u00f6bbf\u00e9le c\u00e9lz\u00f3kereszt, hossz\u00fa akkumul\u00e1tor-\u00e9lettartam, tart\u00f3s.<\/p>\n","protected":false},"featured_media":48222,"template":"","meta":{"_acf_changed":false},"product_brand":[11432],"product_cat":[12943,12944,12924,12923],"product_tag":[],"class_list":{"0":"post-48221","1":"product","2":"type-product","3":"status-publish","4":"has-post-thumbnail","6":"product_brand-holosun","7":"product_cat-celzas","8":"product_cat-piros-pontok","9":"product_cat-pisztoly","10":"product_cat-pisztoly-pontok","12":"first","13":"instock","14":"taxable","15":"shipping-taxable","16":"purchasable","17":"product-type-simple"},"acf":[],"_links":{"self":[{"href":"https:\/\/staging.nbg.eu\/hu\/wp-json\/wp\/v2\/product\/48221","targetHints":{"allow":["GET"]}}],"collection":[{"href":"https:\/\/staging.nbg.eu\/hu\/wp-json\/wp\/v2\/product"}],"about":[{"href":"https:\/\/staging.nbg.eu\/hu\/wp-json\/wp\/v2\/types\/product"}],"wp:featuredmedia":[{"embeddable":true,"href":"https:\/\/staging.nbg.eu\/hu\/wp-json\/wp\/v2\/media\/48222"}],"wp:attachment":[{"href":"https:\/\/staging.nbg.eu\/hu\/wp-json\/wp\/v2\/media?parent=48221"}],"wp:term":[{"taxonomy":"product_brand","embeddable":true,"href":"https:\/\/staging.nbg.eu\/hu\/wp-json\/wp\/v2\/product_brand?post=48221"},{"taxonomy":"product_cat","embeddable":true,"href":"https:\/\/staging.nbg.eu\/hu\/wp-json\/wp\/v2\/product_cat?post=48221"},{"taxonomy":"product_tag","embeddable":true,"href":"https:\/\/staging.nbg.eu\/hu\/wp-json\/wp\/v2\/product_tag?post=48221"}],"curies":[{"name":"wp","href":"https:\/\/api.w.org\/{rel}","templated":true}]}}