{"id":47941,"date":"2024-01-30T18:01:01","date_gmt":"2024-01-30T18:01:01","guid":{"rendered":"https:\/\/staging.nbg.eu\/product\/red-dot-sight-hs507comp-rd\/"},"modified":"2024-09-12T13:59:28","modified_gmt":"2024-09-12T13:59:28","slug":"piros-pontos-irantekcelzo-hs507comp-rd","status":"publish","type":"product","link":"https:\/\/staging.nbg.eu\/hu\/termek\/piros-pontos-irantekcelzo-hs507comp-rd\/","title":{"rendered":"Piros Pontos Irantekcelzo HS507COMP-RD"},"content":{"rendered":"<div class=\"product-description\">\n<h2>Holosun HS507COMP-RD V\u00f6r\u00f6s Pont Ir\u00e1nyz\u00e9k<\/h2>\n<p>A Holosun HS507COMP-RD egy k\u00e9zifegyver ir\u00e1nyz\u00e9k versenyl\u00f6v\u0151knek \u00e9s lelkes l\u00f6v\u00e9szeknek. 1,1&#8243; x 0,87&#8243; m\u00e9ret\u0171 objekt\u00edv lencs\u00e9vel rendelkezik, amely sz\u00e9les l\u00e1t\u00f3mez\u0151t biztos\u00edt a c\u00e9lpont gyors azonos\u00edt\u00e1s\u00e1hoz.<\/p>\n<h3>F\u0151 jellemz\u0151k:<\/h3>\n<ul>\n<li>Verseny Retikulum Rendszer (CRS) t\u00f6bbf\u00e9le retikulum opci\u00f3val<\/li>\n<li>650nm-es v\u00f6r\u00f6s LED<\/li>\n<li>50 000 \u00f3r\u00e1s akkumul\u00e1tor-\u00e9lettartam CR1632 elemmel<\/li>\n<li>7075 alum\u00ednium szerkezet<\/li>\n<li>Mozg\u00e1s\u00e9rz\u00e9kel\u0151s aktiv\u00e1l\u00e1s<\/li>\n<li>8 f\u00e9nyer\u0151ss\u00e9g be\u00e1ll\u00edt\u00e1s (6 nappali, 2 \u00e9jjell\u00e1t\u00f3 kompatibilis)<\/li>\n<li>Parallaxismentes kialak\u00edt\u00e1s korl\u00e1tlan szemt\u00e1vols\u00e1ggal<\/li>\n<\/ul>\n<p>A HS507COMP-RD CRS rendszere 2 MOA pontot, 8 MOA k\u00f6rt, 20 MOA k\u00f6rt \u00e9s 32 MOA k\u00f6rt k\u00edn\u00e1l, lehet\u0151v\u00e9 t\u00e9ve a l\u00f6v\u00e9szek sz\u00e1m\u00e1ra az ir\u00e1nyz\u00e9k testreszab\u00e1s\u00e1t k\u00fcl\u00f6nb\u00f6z\u0151 alkalmaz\u00e1sokhoz. Szabv\u00e1nyos r\u00f6gz\u00edt\u00e9si pontokkal \u00e9s tart\u00f3s szerkezettel rendelkezik, ami alkalmass\u00e1 teszi versenyz\u00e9sre \u00e9s \u00f6nv\u00e9delmi haszn\u00e1latra.<\/p>\n<\/div>\n","protected":false},"excerpt":{"rendered":"<p>Nagy lencs\u00e9s, t\u00f6bbf\u00e9le c\u00e9lz\u00f3h\u00e1l\u00f3s v\u00f6r\u00f6s pontos ir\u00e1nyz\u00e9k hossz\u00fa akkumul\u00e1tor-\u00e9lettartammal.<\/p>\n","protected":false},"featured_media":47942,"template":"","meta":{"_acf_changed":false},"product_brand":[11432],"product_cat":[12943,12944,12923],"product_tag":[],"class_list":{"0":"post-47941","1":"product","2":"type-product","3":"status-publish","4":"has-post-thumbnail","6":"product_brand-holosun","7":"product_cat-celzas","8":"product_cat-piros-pontok","9":"product_cat-pisztoly-pontok","11":"first","12":"instock","13":"taxable","14":"shipping-taxable","15":"purchasable","16":"product-type-simple"},"acf":[],"_links":{"self":[{"href":"https:\/\/staging.nbg.eu\/hu\/wp-json\/wp\/v2\/product\/47941","targetHints":{"allow":["GET"]}}],"collection":[{"href":"https:\/\/staging.nbg.eu\/hu\/wp-json\/wp\/v2\/product"}],"about":[{"href":"https:\/\/staging.nbg.eu\/hu\/wp-json\/wp\/v2\/types\/product"}],"wp:featuredmedia":[{"embeddable":true,"href":"https:\/\/staging.nbg.eu\/hu\/wp-json\/wp\/v2\/media\/47942"}],"wp:attachment":[{"href":"https:\/\/staging.nbg.eu\/hu\/wp-json\/wp\/v2\/media?parent=47941"}],"wp:term":[{"taxonomy":"product_brand","embeddable":true,"href":"https:\/\/staging.nbg.eu\/hu\/wp-json\/wp\/v2\/product_brand?post=47941"},{"taxonomy":"product_cat","embeddable":true,"href":"https:\/\/staging.nbg.eu\/hu\/wp-json\/wp\/v2\/product_cat?post=47941"},{"taxonomy":"product_tag","embeddable":true,"href":"https:\/\/staging.nbg.eu\/hu\/wp-json\/wp\/v2\/product_tag?post=47941"}],"curies":[{"name":"wp","href":"https:\/\/api.w.org\/{rel}","templated":true}]}}