{"id":47747,"date":"2024-07-30T18:21:46","date_gmt":"2024-09-12T13:52:21","guid":{"rendered":"https:\/\/staging.nbg.eu\/product\/surefire-supressor-alighnment-rod\/"},"modified":"2024-09-12T13:53:11","modified_gmt":"2024-09-12T13:53:11","slug":"surefire-hangtompito-illesztosurlo","status":"publish","type":"product","link":"https:\/\/staging.nbg.eu\/hu\/termek\/surefire-hangtompito-illesztosurlo\/","title":{"rendered":"SureFire Hangtompito Illesztosurlo"},"content":{"rendered":"<p style=\"text-align: center\"><span style=\"font-size: 170%\"><strong>SureFire Cs\u0151igaz\u00edt\u00f3 Rudak<\/strong><\/span><\/p>\n<p>A SureFire Cs\u0151igaz\u00edt\u00f3 Rudak eszk\u00f6z\u00f6k, amelyek biztos\u00edtj\u00e1k a megfelel\u0151 koncentrikuss\u00e1got a l\u00f6ved\u00e9k r\u00f6pp\u00e1ly\u00e1ja ment\u00e9n hangtomp\u00edt\u00f3val val\u00f3 t\u00fczel\u00e9skor \u00faj platformon. A r\u00fad a l\u00f6ved\u00e9k r\u00f6pp\u00e1ly\u00e1j\u00e1t reprezent\u00e1lja, \u00e9s jelzi az esetleges elt\u00e9r\u00e9seket. A SureFire javasolja, hogy a kezel\u0151k ellen\u0151rizz\u00e9k a cs\u0151-adapter-hangtomp\u00edt\u00f3 be\u00e1ll\u00edt\u00e1st minden \u00faj \u00f6ssze\u00e1ll\u00edt\u00e1sn\u00e1l vagy kor\u00e1bban nem haszn\u00e1lt felszerel\u00e9sn\u00e9l, \u00e9s a SureFire Cs\u0151igaz\u00edt\u00f3 Rudak a leghat\u00e9konyabb m\u00f3dja ennek. Egyszer\u0171en v\u00e1lassza ki a megfelel\u0151 rudat a fegyver kaliber\u00e9hez.<\/p>\n<p><span style=\"color: #282828\"><strong><span style=\"font-size: 150%\">JELLEMZ\u0150K:<\/span><\/strong><\/span><\/p>\n<p style=\"padding-left: 40px\"><span style=\"color: #282828\"><strong>\u2588 <\/strong><\/span>Amerikai gy\u00e1rtm\u00e1ny<\/p>\n<p style=\"padding-left: 40px\"><span style=\"color: #282828\"><strong>\u2588 <\/strong><\/span>H\u0151kezelt rozsdamentes ac\u00e9l<\/p>\n<p style=\"padding-left: 40px\"><span style=\"color: #282828\"><strong>\u2588 <\/strong><\/span>Be\u00e1ll\u00edt\u00e1s ellen\u0151rz\u00e9s\u00e9re az els\u0151 l\u00f6v\u00e9s el\u0151tt<\/p>\n<p style=\"padding-left: 40px\"><span style=\"color: #282828\"><strong>\u2588 <\/strong><\/span>Prec\u00edzi\u00f3s megmunk\u00e1l\u00e1s\u00fa rudak pontos ellen\u0151rz\u00e9shez<\/p>\n<p style=\"padding-left: 40px\"><span style=\"color: #282828\"><strong>\u2588 <\/strong><\/span>A prec\u00edzi\u00f3s r\u00fad kimutatja az igaz\u00edt\u00e1si elt\u00e9r\u00e9seket<\/p>\n<p style=\"padding-left: 40px\"><span style=\"color: #282828\"><strong>\u2588 <\/strong><\/span>SureFire \u00e1ltal j\u00f3v\u00e1hagyott m\u00f3dszer a hangtomp\u00edt\u00f3 be\u00e1ll\u00edt\u00e1s ellen\u0151rz\u00e9s\u00e9re<\/p>\n<p style=\"padding-left: 40px\"><span style=\"color: #282828\"><strong>\u2588 <\/strong><\/span>Specifikus kaliber\u0171 rudak a legn\u00e9pszer\u0171bb opci\u00f3khoz<\/p>\n<p style=\"padding-left: 40px\"><span style=\"color: #282828\"><strong>\u2588 <\/strong><\/span>Egyenl\u0151 t\u00e1vols\u00e1g legyen l\u00e1that\u00f3 a hangtomp\u00edt\u00f3 furata \u00e9s a k\u00f6zpontos\u00edtott r\u00fad k\u00f6z\u00f6tt<\/p>\n<p style=\"padding-left: 40px\"><span style=\"color: #282828\"><strong>\u2588 <\/strong><\/span>Helyezze be a rudat a felszerelt hangtomp\u00edt\u00f3n kereszt\u00fcl egy t\u00f6ltetlen fegyverbe<\/p>\n<p style=\"padding-left: 40px\"><span style=\"color: #282828\"><strong>\u2588 <\/strong><\/span>El\u00e9rhet\u0151 rudak a legn\u00e9pszer\u0171bb kaliberekhez (5,56 mm, 6,5 mm, 6,8 mm, 7,62 mm, 9 mm, .338)<\/p>\n<table width=\"595\">\n<tbody>\n<tr>\n<td colspan=\"2\" width=\"595\"><span style=\"font-size: 150%;color: #282828\"><b>F\u0150 JELLEMZ\u0150K<\/b><\/span><\/td>\n<\/tr>\n<tr>\n<td width=\"198\"><b>KALIBER<\/b><\/td>\n<td width=\"397\">5,56 mm, 6,5 mm, 6,8 mm, 7,62 mm, 9 mm, .338 cal<\/td>\n<\/tr>\n<tr>\n<td width=\"198\"><b><\/p>\n","protected":false},"excerpt":{"rendered":"<p><strong>SureFire hangtomp\u00edt\u00f3 be\u00e1ll\u00edt\u00f3 eszk\u00f6z\u00f6k<\/strong><\/p>\n","protected":false},"featured_media":47749,"template":"","meta":{"_acf_changed":false},"product_brand":[11863],"product_cat":[12939,12902,12970],"product_tag":[],"class_list":{"0":"post-47747","1":"product","2":"type-product","3":"status-publish","4":"has-post-thumbnail","6":"product_brand-surefire","7":"product_cat-hangtompito-kiegeszitok","8":"product_cat-hangtompitok","9":"product_cat-szerszamok","11":"first","12":"instock","13":"taxable","14":"shipping-taxable","15":"purchasable","16":"product-type-variable","17":"wvs-archive-product-wrapper"},"acf":[],"_links":{"self":[{"href":"https:\/\/staging.nbg.eu\/hu\/wp-json\/wp\/v2\/product\/47747","targetHints":{"allow":["GET"]}}],"collection":[{"href":"https:\/\/staging.nbg.eu\/hu\/wp-json\/wp\/v2\/product"}],"about":[{"href":"https:\/\/staging.nbg.eu\/hu\/wp-json\/wp\/v2\/types\/product"}],"wp:featuredmedia":[{"embeddable":true,"href":"https:\/\/staging.nbg.eu\/hu\/wp-json\/wp\/v2\/media\/47749"}],"wp:attachment":[{"href":"https:\/\/staging.nbg.eu\/hu\/wp-json\/wp\/v2\/media?parent=47747"}],"wp:term":[{"taxonomy":"product_brand","embeddable":true,"href":"https:\/\/staging.nbg.eu\/hu\/wp-json\/wp\/v2\/product_brand?post=47747"},{"taxonomy":"product_cat","embeddable":true,"href":"https:\/\/staging.nbg.eu\/hu\/wp-json\/wp\/v2\/product_cat?post=47747"},{"taxonomy":"product_tag","embeddable":true,"href":"https:\/\/staging.nbg.eu\/hu\/wp-json\/wp\/v2\/product_tag?post=47747"}],"curies":[{"name":"wp","href":"https:\/\/api.w.org\/{rel}","templated":true}]}}