{"id":47581,"date":"2024-07-30T18:46:42","date_gmt":"2024-09-12T13:45:03","guid":{"rendered":"https:\/\/staging.nbg.eu\/product\/surefire-dg-11-switch\/"},"modified":"2024-09-12T13:45:47","modified_gmt":"2024-09-12T13:45:47","slug":"surefire-dg-11-kapcsolo","status":"publish","type":"product","link":"https:\/\/staging.nbg.eu\/hu\/termek\/surefire-dg-11-kapcsolo\/","title":{"rendered":"SureFire DG-11 Kapcsolo"},"content":{"rendered":"<div class=\"product-description\">\n<h2>SureFire DG-11 KAPCSOL\u00d3<\/h2>\n<p>A SureFire DG-11 KAPCSOL\u00d3 kifejezetten a Glock Gen 3\/4\/5 pisztolyokhoz k\u00e9sz\u00fclt, kieg\u00e9sz\u00edt\u0151 s\u00ednnel. Ez a markolatkapcsol\u00f3 a k\u00f6vetkez\u0151ket k\u00edn\u00e1lja:<\/p>\n<ul>\n<li>Fegyverl\u00e1mp\u00e1k aktiv\u00e1l\u00e1sa a markolat felenged\u00e9se n\u00e9lk\u00fcl<\/li>\n<li>K\u00e9tkezes pillanatnyi \u00e9s \u00e1lland\u00f3 be\/ki nyom\u00f3\/\u00e1tkapcsol\u00f3 gomb<\/li>\n<li>Minim\u00e1lis k\u00f6z\u00e9pen elhelyezett pad a pontos ir\u00e1ny\u00edt\u00e1shoz<\/li>\n<li>Kompatibilis az X-sorozat\u00fa fegyverl\u00e1mp\u00e1kkal (kiv\u00e9ve XH50G)<\/li>\n<\/ul>\n<p>A DG-11 lehet\u0151v\u00e9 teszi a felhaszn\u00e1l\u00f3k sz\u00e1m\u00e1ra, hogy ujjnyom\u00e1ssal aktiv\u00e1lj\u00e1k a l\u00e1mp\u00e1t, mik\u00f6zben szil\u00e1rdan fogj\u00e1k a fegyvert. Ez az ergonomikus kialak\u00edt\u00e1s gyors \u00e9s pontos l\u00e1mpahaszn\u00e1latot biztos\u00edt stresszes helyzetekben, \u00edgy hasznos kieg\u00e9sz\u00edt\u0151 a rendv\u00e9delmi szervek, katonai szem\u00e9lyzet \u00e9s felel\u0151s fegyvertulajdonosok sz\u00e1m\u00e1ra.<\/p>\n<\/div>\n","protected":false},"excerpt":{"rendered":"<p>Markolatba szerelt kapcsol\u00f3 a Glock pisztolyok fegyverl\u00e1mp\u00e1j\u00e1nak pontos ir\u00e1ny\u00edt\u00e1s\u00e1hoz.<\/p>\n","protected":false},"featured_media":47582,"template":"","meta":{"_acf_changed":false},"product_brand":[11863],"product_cat":[12982,12958,12951],"product_tag":[],"class_list":{"0":"post-47581","1":"product","2":"type-product","3":"status-publish","4":"has-post-thumbnail","6":"product_brand-surefire","7":"product_cat-lampa-kiegeszitok","8":"product_cat-lampak","9":"product_cat-pisztoly-lampak","11":"first","12":"instock","13":"taxable","14":"shipping-taxable","15":"purchasable","16":"product-type-simple"},"acf":[],"_links":{"self":[{"href":"https:\/\/staging.nbg.eu\/hu\/wp-json\/wp\/v2\/product\/47581","targetHints":{"allow":["GET"]}}],"collection":[{"href":"https:\/\/staging.nbg.eu\/hu\/wp-json\/wp\/v2\/product"}],"about":[{"href":"https:\/\/staging.nbg.eu\/hu\/wp-json\/wp\/v2\/types\/product"}],"wp:featuredmedia":[{"embeddable":true,"href":"https:\/\/staging.nbg.eu\/hu\/wp-json\/wp\/v2\/media\/47582"}],"wp:attachment":[{"href":"https:\/\/staging.nbg.eu\/hu\/wp-json\/wp\/v2\/media?parent=47581"}],"wp:term":[{"taxonomy":"product_brand","embeddable":true,"href":"https:\/\/staging.nbg.eu\/hu\/wp-json\/wp\/v2\/product_brand?post=47581"},{"taxonomy":"product_cat","embeddable":true,"href":"https:\/\/staging.nbg.eu\/hu\/wp-json\/wp\/v2\/product_cat?post=47581"},{"taxonomy":"product_tag","embeddable":true,"href":"https:\/\/staging.nbg.eu\/hu\/wp-json\/wp\/v2\/product_tag?post=47581"}],"curies":[{"name":"wp","href":"https:\/\/api.w.org\/{rel}","templated":true}]}}