{"id":47447,"date":"2024-07-30T18:47:47","date_gmt":"2024-09-12T13:39:55","guid":{"rendered":"https:\/\/staging.nbg.eu\/product\/surefire-x400t-a-rd\/"},"modified":"2025-02-19T15:09:49","modified_gmt":"2025-02-19T15:09:49","slug":"surefire-x400t-a-rd","status":"publish","type":"product","link":"https:\/\/staging.nbg.eu\/hu\/termek\/surefire-x400t-a-rd\/","title":{"rendered":"SureFire X400T-A-RD"},"content":{"rendered":"<div class=\"product-description\">\n<h2>SureFire X400T-A-RD (V\u00f6r\u00f6s L\u00e9zeres) Fegyverl\u00e1mpa<\/h2>\n<p>A SureFire X400T-A-RD egy taktikai l\u00e1mpa. 66 000 kandela<br \/>\ncs\u00facs sug\u00e1rz\u00e1si intenzit\u00e1ssal \u00e9s 650 lumen f\u00e9nyer\u0151vel rendelkezik.<br \/>\nA l\u00e1mpa jellemz\u0151i:<\/p>\n<ul>\n<li>Be\u00e9p\u00edtett 5 milliwattos v\u00f6r\u00f6s l\u00e9zer<\/li>\n<li>Turbo sug\u00e1rnyal\u00e1b minta<\/li>\n<li>Kar-reteszes r\u00f6gz\u00edt\u0151 rendszer Universal \u00e9s Picatinny s\u00ednekhez<\/li>\n<li>K\u00e9tkezes kapcsol\u00f3rendszer<\/li>\n<li>Kompatibilis a megl\u00e9v\u0151 X300U-A tokkal<\/li>\n<li>Rep\u00fcl\u0151g\u00e9p-min\u0151s\u00e9g\u0171 alum\u00ednium test katonai specifik\u00e1ci\u00f3j\u00fa<br \/>\nelox\u00e1lt bevonattal<\/li>\n<li>IPX7 v\u00edz\u00e1ll\u00f3s\u00e1gi besorol\u00e1s (1 m\u00e9ter 30 percig)<\/li>\n<li>1,5 \u00f3ra \u00fczemid\u0151 k\u00e9t mell\u00e9kelt 123A l\u00edtium elemmel<\/li>\n<\/ul>\n<p>Az X400T-A-RD feh\u00e9r f\u00e9nyt \u00e9s v\u00f6r\u00f6s l\u00e9zert kombin\u00e1l.<br \/>\nK\u00e9tkezes kapcsol\u00f3val rendelkezik az egyujjas ir\u00e1ny\u00edt\u00e1shoz,<br \/>\n\u00e9s ellen\u00e1ll\u00f3 testtel.<\/p>\n<\/div>\n","protected":false},"excerpt":{"rendered":"<p>SureFire X400T-A-RD: 650 lumenes taktikai l\u00e1mpa v\u00f6r\u00f6s l\u00e9zerrel, s\u00ednre szerelhet\u0151.<\/p>\n","protected":false},"featured_media":47448,"template":"","meta":{"_acf_changed":false},"product_brand":[11863],"product_cat":[12958,12924,12951],"product_tag":[],"class_list":{"0":"post-47447","1":"product","2":"type-product","3":"status-publish","4":"has-post-thumbnail","6":"product_brand-surefire","7":"product_cat-lampak","8":"product_cat-pisztoly","9":"product_cat-pisztoly-lampak","11":"first","12":"instock","13":"taxable","14":"shipping-taxable","15":"purchasable","16":"product-type-simple"},"acf":[],"_links":{"self":[{"href":"https:\/\/staging.nbg.eu\/hu\/wp-json\/wp\/v2\/product\/47447","targetHints":{"allow":["GET"]}}],"collection":[{"href":"https:\/\/staging.nbg.eu\/hu\/wp-json\/wp\/v2\/product"}],"about":[{"href":"https:\/\/staging.nbg.eu\/hu\/wp-json\/wp\/v2\/types\/product"}],"wp:featuredmedia":[{"embeddable":true,"href":"https:\/\/staging.nbg.eu\/hu\/wp-json\/wp\/v2\/media\/47448"}],"wp:attachment":[{"href":"https:\/\/staging.nbg.eu\/hu\/wp-json\/wp\/v2\/media?parent=47447"}],"wp:term":[{"taxonomy":"product_brand","embeddable":true,"href":"https:\/\/staging.nbg.eu\/hu\/wp-json\/wp\/v2\/product_brand?post=47447"},{"taxonomy":"product_cat","embeddable":true,"href":"https:\/\/staging.nbg.eu\/hu\/wp-json\/wp\/v2\/product_cat?post=47447"},{"taxonomy":"product_tag","embeddable":true,"href":"https:\/\/staging.nbg.eu\/hu\/wp-json\/wp\/v2\/product_tag?post=47447"}],"curies":[{"name":"wp","href":"https:\/\/api.w.org\/{rel}","templated":true}]}}