{"id":47231,"date":"2024-07-30T18:50:58","date_gmt":"2024-09-12T13:12:27","guid":{"rendered":"https:\/\/staging.nbg.eu\/product\/surefire-b12-lithium-polymer-battery\/"},"modified":"2024-09-12T13:13:11","modified_gmt":"2024-09-12T13:13:11","slug":"surefire-b12-litium-polimer-akkumulator","status":"publish","type":"product","link":"https:\/\/staging.nbg.eu\/hu\/termek\/surefire-b12-litium-polimer-akkumulator\/","title":{"rendered":"SureFire B12 Litium Polimer Akkumulator"},"content":{"rendered":"<div class=\"product-description\">\n<h2>SureFire B12 L\u00cdTIUM-POLIMER AKKUMUL\u00c1TOR<\/h2>\n<p>A SureFire XSC sorozat\u00fa mikro-kompakt fegyverl\u00e1mp\u00e1khoz haszn\u00e1lhat\u00f3 B12 l\u00edtium-polimer akkumul\u00e1tor. Ez a gyorsan lev\u00e1laszthat\u00f3, \u00fajrat\u00f6lthet\u0151 akkumul\u00e1tor gyors cser\u00e9re tervezt\u00e9k an\u00e9lk\u00fcl, hogy az XSC-t el kellene t\u00e1vol\u00edtani a pisztolyr\u00f3l.<\/p>\n<ul>\n<li>Kifejezetten a SureFire XSC fegyverl\u00e1mp\u00e1khoz tervezve<\/li>\n<li>Ak\u00e1r 30 perc m\u0171k\u00f6d\u00e9si id\u0151t biztos\u00edt 350 lumen f\u00e9nyer\u0151n<\/li>\n<li>Gombnyom\u00e1sos t\u00f6lt\u00f6tts\u00e9gjelz\u0151 a gyors \u00e1llapotellen\u0151rz\u00e9shez<\/li>\n<li>Kompatibilis a SureFire CH21 t\u00f6lt\u0151b\u00f6lcs\u0151vel az egyszer\u0171 \u00fajrat\u00f6lt\u00e9shez<\/li>\n<li>K\u00f6lts\u00e9ghat\u00e9kony megold\u00e1s hossz\u00fa t\u00e1v\u00fa haszn\u00e1latra<\/li>\n<\/ul>\n<p>A SureFire B12 az XSC fegyverl\u00e1mp\u00e1k energiaforr\u00e1sa.<\/p>\n<\/div>\n","protected":false},"excerpt":{"rendered":"<p>\u00dajrat\u00f6lthet\u0151 akkumul\u00e1tor SureFire XSC fegyverl\u00e1mpa sz\u00e1m\u00e1ra. Gyors csere, 30 perces \u00fczemid\u0151.<\/p>\n","protected":false},"featured_media":47232,"template":"","meta":{"_acf_changed":false},"product_brand":[11863],"product_cat":[12906,12958],"product_tag":[],"class_list":{"0":"post-47231","1":"product","2":"type-product","3":"status-publish","4":"has-post-thumbnail","6":"product_brand-surefire","7":"product_cat-akkumulatorok","8":"product_cat-lampak","10":"first","11":"instock","12":"taxable","13":"shipping-taxable","14":"purchasable","15":"product-type-simple"},"acf":[],"_links":{"self":[{"href":"https:\/\/staging.nbg.eu\/hu\/wp-json\/wp\/v2\/product\/47231","targetHints":{"allow":["GET"]}}],"collection":[{"href":"https:\/\/staging.nbg.eu\/hu\/wp-json\/wp\/v2\/product"}],"about":[{"href":"https:\/\/staging.nbg.eu\/hu\/wp-json\/wp\/v2\/types\/product"}],"wp:featuredmedia":[{"embeddable":true,"href":"https:\/\/staging.nbg.eu\/hu\/wp-json\/wp\/v2\/media\/47232"}],"wp:attachment":[{"href":"https:\/\/staging.nbg.eu\/hu\/wp-json\/wp\/v2\/media?parent=47231"}],"wp:term":[{"taxonomy":"product_brand","embeddable":true,"href":"https:\/\/staging.nbg.eu\/hu\/wp-json\/wp\/v2\/product_brand?post=47231"},{"taxonomy":"product_cat","embeddable":true,"href":"https:\/\/staging.nbg.eu\/hu\/wp-json\/wp\/v2\/product_cat?post=47231"},{"taxonomy":"product_tag","embeddable":true,"href":"https:\/\/staging.nbg.eu\/hu\/wp-json\/wp\/v2\/product_tag?post=47231"}],"curies":[{"name":"wp","href":"https:\/\/api.w.org\/{rel}","templated":true}]}}