{"id":47193,"date":"2024-07-30T18:50:58","date_gmt":"2024-07-30T18:50:58","guid":{"rendered":"https:\/\/staging.nbg.eu\/product\/surefire-sflfp123-batteries-charger\/"},"modified":"2024-09-12T13:08:39","modified_gmt":"2024-09-12T13:08:39","slug":"surefire-sflfp123-elemek-tolto","status":"publish","type":"product","link":"https:\/\/staging.nbg.eu\/hu\/termek\/surefire-sflfp123-elemek-tolto\/","title":{"rendered":"SureFire SFLFP123 Elemek + tolto"},"content":{"rendered":"<p>SureFire SFLFP123 akkumul\u00e1tor \u00e9s t\u00f6lt\u0151 k\u00e9szlet<\/p>\n<ul>\n<li>Az \u00fajrat\u00f6lthet\u0151 SFLFP123 akkumul\u00e1torok k\u00f6lts\u00e9ghat\u00e9konyabbak, mint az eldobhat\u00f3 123A l\u00edtium elemek<\/li>\n<li>Nem tartalmaz vesz\u00e9lyes neh\u00e9zf\u00e9meket<\/li>\n<li>K\u00e9trekeszes t\u00f6lt\u0151 az otthoni vagy \u00fatk\u00f6zbeni felt\u00f6lt\u00e9shez<\/li>\n<li>A k\u00e9szlet tartalma:\n<ul>\n<li>K\u00e9t l\u00edtium-vas-foszf\u00e1t (LiFePO4) 450mAh 3,2V \u00fajrat\u00f6lthet\u0151 cella<\/li>\n<li>K\u00e9trekeszes akkumul\u00e1tort\u00f6lt\u0151<\/li>\n<li>MICRO-USB &#8211; USB-A k\u00e1bel<\/li>\n<\/ul>\n<\/li>\n<\/ul>\n<p>SureFire SFLFP123 akkumul\u00e1tor \u00e9s t\u00f6lt\u0151 k\u00e9szlet<\/p>\n","protected":false},"excerpt":{"rendered":"<p>\u00dajrat\u00f6lthet\u0151 LiFePO4 akkumul\u00e1torok t\u00f6lt\u0151vel. K\u00f6rnyezetbar\u00e1t, k\u00f6lts\u00e9ghat\u00e9kony.<\/p>\n","protected":false},"featured_media":47171,"template":"","meta":{"_acf_changed":false},"product_brand":[11863],"product_cat":[12906,12982,12958],"product_tag":[],"class_list":{"0":"post-47193","1":"product","2":"type-product","3":"status-publish","4":"has-post-thumbnail","6":"product_brand-surefire","7":"product_cat-akkumulatorok","8":"product_cat-lampa-kiegeszitok","9":"product_cat-lampak","11":"first","12":"outofstock","13":"taxable","14":"shipping-taxable","15":"purchasable","16":"product-type-simple"},"acf":[],"_links":{"self":[{"href":"https:\/\/staging.nbg.eu\/hu\/wp-json\/wp\/v2\/product\/47193","targetHints":{"allow":["GET"]}}],"collection":[{"href":"https:\/\/staging.nbg.eu\/hu\/wp-json\/wp\/v2\/product"}],"about":[{"href":"https:\/\/staging.nbg.eu\/hu\/wp-json\/wp\/v2\/types\/product"}],"wp:featuredmedia":[{"embeddable":true,"href":"https:\/\/staging.nbg.eu\/hu\/wp-json\/wp\/v2\/media\/47171"}],"wp:attachment":[{"href":"https:\/\/staging.nbg.eu\/hu\/wp-json\/wp\/v2\/media?parent=47193"}],"wp:term":[{"taxonomy":"product_brand","embeddable":true,"href":"https:\/\/staging.nbg.eu\/hu\/wp-json\/wp\/v2\/product_brand?post=47193"},{"taxonomy":"product_cat","embeddable":true,"href":"https:\/\/staging.nbg.eu\/hu\/wp-json\/wp\/v2\/product_cat?post=47193"},{"taxonomy":"product_tag","embeddable":true,"href":"https:\/\/staging.nbg.eu\/hu\/wp-json\/wp\/v2\/product_tag?post=47193"}],"curies":[{"name":"wp","href":"https:\/\/api.w.org\/{rel}","templated":true}]}}