{"id":47127,"date":"2024-07-30T18:50:58","date_gmt":"2024-07-30T18:50:58","guid":{"rendered":"https:\/\/staging.nbg.eu\/product\/surefire-sflfp123-batteries-2-pack\/"},"modified":"2024-09-12T13:04:27","modified_gmt":"2024-09-12T13:04:27","slug":"surefire-sflfp123-elemek-2-db","status":"publish","type":"product","link":"https:\/\/staging.nbg.eu\/hu\/termek\/surefire-sflfp123-elemek-2-db\/","title":{"rendered":"SureFire SFLFP123 Elemek 2 db"},"content":{"rendered":"<div class=\"product-description\">\n<h2>SureFire SFLFP123 Elemek &#8211; 2 darabos csomag<\/h2>\n<p>M\u0171k\u00f6dtesse eszk\u00f6zeit SureFire SFLFP123 elemekkel. Ez a 2 darabos l\u00edtium-foszf\u00e1t elem csomag a k\u00f6vetkez\u0151ket k\u00edn\u00e1lja:<\/p>\n<ul>\n<li>Energiaell\u00e1t\u00e1s zsebl\u00e1mp\u00e1khoz, fegyverl\u00e1m\u00e1khoz \u00e9s egy\u00e9b eszk\u00f6z\u00f6kh\u00f6z<\/li>\n<li>3,2V n\u00e9vleges fesz\u00fclts\u00e9g 1500mAh kapacit\u00e1ssal<\/li>\n<li>Sz\u00e9ls\u0151s\u00e9ges h\u0151m\u00e9rs\u00e9klet-ellen\u00e1ll\u00e1s (-40\u00b0C \u00e9s 60\u00b0C k\u00f6z\u00f6tt)<\/li>\n<li>10 \u00e9ves \u00e9lettartam v\u00e9szhelyzeti felk\u00e9sz\u00fcl\u00e9shez<\/li>\n<li>Ak\u00e1r 500-szor \u00fajrat\u00f6lthet\u0151<\/li>\n<li>Az Egyes\u00fclt \u00c1llamokban gy\u00e1rtva a min\u0151s\u00e9g biztos\u00edt\u00e1sa \u00e9rdek\u00e9ben<\/li>\n<\/ul>\n<p>Ezek a kompakt, k\u00f6nny\u0171 elemek k\u00f6vetkezetes teljes\u00edtm\u00e9nyt ny\u00fajtanak ig\u00e9nyes helyzetekben.<\/p>\n<\/div>\n","protected":false},"excerpt":{"rendered":"<p>SureFire SFLFP123 elemek: Nagy teljes\u00edtm\u00e9ny\u0171 3V-os l\u00edtium-foszf\u00e1t cell\u00e1k, maxim\u00e1lis teljes\u00edtm\u00e9nyre \u00e9s \u00e9lettartamra tervezve. Ez a 2 darabos csomag megb\u00edzhat\u00f3 energi\u00e1t biztos\u00edt zsebl\u00e1mp\u00e1khoz, fegyverf\u00e9nyekhez \u00e9s egy\u00e9b eszk\u00f6z\u00f6kh\u00f6z. B\u00edzzon a SureFire min\u0151s\u00e9g\u00e9ben a konzisztens, hosszan tart\u00f3 energi\u00e1\u00e9rt kompakt m\u00e9retben.<\/p>\n","protected":false},"featured_media":47128,"template":"","meta":{"_acf_changed":false},"product_brand":[11863],"product_cat":[12906,12957,12926,12982,12958],"product_tag":[],"class_list":{"0":"post-47127","1":"product","2":"type-product","3":"status-publish","4":"has-post-thumbnail","6":"product_brand-surefire","7":"product_cat-akkumulatorok","8":"product_cat-edc","9":"product_cat-edc-lampak","10":"product_cat-lampa-kiegeszitok","11":"product_cat-lampak","13":"first","14":"instock","15":"taxable","16":"shipping-taxable","17":"purchasable","18":"product-type-simple"},"acf":[],"_links":{"self":[{"href":"https:\/\/staging.nbg.eu\/hu\/wp-json\/wp\/v2\/product\/47127","targetHints":{"allow":["GET"]}}],"collection":[{"href":"https:\/\/staging.nbg.eu\/hu\/wp-json\/wp\/v2\/product"}],"about":[{"href":"https:\/\/staging.nbg.eu\/hu\/wp-json\/wp\/v2\/types\/product"}],"wp:featuredmedia":[{"embeddable":true,"href":"https:\/\/staging.nbg.eu\/hu\/wp-json\/wp\/v2\/media\/47128"}],"wp:attachment":[{"href":"https:\/\/staging.nbg.eu\/hu\/wp-json\/wp\/v2\/media?parent=47127"}],"wp:term":[{"taxonomy":"product_brand","embeddable":true,"href":"https:\/\/staging.nbg.eu\/hu\/wp-json\/wp\/v2\/product_brand?post=47127"},{"taxonomy":"product_cat","embeddable":true,"href":"https:\/\/staging.nbg.eu\/hu\/wp-json\/wp\/v2\/product_cat?post=47127"},{"taxonomy":"product_tag","embeddable":true,"href":"https:\/\/staging.nbg.eu\/hu\/wp-json\/wp\/v2\/product_tag?post=47127"}],"curies":[{"name":"wp","href":"https:\/\/api.w.org\/{rel}","templated":true}]}}