{"id":47053,"date":"2024-07-30T19:06:10","date_gmt":"2024-09-12T12:56:05","guid":{"rendered":"https:\/\/staging.nbg.eu\/product\/iosso-ar-rifle-complete-cleaning-kit\/"},"modified":"2024-09-12T12:56:54","modified_gmt":"2024-09-12T12:56:54","slug":"iosso-ar-puska-teljes-tisztitokeszlet","status":"publish","type":"product","link":"https:\/\/staging.nbg.eu\/hu\/termek\/iosso-ar-puska-teljes-tisztitokeszlet\/","title":{"rendered":"Iosso AR Puska Teljes Tisztitokeszlet"},"content":{"rendered":"<div class=\"product-description\">\n<h2>Iosso AR puska teljes tiszt\u00edt\u00f3k\u00e9szlet<\/h2>\n<p>L\u0151fegyver karbantart\u00e1s\u00e1hoz. Jellemz\u0151k:<\/p>\n<ul>\n<li>6 m\u00e9retpontos kefe alapos tiszt\u00edt\u00e1shoz<\/li>\n<li>Fels\u0151 vev\u0151szerkezet, kamra, z\u00e1rdugatty\u00fa, .223\/.30 \u0171rm\u00e9ret, kulcscs\u0151 \u00e9s g\u00e1zcs\u0151 tiszt\u00edt\u00e1s\u00e1ra<\/li>\n<li>G\u00e1zcs\u0151 kefe sz\u00e9tszerel\u00e9s n\u00e9lk\u00fcli tiszt\u00edt\u00e1shoz<\/li>\n<li>Tartalmazza a sz\u00fcks\u00e9ges eszk\u00f6z\u00f6ket, rudat \u00e9s k\u00f6telet<\/li>\n<li>Pisztolyokhoz, pusk\u00e1khoz \u00e9s s\u00f6r\u00e9tes pusk\u00e1khoz haszn\u00e1lhat\u00f3<\/li>\n<li>Hordt\u00e1sk\u00e1val<\/li>\n<\/ul>\n<p>Iosso cs\u0151tiszt\u00edt\u00f3val \u00e9s h\u00e1rmas hat\u00e1s\u00fa olajjal haszn\u00e1lhat\u00f3 (k\u00fcl\u00f6n kaphat\u00f3).<\/p>\n<\/div>\n","protected":false},"excerpt":{"rendered":"<p>\u00c1tfog\u00f3 AR puska tiszt\u00edt\u00f3k\u00e9szlet 6 kef\u00e9vel \u00e9s alapvet\u0151 eszk\u00f6z\u00f6kkel.<\/p>\n","protected":false},"featured_media":107638,"template":"","meta":{"_acf_changed":false},"product_brand":[11475],"product_cat":[12948,12975,12913],"product_tag":[],"class_list":{"0":"post-47053","1":"product","2":"type-product","3":"status-publish","4":"has-post-thumbnail","6":"product_brand-iosso","7":"product_cat-fegyvertisztitas","8":"product_cat-kefek","9":"product_cat-tisztito-keszletek","10":"pa_model-ar-308-hu-2","11":"pa_model-ar-15-hu","13":"first","14":"instock","15":"taxable","16":"shipping-taxable","17":"purchasable","18":"product-type-variable","19":"wvs-archive-product-wrapper"},"acf":[],"_links":{"self":[{"href":"https:\/\/staging.nbg.eu\/hu\/wp-json\/wp\/v2\/product\/47053","targetHints":{"allow":["GET"]}}],"collection":[{"href":"https:\/\/staging.nbg.eu\/hu\/wp-json\/wp\/v2\/product"}],"about":[{"href":"https:\/\/staging.nbg.eu\/hu\/wp-json\/wp\/v2\/types\/product"}],"wp:featuredmedia":[{"embeddable":true,"href":"https:\/\/staging.nbg.eu\/hu\/wp-json\/wp\/v2\/media\/107638"}],"wp:attachment":[{"href":"https:\/\/staging.nbg.eu\/hu\/wp-json\/wp\/v2\/media?parent=47053"}],"wp:term":[{"taxonomy":"product_brand","embeddable":true,"href":"https:\/\/staging.nbg.eu\/hu\/wp-json\/wp\/v2\/product_brand?post=47053"},{"taxonomy":"product_cat","embeddable":true,"href":"https:\/\/staging.nbg.eu\/hu\/wp-json\/wp\/v2\/product_cat?post=47053"},{"taxonomy":"product_tag","embeddable":true,"href":"https:\/\/staging.nbg.eu\/hu\/wp-json\/wp\/v2\/product_tag?post=47053"}],"curies":[{"name":"wp","href":"https:\/\/api.w.org\/{rel}","templated":true}]}}