{"id":46955,"date":"2024-07-30T19:11:42","date_gmt":"2024-09-12T12:43:07","guid":{"rendered":"https:\/\/staging.nbg.eu\/product\/surefire-scout-light-rear-cap\/"},"modified":"2024-09-12T12:43:53","modified_gmt":"2024-09-12T12:43:53","slug":"surefire-scout-light-hatsosapka","status":"publish","type":"product","link":"https:\/\/staging.nbg.eu\/hu\/termek\/surefire-scout-light-hatsosapka\/","title":{"rendered":"SureFire Scout Light Hatsosapka"},"content":{"rendered":"<div class=\"product-description\">\n<h2>SureFire SCOUT LIGHT H\u00c1TS\u00d3 SAPKA<\/h2>\n<p>A SureFire SCOUT LIGHT H\u00c1TS\u00d3 SAPKA egy cser\u00e9lhet\u0151 h\u00e1ts\u00f3 sapka szerelv\u00e9ny a Scout Light-hoz, amely nagyobb sokoldal\u00fas\u00e1got \u00e9s funkcionalit\u00e1st biztos\u00edt.<\/p>\n<h3>F\u0151 jellemz\u0151k:<\/h3>\n<ul>\n<li>Kompatibilis SureFire szalagkapcsol\u00f3kkal (ST07 nem tartoz\u00e9k)<\/li>\n<li>Lez\u00e1r\u00f3 funkci\u00f3 megakad\u00e1lyozza a v\u00e9letlen aktiv\u00e1l\u00e1st<\/li>\n<li>Rep\u00fcl\u0151g\u00e9p-min\u0151s\u00e9g\u0171 alum\u00ednium szerkezet<\/li>\n<li>Katonai min\u0151s\u00e9g\u0171 Type III kem\u00e9ny elox\u00e1lt fel\u00fclet<\/li>\n<li>Fekete vagy Sivatagi barna sz\u00ednben el\u00e9rhet\u0151<\/li>\n<\/ul>\n<p>Ez a h\u00e1ts\u00f3 sapka szerelv\u00e9ny lehet\u0151v\u00e9 teszi SureFire szalagkapcsol\u00f3 csatlakoztat\u00e1s\u00e1t, nagyobb ir\u00e1ny\u00edt\u00e1st \u00e9s rugalmass\u00e1got biztos\u00edtva. A lez\u00e1r\u00f3 funkci\u00f3 biztons\u00e1got ny\u00fajt sz\u00e1ll\u00edt\u00e1s \u00e9s t\u00e1rol\u00e1s sor\u00e1n.<\/p>\n<h3>Kompatibilit\u00e1s:<\/h3>\n<p>Illeszkedik a Scout Light fegyverl\u00e1mp\u00e1khoz \u00e9s zsebl\u00e1mp\u00e1khoz 0,75&#8243; \u00e1tm\u00e9r\u0151j\u0171 kapcsol\u00f3val, bele\u00e9rtve:<\/p>\n<ul>\n<li>E1E-HA, E1B, E1L-HA-WH<\/li>\n<li>E2D-BK, E2DL-BK, E2L-HA-WH<\/li>\n<li>L4-HA-WH<\/li>\n<\/ul>\n<p><strong>Megjegyz\u00e9s:<\/strong> Nem kompatibilis a Micro Scout Light Pro-val<\/p>\n<p>Ez a tart\u00f3s \u00e9s sokoldal\u00fa h\u00e1ts\u00f3 sapka szerelv\u00e9ny jav\u00edtja a Scout Light teljes\u00edtm\u00e9ny\u00e9t.<\/p>\n<\/div>\n","protected":false},"excerpt":{"rendered":"<p>P\u00f3tl\u00f3 h\u00e1ts\u00f3 sapka Scout l\u00e1mp\u00e1khoz. Lehet\u0151v\u00e9 teszi a szalagkapcsol\u00f3 haszn\u00e1lat\u00e1t.<\/p>\n","protected":false},"featured_media":46956,"template":"","meta":{"_acf_changed":false},"product_brand":[11863],"product_cat":[12982,12958,12967],"product_tag":[],"class_list":{"0":"post-46955","1":"product","2":"type-product","3":"status-publish","4":"has-post-thumbnail","6":"product_brand-surefire","7":"product_cat-lampa-kiegeszitok","8":"product_cat-lampak","9":"product_cat-puska","11":"first","12":"instock","13":"taxable","14":"shipping-taxable","15":"purchasable","16":"product-type-variable","17":"wvs-archive-product-wrapper"},"acf":[],"_links":{"self":[{"href":"https:\/\/staging.nbg.eu\/hu\/wp-json\/wp\/v2\/product\/46955","targetHints":{"allow":["GET"]}}],"collection":[{"href":"https:\/\/staging.nbg.eu\/hu\/wp-json\/wp\/v2\/product"}],"about":[{"href":"https:\/\/staging.nbg.eu\/hu\/wp-json\/wp\/v2\/types\/product"}],"wp:featuredmedia":[{"embeddable":true,"href":"https:\/\/staging.nbg.eu\/hu\/wp-json\/wp\/v2\/media\/46956"}],"wp:attachment":[{"href":"https:\/\/staging.nbg.eu\/hu\/wp-json\/wp\/v2\/media?parent=46955"}],"wp:term":[{"taxonomy":"product_brand","embeddable":true,"href":"https:\/\/staging.nbg.eu\/hu\/wp-json\/wp\/v2\/product_brand?post=46955"},{"taxonomy":"product_cat","embeddable":true,"href":"https:\/\/staging.nbg.eu\/hu\/wp-json\/wp\/v2\/product_cat?post=46955"},{"taxonomy":"product_tag","embeddable":true,"href":"https:\/\/staging.nbg.eu\/hu\/wp-json\/wp\/v2\/product_tag?post=46955"}],"curies":[{"name":"wp","href":"https:\/\/api.w.org\/{rel}","templated":true}]}}