{"id":46879,"date":"2024-07-30T19:11:42","date_gmt":"2024-09-12T12:28:40","guid":{"rendered":"https:\/\/staging.nbg.eu\/product\/surefire-csm-07-weaponlight-switch\/"},"modified":"2024-09-12T12:29:27","modified_gmt":"2024-09-12T12:29:27","slug":"surefire-csm-07-fegyverlampa-kapcsolo","status":"publish","type":"product","link":"https:\/\/staging.nbg.eu\/hu\/termek\/surefire-csm-07-fegyverlampa-kapcsolo\/","title":{"rendered":"SureFire CSM-07 Fegyverlampa Kapcsolo"},"content":{"rendered":"<h2>SureFire CSM-07 FEGYVERL\u00c1MP\u00c1HOZ KAPCSOL\u00d3<\/h2>\n<p>A SureFire CSM-07 FEGYVERL\u00c1MP\u00c1HOZ KAPCSOL\u00d3 egy t\u00e1voli aktiv\u00e1l\u00e1s\u00fa rendszer, amely b\u00e1rmely SureFire fegyverl\u00e1mp\u00e1hoz haszn\u00e1lhat\u00f3, amely kapcsol\u00f3 aljzattal rendelkezik.<\/p>\n<h2>F\u0151 jellemz\u0151k:<\/h2>\n<ul>\n<li>Egyszeres kapcsol\u00f3 pillanatnyi \u00e9s folyamatos bekapcsol\u00e1shoz<\/li>\n<li>M-LOK s\u00ednhez csatlakoztathat\u00f3 a mell\u00e9kelt r\u00f6gz\u00edt\u0151vel<\/li>\n<li>Helytakar\u00e9kos kialak\u00edt\u00e1s<\/li>\n<li>Tart\u00f3s polimer h\u00e1z<\/li>\n<li>SureFire szabv\u00e1nyok szerint tervezve<\/li>\n<\/ul>\n<p>A CSM-07 gyors ir\u00e1ny\u00edt\u00e1st biztos\u00edt: enyhe nyom\u00e1s a pillanatnyi bekapcsol\u00e1shoz, vagy teljes lenyom\u00e1s a folyamatos m\u0171k\u00f6d\u00e9shez. Kompakt kialak\u00edt\u00e1sa helyet takar\u00edt meg a s\u00ednen.<\/p>\n<h2>Kompatibilit\u00e1s:<\/h2>\n<p>Illeszkedik a csatlakoz\u00f3 aljzattal rendelkez\u0151 SureFire fegyverl\u00e1mp\u00e1khoz, bele\u00e9rtve a Millennium Universal, Classic Universal, Scout Light (csatlakoz\u00f3s v\u00e9gsapk\u00e1val), X300 \u00e9s X400 (XT v\u00e9gsapka szerelv\u00e9nnyel) modelleket.<\/p>\n<p>A CSM-07 megb\u00edzhat\u00f3 l\u00e1mpa-aktiv\u00e1l\u00e1st biztos\u00edt, amikor sz\u00fcks\u00e9g van r\u00e1.<\/p>\n","protected":false},"excerpt":{"rendered":"<p>T\u00e1vir\u00e1ny\u00edt\u00f3s SureFire fegyverl\u00e1mpa kapcsol\u00f3 M-LOK s\u00ednekhez. Kompakt kialak\u00edt\u00e1s.<\/p>\n","protected":false},"featured_media":46880,"template":"","meta":{"_acf_changed":false},"product_brand":[11863],"product_cat":[12982,12958],"product_tag":[],"class_list":{"0":"post-46879","1":"product","2":"type-product","3":"status-publish","4":"has-post-thumbnail","6":"product_brand-surefire","7":"product_cat-lampa-kiegeszitok","8":"product_cat-lampak","10":"first","11":"instock","12":"taxable","13":"shipping-taxable","14":"purchasable","15":"product-type-simple"},"acf":[],"_links":{"self":[{"href":"https:\/\/staging.nbg.eu\/hu\/wp-json\/wp\/v2\/product\/46879","targetHints":{"allow":["GET"]}}],"collection":[{"href":"https:\/\/staging.nbg.eu\/hu\/wp-json\/wp\/v2\/product"}],"about":[{"href":"https:\/\/staging.nbg.eu\/hu\/wp-json\/wp\/v2\/types\/product"}],"wp:featuredmedia":[{"embeddable":true,"href":"https:\/\/staging.nbg.eu\/hu\/wp-json\/wp\/v2\/media\/46880"}],"wp:attachment":[{"href":"https:\/\/staging.nbg.eu\/hu\/wp-json\/wp\/v2\/media?parent=46879"}],"wp:term":[{"taxonomy":"product_brand","embeddable":true,"href":"https:\/\/staging.nbg.eu\/hu\/wp-json\/wp\/v2\/product_brand?post=46879"},{"taxonomy":"product_cat","embeddable":true,"href":"https:\/\/staging.nbg.eu\/hu\/wp-json\/wp\/v2\/product_cat?post=46879"},{"taxonomy":"product_tag","embeddable":true,"href":"https:\/\/staging.nbg.eu\/hu\/wp-json\/wp\/v2\/product_tag?post=46879"}],"curies":[{"name":"wp","href":"https:\/\/api.w.org\/{rel}","templated":true}]}}