{"id":46793,"date":"2024-07-30T19:41:53","date_gmt":"2024-09-12T12:04:28","guid":{"rendered":"https:\/\/staging.nbg.eu\/product\/iosso-pistol-brush\/"},"modified":"2024-09-12T12:05:45","modified_gmt":"2024-09-12T12:05:45","slug":"iosso-pisztolykalacs","status":"publish","type":"product","link":"https:\/\/staging.nbg.eu\/hu\/termek\/iosso-pisztolykalacs\/","title":{"rendered":"Iosso Pisztolykalacs"},"content":{"rendered":"<p>\nAz <strong>Iosso pisztolykefe<\/strong> egy cs\u0151tiszt\u00edt\u00f3 eszk\u00f6z:<\/p>\n<ul>\n<li>K\u00e9k sz\u00edn\u0171 sz\u00e1lak az egyszer\u0171 azonos\u00edt\u00e1shoz<\/li>\n<li>Vastagabb, merevebb s\u00f6rt\u00e9k lehet\u0151v\u00e9 teszik az oda-vissza mozg\u00e1st<\/li>\n<li>8-10-szer tart\u00f3sabb, mint a hagyom\u00e1nyos kef\u00e9k<\/li>\n<li>S\u0171r\u0171bben tekert, t\u00f6bb sz\u00e1l van h\u00fcvelykenk\u00e9nt<\/li>\n<li>Alkalmas Iosso cs\u0151tiszt\u00edt\u00f3val \u00e9s h\u00e1rmas hat\u00e1s\u00fa oldattal val\u00f3 haszn\u00e1latra<\/li>\n<li>Hat\u00e9konyan elt\u00e1vol\u00edtja az \u00f6sszes szennyez\u0151d\u00e9st\u00edpust<\/li>\n<li>Cs\u00f6kkenti a tiszt\u00edt\u00e1si id\u0151t<\/li>\n<\/ul>\n<p>K\u00fcl\u00f6nb\u00f6z\u0151 l\u0151fegyver m\u00e9retekben kaphat\u00f3. A k\u00e9k kef\u00e9k az Iosso Products v\u00e9djegye.<\/p>\n","protected":false},"excerpt":{"rendered":"<p>Tart\u00f3s kobalt k\u00e9k pisztolykefe hat\u00e9kony \u00e9s alapos cs\u0151tiszt\u00edt\u00e1shoz.<\/p>\n","protected":false},"featured_media":107493,"template":"","meta":{"_acf_changed":false},"product_brand":[11475],"product_cat":[12948,12975],"product_tag":[],"class_list":{"0":"post-46793","1":"product","2":"type-product","3":"status-publish","4":"has-post-thumbnail","6":"product_brand-iosso","7":"product_cat-fegyvertisztitas","8":"product_cat-kefek","10":"first","11":"instock","12":"taxable","13":"shipping-taxable","14":"purchasable","15":"product-type-variable","16":"wvs-archive-product-wrapper"},"acf":[],"_links":{"self":[{"href":"https:\/\/staging.nbg.eu\/hu\/wp-json\/wp\/v2\/product\/46793","targetHints":{"allow":["GET"]}}],"collection":[{"href":"https:\/\/staging.nbg.eu\/hu\/wp-json\/wp\/v2\/product"}],"about":[{"href":"https:\/\/staging.nbg.eu\/hu\/wp-json\/wp\/v2\/types\/product"}],"wp:featuredmedia":[{"embeddable":true,"href":"https:\/\/staging.nbg.eu\/hu\/wp-json\/wp\/v2\/media\/107493"}],"wp:attachment":[{"href":"https:\/\/staging.nbg.eu\/hu\/wp-json\/wp\/v2\/media?parent=46793"}],"wp:term":[{"taxonomy":"product_brand","embeddable":true,"href":"https:\/\/staging.nbg.eu\/hu\/wp-json\/wp\/v2\/product_brand?post=46793"},{"taxonomy":"product_cat","embeddable":true,"href":"https:\/\/staging.nbg.eu\/hu\/wp-json\/wp\/v2\/product_cat?post=46793"},{"taxonomy":"product_tag","embeddable":true,"href":"https:\/\/staging.nbg.eu\/hu\/wp-json\/wp\/v2\/product_tag?post=46793"}],"curies":[{"name":"wp","href":"https:\/\/api.w.org\/{rel}","templated":true}]}}