{"id":46605,"date":"2024-07-30T19:46:24","date_gmt":"2024-09-11T16:04:14","guid":{"rendered":"https:\/\/staging.nbg.eu\/product\/iosso-rifle-brush\/"},"modified":"2024-09-11T16:06:01","modified_gmt":"2024-09-11T16:06:01","slug":"iosso-puskakalacs","status":"publish","type":"product","link":"https:\/\/staging.nbg.eu\/hu\/termek\/iosso-puskakalacs\/","title":{"rendered":"Iosso Puskakalacs"},"content":{"rendered":"<p>\nKobalt k\u00e9k puskakefe az Iosso Products-t\u00f3l. Jellemz\u0151k:<\/p>\n<ul>\n<li>Vastagabb, merevebb sz\u00e1lak az oda-vissza tiszt\u00edt\u00e1shoz<\/li>\n<li>S\u0171r\u0171n tekert, t\u00f6bb sz\u00e1l h\u00fcvelykenk\u00e9nt<\/li>\n<li>T\u00f6bbsz\u00f6r \u00fajrahaszn\u00e1lhat\u00f3<\/li>\n<li>Ide\u00e1lis az Iosso cs\u0151tiszt\u00edt\u00f3val val\u00f3 haszn\u00e1latra<\/li>\n<li>Minden t\u00edpus\u00fa szennyez\u0151d\u00e9st elt\u00e1vol\u00edt<\/li>\n<li>Jelent\u0151sen cs\u00f6kkenti a tiszt\u00edt\u00e1si id\u0151t<\/li>\n<\/ul>\n<p>Hat\u00e9kony cs\u0151tiszt\u00edt\u00e1st biztos\u00edt.<\/p>\n","protected":false},"excerpt":{"rendered":"<p>Tart\u00f3s kobaltk\u00e9k puskakefe a hat\u00e9kony \u00e9s hosszan tart\u00f3 cs\u0151tiszt\u00edt\u00e1shoz.<\/p>\n","protected":false},"featured_media":107424,"template":"","meta":{"_acf_changed":false},"product_brand":[11475],"product_cat":[12948,12975],"product_tag":[],"class_list":{"0":"post-46605","1":"product","2":"type-product","3":"status-publish","4":"has-post-thumbnail","6":"product_brand-iosso","7":"product_cat-fegyvertisztitas","8":"product_cat-kefek","10":"first","11":"instock","12":"taxable","13":"shipping-taxable","14":"purchasable","15":"product-type-variable","16":"wvs-archive-product-wrapper"},"acf":[],"_links":{"self":[{"href":"https:\/\/staging.nbg.eu\/hu\/wp-json\/wp\/v2\/product\/46605","targetHints":{"allow":["GET"]}}],"collection":[{"href":"https:\/\/staging.nbg.eu\/hu\/wp-json\/wp\/v2\/product"}],"about":[{"href":"https:\/\/staging.nbg.eu\/hu\/wp-json\/wp\/v2\/types\/product"}],"wp:featuredmedia":[{"embeddable":true,"href":"https:\/\/staging.nbg.eu\/hu\/wp-json\/wp\/v2\/media\/107424"}],"wp:attachment":[{"href":"https:\/\/staging.nbg.eu\/hu\/wp-json\/wp\/v2\/media?parent=46605"}],"wp:term":[{"taxonomy":"product_brand","embeddable":true,"href":"https:\/\/staging.nbg.eu\/hu\/wp-json\/wp\/v2\/product_brand?post=46605"},{"taxonomy":"product_cat","embeddable":true,"href":"https:\/\/staging.nbg.eu\/hu\/wp-json\/wp\/v2\/product_cat?post=46605"},{"taxonomy":"product_tag","embeddable":true,"href":"https:\/\/staging.nbg.eu\/hu\/wp-json\/wp\/v2\/product_tag?post=46605"}],"curies":[{"name":"wp","href":"https:\/\/api.w.org\/{rel}","templated":true}]}}