{"id":46445,"date":"2024-07-31T20:54:52","date_gmt":"2024-09-11T15:53:02","guid":{"rendered":"https:\/\/staging.nbg.eu\/product\/shotgun-brush\/"},"modified":"2024-09-11T15:53:51","modified_gmt":"2024-09-11T15:53:51","slug":"soretkalacs","status":"publish","type":"product","link":"https:\/\/staging.nbg.eu\/hu\/termek\/soretkalacs\/","title":{"rendered":"Soretkalacs"},"content":{"rendered":"<p>\nKobalt k\u00e9k s\u00f6r\u00e9tes puska kefe az Iosso Products-t\u00f3l. Jellemz\u0151k:<\/p>\n<ul>\n<li>Vastagabb, merevebb sz\u00e1lak az oda-vissza tiszt\u00edt\u00e1shoz<\/li>\n<li>Szorosra tekert, t\u00f6bb sz\u00e1l h\u00fcvelykenk\u00e9nt<\/li>\n<li>T\u00f6bbsz\u00f6r \u00fajrahaszn\u00e1lhat\u00f3<\/li>\n<li>Alkalmas az Iosso cs\u0151tiszt\u00edt\u00f3val val\u00f3 haszn\u00e1latra<\/li>\n<li>Elt\u00e1vol\u00edtja az \u00f6sszes szennyez\u0151d\u00e9st\u00edpust<\/li>\n<li>Jelent\u0151sen cs\u00f6kkenti a tiszt\u00edt\u00e1si id\u0151t<\/li>\n<\/ul>\n<p>Hat\u00e9kony cs\u0151tiszt\u00edt\u00e1st biztos\u00edt.<\/p>\n","protected":false},"excerpt":{"rendered":"<p>Pr\u00e9mium kobalt k\u00e9k cs\u0151kefe hat\u00e9kony \u00e9s alapos s\u00f6r\u00e9tes puska tiszt\u00edt\u00e1shoz.<\/p>\n","protected":false},"featured_media":46446,"template":"","meta":{"_acf_changed":false},"product_brand":[],"product_cat":[12948,12975],"product_tag":[],"class_list":{"0":"post-46445","1":"product","2":"type-product","3":"status-publish","4":"has-post-thumbnail","6":"product_cat-fegyvertisztitas","7":"product_cat-kefek","9":"first","10":"instock","11":"taxable","12":"shipping-taxable","13":"purchasable","14":"product-type-variable","15":"wvs-archive-product-wrapper"},"acf":[],"_links":{"self":[{"href":"https:\/\/staging.nbg.eu\/hu\/wp-json\/wp\/v2\/product\/46445","targetHints":{"allow":["GET"]}}],"collection":[{"href":"https:\/\/staging.nbg.eu\/hu\/wp-json\/wp\/v2\/product"}],"about":[{"href":"https:\/\/staging.nbg.eu\/hu\/wp-json\/wp\/v2\/types\/product"}],"wp:featuredmedia":[{"embeddable":true,"href":"https:\/\/staging.nbg.eu\/hu\/wp-json\/wp\/v2\/media\/46446"}],"wp:attachment":[{"href":"https:\/\/staging.nbg.eu\/hu\/wp-json\/wp\/v2\/media?parent=46445"}],"wp:term":[{"taxonomy":"product_brand","embeddable":true,"href":"https:\/\/staging.nbg.eu\/hu\/wp-json\/wp\/v2\/product_brand?post=46445"},{"taxonomy":"product_cat","embeddable":true,"href":"https:\/\/staging.nbg.eu\/hu\/wp-json\/wp\/v2\/product_cat?post=46445"},{"taxonomy":"product_tag","embeddable":true,"href":"https:\/\/staging.nbg.eu\/hu\/wp-json\/wp\/v2\/product_tag?post=46445"}],"curies":[{"name":"wp","href":"https:\/\/api.w.org\/{rel}","templated":true}]}}