{"id":46279,"date":"2024-07-31T20:30:37","date_gmt":"2024-09-11T15:45:52","guid":{"rendered":"https:\/\/staging.nbg.eu\/product\/fox-ammunition-65-creed-123-gr\/"},"modified":"2024-09-11T15:46:39","modified_gmt":"2024-09-11T15:46:39","slug":"fox-lotszer-65-creed-123-gr","status":"publish","type":"product","link":"https:\/\/staging.nbg.eu\/hu\/termek\/fox-lotszer-65-creed-123-gr\/","title":{"rendered":"Fox Lotszer 6,5 Creed. &#8211; 123 gr"},"content":{"rendered":"<h2>Fox Ammunition 6.5 Creed &#8211; 123 gr<\/h2>\n<p>A Fox Ammunition 6.5 Creed 123 gr l\u0151szer Fox Classic vad\u00e1szl\u00f6ved\u00e9kkel rendelkezik. Ezek az \u00f3lommentes l\u00f6ved\u00e9kek r\u00e9z-cink \u00f6tv\u00f6zetb\u0151l k\u00e9sz\u00fclnek, k\u00fcl\u00f6nb\u00f6z\u0151 vad\u00e1szati helyzetekben haszn\u00e1lhat\u00f3k.<\/p>\n<ul>\n<li>\u00d3lommentes \u00f6sszet\u00e9tel<\/li>\n<li>Bar\u00e1zd\u00e1lt kialak\u00edt\u00e1s a cs\u00f6kkentett cs\u0151nyom\u00e1s \u00e9s a megn\u00f6velt sebess\u00e9g \u00e9rdek\u00e9ben<\/li>\n<li>H\u0151\u00e1ll\u00f3 m\u0171anyag cs\u00facs a ballisztika \u00e9s a becsap\u00f3d\u00e1si hat\u00e1s jav\u00edt\u00e1s\u00e1ra<\/li>\n<li>Ir\u00e1ny\u00edtott t\u00e1gul\u00e1s az optim\u00e1lis energia\u00e1tad\u00e1shoz<\/li>\n<li>K\u00f6zeli \u00e9s t\u00e1voli l\u00f6v\u00e9sekre is alkalmas<\/li>\n<li>Nagy meg\u00e1ll\u00edt\u00f3 er\u0151 minim\u00e1lis h\u00fask\u00e1rosod\u00e1ssal<\/li>\n<\/ul>\n<p>A Fox Ammunition pontoss\u00e1got, megb\u00edzhat\u00f3s\u00e1got \u00e9s etikus vad\u00e1szati gyakorlatot biztos\u00edt.<\/p>\n","protected":false},"excerpt":{"rendered":"<p>\u00d3lommentes, prec\u00edz 6.5 Creedmoor l\u0151szer<\/p>\n","protected":false},"featured_media":46280,"template":"","meta":{"_acf_changed":false},"product_brand":[],"product_cat":[12942,12979],"product_tag":[],"class_list":{"0":"post-46279","1":"product","2":"type-product","3":"status-publish","4":"has-post-thumbnail","6":"product_cat-loszer","7":"product_cat-puska-loszer","9":"first","10":"instock","11":"taxable","12":"shipping-taxable","13":"purchasable","14":"product-type-simple"},"acf":[],"_links":{"self":[{"href":"https:\/\/staging.nbg.eu\/hu\/wp-json\/wp\/v2\/product\/46279","targetHints":{"allow":["GET"]}}],"collection":[{"href":"https:\/\/staging.nbg.eu\/hu\/wp-json\/wp\/v2\/product"}],"about":[{"href":"https:\/\/staging.nbg.eu\/hu\/wp-json\/wp\/v2\/types\/product"}],"wp:featuredmedia":[{"embeddable":true,"href":"https:\/\/staging.nbg.eu\/hu\/wp-json\/wp\/v2\/media\/46280"}],"wp:attachment":[{"href":"https:\/\/staging.nbg.eu\/hu\/wp-json\/wp\/v2\/media?parent=46279"}],"wp:term":[{"taxonomy":"product_brand","embeddable":true,"href":"https:\/\/staging.nbg.eu\/hu\/wp-json\/wp\/v2\/product_brand?post=46279"},{"taxonomy":"product_cat","embeddable":true,"href":"https:\/\/staging.nbg.eu\/hu\/wp-json\/wp\/v2\/product_cat?post=46279"},{"taxonomy":"product_tag","embeddable":true,"href":"https:\/\/staging.nbg.eu\/hu\/wp-json\/wp\/v2\/product_tag?post=46279"}],"curies":[{"name":"wp","href":"https:\/\/api.w.org\/{rel}","templated":true}]}}