{"id":46169,"date":"2024-08-03T08:31:54","date_gmt":"2024-09-11T15:11:03","guid":{"rendered":"https:\/\/staging.nbg.eu\/product\/rh-owb-tac-duty-holster\/"},"modified":"2024-09-11T15:12:12","modified_gmt":"2024-09-11T15:12:12","slug":"rh-owb-tacduty-tokbor","status":"publish","type":"product","link":"https:\/\/staging.nbg.eu\/hu\/termek\/rh-owb-tacduty-tokbor\/","title":{"rendered":"RH OWB Tac\/Duty Tokbor"},"content":{"rendered":"<p>Az RH OWB Tac\/Duty Holster egy kydex tokfajta taktikai \u00e9s szolg\u00e1lati haszn\u00e1latra. Jellemz\u0151i:<\/p>\n<ul>\n<li>Kompatibilis fegyverre szerelt l\u00e1mp\u00e1kkal<\/li>\n<li>Illeszkedik Safariland, Blackhawk vagy Blade-Tech platformokhoz<\/li>\n<li>Alkalmas alacsonyabb combtart\u00e1sra<\/li>\n<li>K\u00f6nny\u0171 karbantart\u00e1s \u00e9s tiszt\u00edt\u00e1s<\/li>\n<li>A Cseh Fegyveres Er\u0151k \u00e9s Rend\u0151rs\u00e9g haszn\u00e1lja<\/li>\n<\/ul>\n<p>Szolg\u00e1lati fegyverekhez, kik\u00e9pz\u00e9shez \u00e9s taktikai m\u0171veletekhez haszn\u00e1lhat\u00f3.<\/p>\n","protected":false},"excerpt":{"rendered":"<p>Tart\u00f3s Kydex tok szolg\u00e1lati haszn\u00e1latra. Szolg\u00e1lati fegyverekhez \u00e9s l\u00e1mp\u00e1khoz illeszkedik.<\/p>\n","protected":false},"featured_media":46170,"template":"","meta":{"_acf_changed":false},"product_brand":[11643],"product_cat":[12959,12908,12921],"product_tag":[],"class_list":{"0":"post-46169","1":"product","2":"type-product","3":"status-publish","4":"has-post-thumbnail","6":"product_brand-rh-holsters","7":"product_cat-sport-tok","8":"product_cat-taktikai-tokk","9":"product_cat-tokk","10":"pa_light-surefire-x300-ultra-a-hu","11":"pa_model-glock-17-hu","12":"pa_safety-automatic-hu","13":"pa_strong-hand-right-hu","15":"first","16":"instock","17":"taxable","18":"shipping-taxable","19":"purchasable","20":"product-type-variable","21":"wvs-archive-product-wrapper"},"acf":[],"_links":{"self":[{"href":"https:\/\/staging.nbg.eu\/hu\/wp-json\/wp\/v2\/product\/46169","targetHints":{"allow":["GET"]}}],"collection":[{"href":"https:\/\/staging.nbg.eu\/hu\/wp-json\/wp\/v2\/product"}],"about":[{"href":"https:\/\/staging.nbg.eu\/hu\/wp-json\/wp\/v2\/types\/product"}],"wp:featuredmedia":[{"embeddable":true,"href":"https:\/\/staging.nbg.eu\/hu\/wp-json\/wp\/v2\/media\/46170"}],"wp:attachment":[{"href":"https:\/\/staging.nbg.eu\/hu\/wp-json\/wp\/v2\/media?parent=46169"}],"wp:term":[{"taxonomy":"product_brand","embeddable":true,"href":"https:\/\/staging.nbg.eu\/hu\/wp-json\/wp\/v2\/product_brand?post=46169"},{"taxonomy":"product_cat","embeddable":true,"href":"https:\/\/staging.nbg.eu\/hu\/wp-json\/wp\/v2\/product_cat?post=46169"},{"taxonomy":"product_tag","embeddable":true,"href":"https:\/\/staging.nbg.eu\/hu\/wp-json\/wp\/v2\/product_tag?post=46169"}],"curies":[{"name":"wp","href":"https:\/\/api.w.org\/{rel}","templated":true}]}}