{"id":46081,"date":"2024-08-03T09:01:48","date_gmt":"2024-09-11T09:29:33","guid":{"rendered":"https:\/\/staging.nbg.eu\/product\/rh-sharky-iwb-holster\/"},"modified":"2024-09-11T09:30:34","modified_gmt":"2024-09-11T09:30:34","slug":"rh-sharky-iwb-tokbor","status":"publish","type":"product","link":"https:\/\/staging.nbg.eu\/hu\/termek\/rh-sharky-iwb-tokbor\/","title":{"rendered":"RH Sharky IWB Tokbor"},"content":{"rendered":"<p>Az RH Sharky IWB pisztolytok rejtett hord\u00e1sra szolg\u00e1l. Jellemz\u0151i:<\/p>\n<ul>\n<li>V\u00e1kuumpr\u00e9selt konstrukci\u00f3<\/li>\n<li>Dupla klipsz a biztos r\u00f6gz\u00edt\u00e9shez<\/li>\n<li>\u00c1ll\u00edthat\u00f3 d\u0151l\u00e9ssz\u00f6g \u00e9s magass\u00e1g<\/li>\n<li>Alkalmas v\u00f6r\u00f6s pontos ir\u00e1nyz\u00e9kokhoz \u00e9s hosszabb\u00edtott cs\u00f6vekhez<\/li>\n<li>Be\u00e9p\u00edtett kit\u00e1maszt\u00f3 a jobb rejthet\u0151s\u00e9g\u00e9rt<\/li>\n<li>Markolat\u00e1ll\u00edt\u00e1s a szem\u00e9lyre szabott illeszked\u00e9s\u00e9rt<\/li>\n<\/ul>\n<p>Ez az \u00f6v\u00f6n bel\u00fcli tok k\u00e9nyelmes \u00e9s sokoldal\u00fa viseletet biztos\u00edt.<\/p>\n","protected":false},"excerpt":{"rendered":"<p>Biztons\u00e1gos, \u00e1ll\u00edthat\u00f3 IWB (\u00f6v\u00f6n bel\u00fcli) pisztolytok rejtett hord\u00e1shoz, v\u00f6r\u00f6s pontos ir\u00e1nyz\u00e9kkal.<\/p>\n","protected":false},"featured_media":46084,"template":"","meta":{"_acf_changed":false},"product_brand":[11643],"product_cat":[12908,12921],"product_tag":[],"class_list":{"0":"post-46081","1":"product","2":"type-product","3":"status-publish","4":"has-post-thumbnail","6":"product_brand-rh-holsters","7":"product_cat-taktikai-tokk","8":"product_cat-tokk","9":"pa_clips-monoblock-hu","10":"pa_light-surefire-x300-ultra-a-hu","11":"pa_light-without-light-hu","12":"pa_model-glock-17-hu","13":"pa_model-glock-43x-hu","14":"pa_strong-hand-left-hu","15":"pa_strong-hand-right-hu","17":"first","18":"instock","19":"taxable","20":"shipping-taxable","21":"purchasable","22":"product-type-variable","23":"wvs-archive-product-wrapper"},"acf":[],"_links":{"self":[{"href":"https:\/\/staging.nbg.eu\/hu\/wp-json\/wp\/v2\/product\/46081","targetHints":{"allow":["GET"]}}],"collection":[{"href":"https:\/\/staging.nbg.eu\/hu\/wp-json\/wp\/v2\/product"}],"about":[{"href":"https:\/\/staging.nbg.eu\/hu\/wp-json\/wp\/v2\/types\/product"}],"wp:featuredmedia":[{"embeddable":true,"href":"https:\/\/staging.nbg.eu\/hu\/wp-json\/wp\/v2\/media\/46084"}],"wp:attachment":[{"href":"https:\/\/staging.nbg.eu\/hu\/wp-json\/wp\/v2\/media?parent=46081"}],"wp:term":[{"taxonomy":"product_brand","embeddable":true,"href":"https:\/\/staging.nbg.eu\/hu\/wp-json\/wp\/v2\/product_brand?post=46081"},{"taxonomy":"product_cat","embeddable":true,"href":"https:\/\/staging.nbg.eu\/hu\/wp-json\/wp\/v2\/product_cat?post=46081"},{"taxonomy":"product_tag","embeddable":true,"href":"https:\/\/staging.nbg.eu\/hu\/wp-json\/wp\/v2\/product_tag?post=46081"}],"curies":[{"name":"wp","href":"https:\/\/api.w.org\/{rel}","templated":true}]}}