{"id":45797,"date":"2024-08-03T14:31:50","date_gmt":"2024-09-10T15:01:07","guid":{"rendered":"https:\/\/staging.nbg.eu\/product\/rh-frogy-owb-holster\/"},"modified":"2024-09-10T15:02:07","modified_gmt":"2024-09-10T15:02:07","slug":"rh-frogy-owb-tokbor","status":"publish","type":"product","link":"https:\/\/staging.nbg.eu\/hu\/termek\/rh-frogy-owb-tokbor\/","title":{"rendered":"# RH Frogy OWB Tokbor"},"content":{"rendered":"<div class=\"product-description\">\n<h2>RH Frogy OWB Pisztolytok<\/h2>\n<p>Tapasztalja meg a kiv\u00e1l\u00f3 rejtett hordhat\u00f3s\u00e1got az RH Frogy OWB pisztolytokkal. Az \u00f6v k\u00fcls\u0151 oldal\u00e1n t\u00f6rt\u00e9n\u0151 visel\u00e9sre tervezve, ez a pisztolytok a k\u00f6vetkez\u0151 jellemz\u0151kkel rendelkezik:<\/p>\n<ul>\n<li>Egyedi kialak\u00edt\u00e1s be\u00e9p\u00edtett nyom\u00e1sfunkci\u00f3val a fegyver jobb elrejt\u00e9se \u00e9rdek\u00e9ben<\/li>\n<li>K\u00e9nyelmes visel\u00e9s az \u00f6v alatti t\u00e9rkit\u00f6lt\u0151 kialak\u00edt\u00e1ssal a stabil poz\u00edcion\u00e1l\u00e1s \u00e9rdek\u00e9ben<\/li>\n<li>V\u00e1kuumpr\u00e9selt 2,5 mm vastag Kydex bord\u00e1zattal a fokozott tart\u00f3ss\u00e1g \u00e9s merevs\u00e9g \u00e9rdek\u00e9ben<\/li>\n<li>K\u00e9zzel pol\u00edrozott \u00e9lek a maxim\u00e1lis k\u00e9nyelem \u00e9rdek\u00e9ben<\/li>\n<li>D\u00f6nt\u00f6tt fegyver poz\u00edcion\u00e1l\u00e1s a jobb rejthet\u0151s\u00e9g \u00e9s h\u00faz\u00e1s \u00e9rdek\u00e9ben<\/li>\n<li>\u00c1ll\u00edthat\u00f3 markolat \u00e9s d\u0151l\u00e9ssz\u00f6g<\/li>\n<li>Kompatibilis v\u00f6r\u00f6s ponttal \u00e9s hosszabb\u00edtott cs\u0151vel\/menettel<\/li>\n<\/ul>\n<p>Prec\u00edzen form\u00e1zva \u00e9s egyetlen darab Kydexb\u0151l k\u00e9sz\u00edtve, ez a pisztolytok optim\u00e1lis rejthet\u0151s\u00e9get \u00e9s k\u00e9nyelmet biztos\u00edt. Nyitott kialak\u00edt\u00e1sa lehet\u0151v\u00e9 teszi a k\u00f6nny\u0171 tiszt\u00edt\u00e1st \u00e9s alkalmazkodik a k\u00fcl\u00f6nb\u00f6z\u0151 fegyver m\u00f3dos\u00edt\u00e1sokhoz.<\/p>\n<\/div>\n","protected":false},"excerpt":{"rendered":"<p>RH Frogy OWB tok: Rejtett, k\u00e9nyelmes, \u00e1ll\u00edthat\u00f3 kydex hordoz\u00e1s.<\/p>\n","protected":false},"featured_media":45801,"template":"","meta":{"_acf_changed":false},"product_brand":[11643],"product_cat":[12959,12908,12921],"product_tag":[],"class_list":{"0":"post-45797","1":"product","2":"type-product","3":"status-publish","4":"has-post-thumbnail","6":"product_brand-rh-holsters","7":"product_cat-sport-tok","8":"product_cat-taktikai-tokk","9":"product_cat-tokk","10":"pa_belt-size-40mm-hu","11":"pa_model-glock-17-hu","12":"pa_model-glock-19-23-32-hu","13":"pa_strong-hand-right-hu","15":"first","16":"instock","17":"taxable","18":"shipping-taxable","19":"purchasable","20":"product-type-variable","21":"wvs-archive-product-wrapper"},"acf":[],"_links":{"self":[{"href":"https:\/\/staging.nbg.eu\/hu\/wp-json\/wp\/v2\/product\/45797","targetHints":{"allow":["GET"]}}],"collection":[{"href":"https:\/\/staging.nbg.eu\/hu\/wp-json\/wp\/v2\/product"}],"about":[{"href":"https:\/\/staging.nbg.eu\/hu\/wp-json\/wp\/v2\/types\/product"}],"wp:featuredmedia":[{"embeddable":true,"href":"https:\/\/staging.nbg.eu\/hu\/wp-json\/wp\/v2\/media\/45801"}],"wp:attachment":[{"href":"https:\/\/staging.nbg.eu\/hu\/wp-json\/wp\/v2\/media?parent=45797"}],"wp:term":[{"taxonomy":"product_brand","embeddable":true,"href":"https:\/\/staging.nbg.eu\/hu\/wp-json\/wp\/v2\/product_brand?post=45797"},{"taxonomy":"product_cat","embeddable":true,"href":"https:\/\/staging.nbg.eu\/hu\/wp-json\/wp\/v2\/product_cat?post=45797"},{"taxonomy":"product_tag","embeddable":true,"href":"https:\/\/staging.nbg.eu\/hu\/wp-json\/wp\/v2\/product_tag?post=45797"}],"curies":[{"name":"wp","href":"https:\/\/api.w.org\/{rel}","templated":true}]}}