{"id":45708,"date":"2024-08-03T14:57:22","date_gmt":"2024-09-10T14:56:46","guid":{"rendered":"https:\/\/staging.nbg.eu\/product\/rh-sport-pistol-mag-holder\/"},"modified":"2024-09-10T14:57:48","modified_gmt":"2024-09-10T14:57:48","slug":"rh-sport-pisztoly-tarhordo","status":"publish","type":"product","link":"https:\/\/staging.nbg.eu\/hu\/termek\/rh-sport-pisztoly-tarhordo\/","title":{"rendered":"RH Sport Pisztoly T\u00e1rhord\u00f3"},"content":{"rendered":"<p>Az RH Sport Pisztoly T\u00e1rtart\u00f3 egy pr\u00e9mium min\u0151s\u00e9g\u0171, \u00f6v\u00f6n k\u00edv\u00fcl viselhet\u0151 megold\u00e1s rejtett hord\u00e1shoz \u00e9s l\u0151t\u00e9ri haszn\u00e1lathoz. Jellemz\u0151i:<\/p>\n<ul>\n<li>V\u00e1kuumpr\u00e9selt 2 mm-es Kydex konstrukci\u00f3<\/li>\n<li>Pontos illeszked\u00e9s egy vagy k\u00e9t t\u00e1r hord\u00e1s\u00e1hoz<\/li>\n<li>\u00c9les bem\u00e9lyed\u00e9sek sima, k\u00e9zzel v\u00e1gott \u00e9lekkel<\/li>\n<li>Tart\u00f3s \u00fcreges szegecs konstrukci\u00f3<\/li>\n<li>K\u00f6nny\u0171 hozz\u00e1f\u00e9rhet\u0151s\u00e9g a gyors \u00fajrat\u00f6lt\u00e9shez<\/li>\n<\/ul>\n<p>A k\u00e9nyelemre \u00e9s megb\u00edzhat\u00f3s\u00e1gra tervezve, t\u00f6k\u00e9letes kieg\u00e9sz\u00edt\u0151je a fegyver\u00e9nek.<\/p>\n","protected":false},"excerpt":{"rendered":"<p>Biztons\u00e1gos OWB Kydex t\u00e1rtart\u00f3 gyors hozz\u00e1f\u00e9r\u00e9shez l\u0151t\u00e9ren vagy rejtett visel\u00e9shez.<\/p>\n","protected":false},"featured_media":45709,"template":"","meta":{"_acf_changed":false},"product_brand":[11643],"product_cat":[12910,12921],"product_tag":[],"class_list":{"0":"post-45708","1":"product","2":"type-product","3":"status-publish","4":"has-post-thumbnail","6":"product_brand-rh-holsters","7":"product_cat-tartartok","8":"product_cat-tokk","9":"pa_model-kmr-spectra-hu","10":"pa_strong-hand-right-hu","12":"first","13":"instock","14":"taxable","15":"shipping-taxable","16":"purchasable","17":"product-type-variable","18":"wvs-archive-product-wrapper"},"acf":[],"_links":{"self":[{"href":"https:\/\/staging.nbg.eu\/hu\/wp-json\/wp\/v2\/product\/45708","targetHints":{"allow":["GET"]}}],"collection":[{"href":"https:\/\/staging.nbg.eu\/hu\/wp-json\/wp\/v2\/product"}],"about":[{"href":"https:\/\/staging.nbg.eu\/hu\/wp-json\/wp\/v2\/types\/product"}],"wp:featuredmedia":[{"embeddable":true,"href":"https:\/\/staging.nbg.eu\/hu\/wp-json\/wp\/v2\/media\/45709"}],"wp:attachment":[{"href":"https:\/\/staging.nbg.eu\/hu\/wp-json\/wp\/v2\/media?parent=45708"}],"wp:term":[{"taxonomy":"product_brand","embeddable":true,"href":"https:\/\/staging.nbg.eu\/hu\/wp-json\/wp\/v2\/product_brand?post=45708"},{"taxonomy":"product_cat","embeddable":true,"href":"https:\/\/staging.nbg.eu\/hu\/wp-json\/wp\/v2\/product_cat?post=45708"},{"taxonomy":"product_tag","embeddable":true,"href":"https:\/\/staging.nbg.eu\/hu\/wp-json\/wp\/v2\/product_tag?post=45708"}],"curies":[{"name":"wp","href":"https:\/\/api.w.org\/{rel}","templated":true}]}}