{"id":45632,"date":"2024-08-04T20:46:31","date_gmt":"2024-09-10T14:52:12","guid":{"rendered":"https:\/\/staging.nbg.eu\/product\/rh-ar15-m4-owb-mag-holder\/"},"modified":"2024-09-10T14:53:13","modified_gmt":"2024-09-10T14:53:13","slug":"rh-ar15m4-owb-tarhordo","status":"publish","type":"product","link":"https:\/\/staging.nbg.eu\/hu\/termek\/rh-ar15m4-owb-tarhordo\/","title":{"rendered":"RH AR15\/M4 OWB T\u00e1rhord\u00f3"},"content":{"rendered":"<p>Az RH AR15\/M4 OWB t\u00e1rtart\u00f3 t\u00f6k\u00e9letes IPSC \u00e9s szolg\u00e1lati haszn\u00e1latra. Jellemz\u0151i:<\/p>\n<ul>\n<li>\u00c1ll\u00edthat\u00f3 fog\u00e1s az optim\u00e1lis ellen\u00e1ll\u00e1s\u00e9rt<\/li>\n<li>K\u00f6nny\u0171 hozz\u00e1f\u00e9rhet\u0151s\u00e9g<\/li>\n<li>Kompatibilis sport- \u00e9s taktikai \u00f6vekkel<\/li>\n<li>Prec\u00edzi\u00f3s \u00f6nt\u00e9ssel k\u00e9sz\u00fclt a t\u00f6k\u00e9letes illeszked\u00e9s\u00e9rt<\/li>\n<li>\u00c9les bem\u00e9lyed\u00e9sek sima sz\u00e9lekkel<\/li>\n<\/ul>\n<p>Ide\u00e1lis PCC t\u00e1rakhoz, ez a tok kiv\u00e1l\u00f3 teljes\u00edtm\u00e9nyt \u00e9s k\u00e9nyelmet ny\u00fajt.<\/p>\n","protected":false},"excerpt":{"rendered":"<p>\u00c1ll\u00edthat\u00f3 IPSC\/szolg\u00e1lati t\u00e1rfog\u00f3 k\u00f6nny\u0171 hozz\u00e1f\u00e9r\u00e9shez taktikai \u00f6veken<\/p>\n","protected":false},"featured_media":45634,"template":"","meta":{"_acf_changed":false},"product_brand":[11643],"product_cat":[12910,12921],"product_tag":[],"class_list":{"0":"post-45632","1":"product","2":"type-product","3":"status-publish","4":"has-post-thumbnail","6":"product_brand-rh-holsters","7":"product_cat-tartartok","8":"product_cat-tokk","9":"pa_model-ar-15-hu","10":"pa_strong-hand-right-hu","12":"first","13":"instock","14":"taxable","15":"shipping-taxable","16":"purchasable","17":"product-type-variable","18":"wvs-archive-product-wrapper"},"acf":[],"_links":{"self":[{"href":"https:\/\/staging.nbg.eu\/hu\/wp-json\/wp\/v2\/product\/45632","targetHints":{"allow":["GET"]}}],"collection":[{"href":"https:\/\/staging.nbg.eu\/hu\/wp-json\/wp\/v2\/product"}],"about":[{"href":"https:\/\/staging.nbg.eu\/hu\/wp-json\/wp\/v2\/types\/product"}],"wp:featuredmedia":[{"embeddable":true,"href":"https:\/\/staging.nbg.eu\/hu\/wp-json\/wp\/v2\/media\/45634"}],"wp:attachment":[{"href":"https:\/\/staging.nbg.eu\/hu\/wp-json\/wp\/v2\/media?parent=45632"}],"wp:term":[{"taxonomy":"product_brand","embeddable":true,"href":"https:\/\/staging.nbg.eu\/hu\/wp-json\/wp\/v2\/product_brand?post=45632"},{"taxonomy":"product_cat","embeddable":true,"href":"https:\/\/staging.nbg.eu\/hu\/wp-json\/wp\/v2\/product_cat?post=45632"},{"taxonomy":"product_tag","embeddable":true,"href":"https:\/\/staging.nbg.eu\/hu\/wp-json\/wp\/v2\/product_tag?post=45632"}],"curies":[{"name":"wp","href":"https:\/\/api.w.org\/{rel}","templated":true}]}}