{"id":45548,"date":"2024-08-16T11:10:46","date_gmt":"2024-09-10T14:47:29","guid":{"rendered":"https:\/\/staging.nbg.eu\/product\/barwarus-knob-for-ak47-charging-handle\/"},"modified":"2024-09-10T14:48:15","modified_gmt":"2024-09-10T14:48:15","slug":"barwarus-gomb-ak47-hez-felhuzokar","status":"publish","type":"product","link":"https:\/\/staging.nbg.eu\/hu\/termek\/barwarus-gomb-ak47-hez-felhuzokar\/","title":{"rendered":"Barwarus Gomb AK47-hez (felh\u00faz\u00f3kar)"},"content":{"rendered":"<div class=\"product-description\">\n<h2>Barwarus Gomb AK47 Felh\u00faz\u00f3karhoz<\/h2>\n<p>Fejlessze AK47-es\u00e9t a Barwarus Gombbal, a felh\u00faz\u00f3kar t\u00f6k\u00e9letes kieg\u00e9sz\u00edt\u0151j\u00e9vel. Ez a prec\u00edzi\u00f3s m\u00e9rn\u00f6ki munka k\u00f6nnyen felcsavarozhat\u00f3 a megl\u00e9v\u0151 felh\u00faz\u00f3karra, \u00e9s egy sima, nagym\u00e9ret\u0171 gombot biztos\u00edt a fegyver k\u00f6nny\u0171 kezel\u00e9s\u00e9hez.<\/p>\n<ul>\n<li>Gondosan tervezve az AK47 \u00e9s hasonl\u00f3 modellek sz\u00e1m\u00e1ra<\/li>\n<li>Ergonomikus forma, amely k\u00e9nyelmesen illeszkedik b\u00e1rmilyen ujjpoz\u00edci\u00f3hoz<\/li>\n<li>Biztons\u00e1gos illeszked\u00e9s megel\u0151zi a m\u00e1s gombokn\u00e1l gyakori elrep\u00fcl\u00e9si probl\u00e9m\u00e1kat<\/li>\n<li>Nincs sz\u00fcks\u00e9g hegeszt\u00e9sre &#8211; a megl\u00e9v\u0151 r\u00f6gz\u00edt\u0151csavart haszn\u00e1lja az egyszer\u0171 felszerel\u00e9shez<\/li>\n<li>Kompatibilis a legt\u00f6bb AK47 v\u00e1ltozattal<\/li>\n<\/ul>\n<p>Tapasztalja meg a jobb kezelhet\u0151s\u00e9get \u00e9s megb\u00edzhat\u00f3s\u00e1got a Barwarus Gombbal. Emelje \u00faj szintre a l\u00f6v\u00e9sz\u00e9lm\u00e9ny\u00e9t m\u00e9g ma!<\/p>\n<\/div>\n","protected":false},"excerpt":{"rendered":"<p>Tov\u00e1bbfejlesztett AK47 felh\u00faz\u00f3kar gomb a sim\u00e1bb m\u0171k\u00f6d\u00e9s\u00e9rt<\/p>\n","protected":false},"featured_media":101460,"template":"","meta":{"_acf_changed":false},"product_brand":[11104],"product_cat":[12901,12916],"product_tag":[],"class_list":{"0":"post-45548","1":"product","2":"type-product","3":"status-publish","4":"has-post-thumbnail","6":"product_brand-barwarus","7":"product_cat-ak-tuning","8":"product_cat-puska-tuning","10":"first","11":"outofstock","12":"taxable","13":"shipping-taxable","14":"purchasable","15":"product-type-variable","16":"wvs-archive-product-wrapper"},"acf":[],"_links":{"self":[{"href":"https:\/\/staging.nbg.eu\/hu\/wp-json\/wp\/v2\/product\/45548","targetHints":{"allow":["GET"]}}],"collection":[{"href":"https:\/\/staging.nbg.eu\/hu\/wp-json\/wp\/v2\/product"}],"about":[{"href":"https:\/\/staging.nbg.eu\/hu\/wp-json\/wp\/v2\/types\/product"}],"wp:featuredmedia":[{"embeddable":true,"href":"https:\/\/staging.nbg.eu\/hu\/wp-json\/wp\/v2\/media\/101460"}],"wp:attachment":[{"href":"https:\/\/staging.nbg.eu\/hu\/wp-json\/wp\/v2\/media?parent=45548"}],"wp:term":[{"taxonomy":"product_brand","embeddable":true,"href":"https:\/\/staging.nbg.eu\/hu\/wp-json\/wp\/v2\/product_brand?post=45548"},{"taxonomy":"product_cat","embeddable":true,"href":"https:\/\/staging.nbg.eu\/hu\/wp-json\/wp\/v2\/product_cat?post=45548"},{"taxonomy":"product_tag","embeddable":true,"href":"https:\/\/staging.nbg.eu\/hu\/wp-json\/wp\/v2\/product_tag?post=45548"}],"curies":[{"name":"wp","href":"https:\/\/api.w.org\/{rel}","templated":true}]}}