{"id":45452,"date":"2024-08-16T17:59:54","date_gmt":"2024-09-10T14:24:10","guid":{"rendered":"https:\/\/staging.nbg.eu\/product\/clips-ulticlip-xl\/"},"modified":"2024-09-10T14:24:53","modified_gmt":"2024-09-10T14:24:53","slug":"clipek-ulticlip-xl","status":"publish","type":"product","link":"https:\/\/staging.nbg.eu\/hu\/termek\/clipek-ulticlip-xl\/","title":{"rendered":"Clipek Ulticlip XL"},"content":{"rendered":"<div class=\"product-description\">\n<h2>Clips Ulticlip XL: A v\u00e9gs\u0151 t\u00f6bbfunkci\u00f3s tokcsipesz<\/h2>\n<p>Bemutatjuk az Ulticlip XL-t, a vil\u00e1g els\u0151 t\u00f6bbfunkci\u00f3s tokcsipesz\u00e9t \u00e9s z\u00e1r\u00f3d\u00f3 ac\u00e9l \u00f6vhurk\u00e1t egyben. Ez az innovat\u00edv eszk\u00f6z p\u00e1ratlan sokoldal\u00fas\u00e1got k\u00edn\u00e1l tokok, k\u00e9start\u00f3k \u00e9s kieg\u00e9sz\u00edt\u0151k hord\u00e1s\u00e1hoz.<\/p>\n<ul>\n<li>Kett\u0151s funkcionalit\u00e1s: Haszn\u00e1lhat\u00f3 tokcsipeszk\u00e9nt vagy \u00f6vhurokk\u00e9nt<\/li>\n<li>Kompatibilis IWB \u00e9s OWB hord\u00e1si m\u00f3ddal<\/li>\n<li>Be\u00e9p\u00edtett t\u00f6bbfunkci\u00f3s csavarkulcs (1\/4&#8243;, 5\/16&#8243;, 3\/8&#8243;) \u00e9s lapos fej\u0171 csavarh\u00faz\u00f3<\/li>\n<li>T\u00f6bbf\u00e9le r\u00f6gz\u00edt\u00e9si pont k\u00fcl\u00f6nb\u00f6z\u0151 term\u00e9kekhez<\/li>\n<li>Z\u00e1r\u00f3d\u00f3 ac\u00e9l \u00f6vhurok 1,5&#8243; sz\u00e9les \u00f6vekhez (max. 3\/8&#8243; vastags\u00e1gig)<\/li>\n<li>Katonai min\u0151s\u00e9g\u0171 fekete oxid bevonat<\/li>\n<li>H\u0151kezelt 1075 &amp; 1050 rug\u00f3ac\u00e9l szerkezet<\/li>\n<li>M\u00e9ret: 3,5&#8243; x 7\/8&#8243;, S\u00faly: 1,37 oz.<\/li>\n<\/ul>\n<p>Tapasztalja meg a v\u00e9gs\u0151 hord\u00e1si megold\u00e1st az Ulticlip XL-lel!<\/p>\n<\/div>\n","protected":false},"excerpt":{"rendered":"<p>Ulticlip XL: T\u00f6bbfunkci\u00f3s tok-klipsz \u00e9s z\u00e1rhat\u00f3 \u00f6vhurok sokoldal\u00fa hordhat\u00f3s\u00e1g\u00e9rt.<\/p>\n","protected":false},"featured_media":22996,"template":"","meta":{"_acf_changed":false},"product_brand":[],"product_cat":[12934,12954],"product_tag":[],"class_list":{"0":"post-45452","1":"product","2":"type-product","3":"status-publish","4":"has-post-thumbnail","6":"product_cat-felszereles","7":"product_cat-tok-kiegeszitok","9":"first","10":"instock","11":"taxable","12":"shipping-taxable","13":"purchasable","14":"product-type-simple"},"acf":[],"_links":{"self":[{"href":"https:\/\/staging.nbg.eu\/hu\/wp-json\/wp\/v2\/product\/45452","targetHints":{"allow":["GET"]}}],"collection":[{"href":"https:\/\/staging.nbg.eu\/hu\/wp-json\/wp\/v2\/product"}],"about":[{"href":"https:\/\/staging.nbg.eu\/hu\/wp-json\/wp\/v2\/types\/product"}],"wp:featuredmedia":[{"embeddable":true,"href":"https:\/\/staging.nbg.eu\/hu\/wp-json\/wp\/v2\/media\/22996"}],"wp:attachment":[{"href":"https:\/\/staging.nbg.eu\/hu\/wp-json\/wp\/v2\/media?parent=45452"}],"wp:term":[{"taxonomy":"product_brand","embeddable":true,"href":"https:\/\/staging.nbg.eu\/hu\/wp-json\/wp\/v2\/product_brand?post=45452"},{"taxonomy":"product_cat","embeddable":true,"href":"https:\/\/staging.nbg.eu\/hu\/wp-json\/wp\/v2\/product_cat?post=45452"},{"taxonomy":"product_tag","embeddable":true,"href":"https:\/\/staging.nbg.eu\/hu\/wp-json\/wp\/v2\/product_tag?post=45452"}],"curies":[{"name":"wp","href":"https:\/\/api.w.org\/{rel}","templated":true}]}}