{"id":45350,"date":"2024-08-16T18:05:19","date_gmt":"2024-08-16T18:05:19","guid":{"rendered":"https:\/\/staging.nbg.eu\/product\/calypso-mini-weather-station-45m-s\/"},"modified":"2024-10-16T09:35:44","modified_gmt":"2024-10-16T09:35:44","slug":"calypso-ultrahangos-hordozhato-mini-szelmero-45ms","status":"publish","type":"product","link":"https:\/\/staging.nbg.eu\/hu\/termek\/calypso-ultrahangos-hordozhato-mini-szelmero-45ms\/","title":{"rendered":"Calypso Ultrahangos Hordozhat\u00f3 Mini Sz\u00e9lm\u00e9r\u0151 45m\/s"},"content":{"rendered":"<h2>Calypso Mini 45m\/s Ultrahangos Sz\u00e9lm\u00e9r\u0151<\/h2>\n<p>Bemutatjuk a Calypso Mini 45m\/s-t, egy kompakt \u00e9s sokoldal\u00fa sz\u00e9lm\u00e9r\u00e9si megold\u00e1st. Ez a miniat\u0171r ultrahangos sz\u00e9lm\u00e9r\u0151 \u00e9s sz\u00e9lir\u00e1nyjelz\u0151 a cs\u00facstechnol\u00f3gi\u00e1t \u00f6tv\u00f6zi a hordozhat\u00f3s\u00e1ggal.<\/p>\n<h2>F\u0151bb jellemz\u0151k:<\/h2>\n<ul>\n<li>Bluetooth kapcsolat az egyszer\u0171 adatr\u00f6gz\u00edt\u00e9shez<\/li>\n<li>Akkumul\u00e1toros m\u0171k\u00f6d\u00e9s vezet\u00e9k n\u00e9lk\u00fcli QI t\u00f6lt\u00e9ssel<\/li>\n<li>Ultrahangos \u00e9rz\u00e9kel\u0151k a robusztus, megb\u00edzhat\u00f3 teljes\u00edtm\u00e9ny\u00e9rt<\/li>\n<li>M\u00e9ri a sz\u00e9lsebess\u00e9get \u00e9s a sz\u00e9lir\u00e1nyt is<\/li>\n<li>Kompakt m\u00e9ret: mind\u00f6ssze 43 mm \u00e1tm\u00e9r\u0151j\u0171<\/li>\n<li>1\/4&#8243; bels\u0151 menet h\u00e1roml\u00e1b\u00fa \u00e1llv\u00e1nyra szerel\u00e9shez<\/li>\n<li>Kompatibilis az Anemotracker alkalmaz\u00e1ssal<\/li>\n<li>Opcion\u00e1lis telefontart\u00f3 kieg\u00e9sz\u00edt\u0151 kaphat\u00f3<\/li>\n<\/ul>\n<p>A Calypso Mini 45m\/s t\u00f6k\u00e9letes k\u00fcl\u00f6nb\u00f6z\u0151 ipar\u00e1gak \u00e9s alkalmaz\u00e1sok sz\u00e1m\u00e1ra, professzion\u00e1lis szint\u0171 sz\u00e9lm\u00e9r\u00e9st k\u00edn\u00e1l k\u00e9zi k\u00e9sz\u00fcl\u00e9kben. Vezet\u00e9k n\u00e9lk\u00fcli kialak\u00edt\u00e1sa \u00e9s NMEA \u00e1tj\u00e1r\u00f3kkal val\u00f3 kompatibilit\u00e1sa ide\u00e1lis v\u00e1laszt\u00e1ss\u00e1 teszi mind \u00f6n\u00e1ll\u00f3 haszn\u00e1latra, mind megl\u00e9v\u0151 rendszerekbe val\u00f3 integr\u00e1l\u00e1sra.<\/p>\n","protected":false},"excerpt":{"rendered":"<p>Kompakt, Bluetooth-os sz\u00e9lsebess\u00e9gm\u00e9r\u0151, amely m\u00e9ri a sz\u00e9lsebess\u00e9get \u00e9s -ir\u00e1nyt. Alkalmaz\u00e1ssal vez\u00e9relhet\u0151.<\/p>\n","protected":false},"featured_media":101828,"template":"","meta":{"_acf_changed":false},"product_brand":[11182],"product_cat":[12909,12970],"product_tag":[],"class_list":{"0":"post-45350","1":"product","2":"type-product","3":"status-publish","4":"has-post-thumbnail","6":"product_brand-calypso","7":"product_cat-idojaras-merok","8":"product_cat-szerszamok","10":"first","11":"instock","12":"taxable","13":"shipping-taxable","14":"purchasable","15":"product-type-simple"},"acf":[],"_links":{"self":[{"href":"https:\/\/staging.nbg.eu\/hu\/wp-json\/wp\/v2\/product\/45350","targetHints":{"allow":["GET"]}}],"collection":[{"href":"https:\/\/staging.nbg.eu\/hu\/wp-json\/wp\/v2\/product"}],"about":[{"href":"https:\/\/staging.nbg.eu\/hu\/wp-json\/wp\/v2\/types\/product"}],"wp:featuredmedia":[{"embeddable":true,"href":"https:\/\/staging.nbg.eu\/hu\/wp-json\/wp\/v2\/media\/101828"}],"wp:attachment":[{"href":"https:\/\/staging.nbg.eu\/hu\/wp-json\/wp\/v2\/media?parent=45350"}],"wp:term":[{"taxonomy":"product_brand","embeddable":true,"href":"https:\/\/staging.nbg.eu\/hu\/wp-json\/wp\/v2\/product_brand?post=45350"},{"taxonomy":"product_cat","embeddable":true,"href":"https:\/\/staging.nbg.eu\/hu\/wp-json\/wp\/v2\/product_cat?post=45350"},{"taxonomy":"product_tag","embeddable":true,"href":"https:\/\/staging.nbg.eu\/hu\/wp-json\/wp\/v2\/product_tag?post=45350"}],"curies":[{"name":"wp","href":"https:\/\/api.w.org\/{rel}","templated":true}]}}