{"id":45328,"date":"2024-08-16T18:09:38","date_gmt":"2024-08-16T18:09:38","guid":{"rendered":"https:\/\/staging.nbg.eu\/product\/weather-dot\/"},"modified":"2024-10-16T09:42:19","modified_gmt":"2024-10-16T09:42:19","slug":"calypso-weather-dot","status":"publish","type":"product","link":"https:\/\/staging.nbg.eu\/hu\/termek\/calypso-weather-dot\/","title":{"rendered":"Calypso Weather DOT"},"content":{"rendered":"<div class=\"product-description\">\n<h2>WeatherDot: Hordozhat\u00f3 Id\u0151j\u00e1r\u00e1s\u00e1llom\u00e1s<\/h2>\n<p>Tapasztalja meg a prec\u00edz id\u0151j\u00e1r\u00e1s-megfigyel\u00e9st a WeatherDot-tal, az \u00d6n kompakt \u00e9s sokoldal\u00fa id\u0151j\u00e1r\u00e1s\u00e1llom\u00e1s\u00e1val. H\u0151m\u00e9rs\u00e9klet-, nyom\u00e1s- \u00e9s p\u00e1ratartalom-\u00e9rz\u00e9kel\u0151kkel felszerelve, ez a k\u00f6nny\u0171 k\u00e9sz\u00fcl\u00e9k a k\u00f6vetkez\u0151ket k\u00edn\u00e1lja:<\/p>\n<ul>\n<li>Bluetooth kapcsolat<\/li>\n<li>24 000 adatpont t\u00e1rol\u00e1sa<\/li>\n<li>\u00c1llv\u00e1nyra szerelhet\u0151s\u00e9g<\/li>\n<li>400 \u00f3r\u00e1s akkumul\u00e1tor-\u00e9lettartam vezet\u00e9k n\u00e9lk\u00fcli QI t\u00f6lt\u00e9ssel<\/li>\n<li>Kompatibilit\u00e1s az ingyenes Anemotracker alkalmaz\u00e1ssal (iOS\/Android)<\/li>\n<\/ul>\n<p>T\u00f6k\u00e9letes \u00f6n\u00e1ll\u00f3 haszn\u00e1latra vagy p\u00e1ros\u00edtva az Ultrasonic Portable Mini sz\u00e9lm\u00e9r\u0151nkkel. A csomag tartalmazza a WeatherDot k\u00e9sz\u00fcl\u00e9ket, vezet\u00e9k n\u00e9lk\u00fcli QI t\u00f6lt\u0151t USB-k\u00e1bellel \u00e9s egy r\u00f6vid haszn\u00e1lati \u00fatmutat\u00f3t.<\/p>\n<p>Maradjon t\u00e1j\u00e9kozott k\u00f6rnyezet\u00e9r\u0151l a WeatherDot-tal \u2013 az \u00d6n hordozhat\u00f3 id\u0151j\u00e1r\u00e1s-t\u00e1rs\u00e1val!<\/p>\n<\/div>\n","protected":false},"excerpt":{"rendered":"<p>Hordozhat\u00f3 id\u0151j\u00e1r\u00e1s \u00e1llom\u00e1s: h\u0151m\u00e9rs\u00e9klet, l\u00e9gnyom\u00e1s, p\u00e1ratartalom. Bluetooth-szal, alkalmaz\u00e1ssal kompatibilis.<\/p>\n","protected":false},"featured_media":102243,"template":"","meta":{"_acf_changed":false},"product_brand":[11182],"product_cat":[12909,12970],"product_tag":[],"class_list":{"0":"post-45328","1":"product","2":"type-product","3":"status-publish","4":"has-post-thumbnail","6":"product_brand-calypso","7":"product_cat-idojaras-merok","8":"product_cat-szerszamok","10":"first","11":"outofstock","12":"taxable","13":"shipping-taxable","14":"purchasable","15":"product-type-simple"},"acf":[],"_links":{"self":[{"href":"https:\/\/staging.nbg.eu\/hu\/wp-json\/wp\/v2\/product\/45328","targetHints":{"allow":["GET"]}}],"collection":[{"href":"https:\/\/staging.nbg.eu\/hu\/wp-json\/wp\/v2\/product"}],"about":[{"href":"https:\/\/staging.nbg.eu\/hu\/wp-json\/wp\/v2\/types\/product"}],"wp:featuredmedia":[{"embeddable":true,"href":"https:\/\/staging.nbg.eu\/hu\/wp-json\/wp\/v2\/media\/102243"}],"wp:attachment":[{"href":"https:\/\/staging.nbg.eu\/hu\/wp-json\/wp\/v2\/media?parent=45328"}],"wp:term":[{"taxonomy":"product_brand","embeddable":true,"href":"https:\/\/staging.nbg.eu\/hu\/wp-json\/wp\/v2\/product_brand?post=45328"},{"taxonomy":"product_cat","embeddable":true,"href":"https:\/\/staging.nbg.eu\/hu\/wp-json\/wp\/v2\/product_cat?post=45328"},{"taxonomy":"product_tag","embeddable":true,"href":"https:\/\/staging.nbg.eu\/hu\/wp-json\/wp\/v2\/product_tag?post=45328"}],"curies":[{"name":"wp","href":"https:\/\/api.w.org\/{rel}","templated":true}]}}