{"id":45177,"date":"2024-08-18T09:26:06","date_gmt":"2024-09-10T13:11:42","guid":{"rendered":"https:\/\/staging.nbg.eu\/product\/premium-belt-security-loop\/"},"modified":"2024-09-10T13:12:25","modified_gmt":"2024-09-10T13:12:25","slug":"premium-oev-biztonsagi-hurok","status":"publish","type":"product","link":"https:\/\/staging.nbg.eu\/hu\/termek\/premium-oev-biztonsagi-hurok\/","title":{"rendered":"Pr\u00e9mium \u00d6v Biztons\u00e1gi Hurok"},"content":{"rendered":"<p>R\u00f6gz\u00edtse \u00f6v\u00e9t a DAA Premium \u00f6vr\u00f6gz\u00edt\u0151 hurokkal. Gum\u00edrozott a k\u00e9nyelem \u00e9s a j\u00f3 fog\u00e1s \u00e9rdek\u00e9ben, \u00edgy hely\u00e9n tartja az \u00f6vet az intenz\u00edv l\u00f6v\u00e9szet sor\u00e1n. A legt\u00f6bb szabv\u00e1nyos \u00f6vre illeszkedik.<\/p>\n","protected":false},"excerpt":{"rendered":"<p>Biztons\u00e1gos \u00f6vhurok: Gum\u00edrozott fog\u00e1s, megakad\u00e1lyozza az elmozdul\u00e1st, standard \u00f6vekre illeszkedik.<\/p>\n","protected":false},"featured_media":26099,"template":"","meta":{"_acf_changed":false},"product_brand":[11267],"product_cat":[12934,12937],"product_tag":[],"class_list":{"0":"post-45177","1":"product","2":"type-product","3":"status-publish","4":"has-post-thumbnail","6":"product_brand-doublealpha","7":"product_cat-felszereles","8":"product_cat-sport-oevek","10":"first","11":"instock","12":"taxable","13":"shipping-taxable","14":"purchasable","15":"product-type-simple"},"acf":[],"_links":{"self":[{"href":"https:\/\/staging.nbg.eu\/hu\/wp-json\/wp\/v2\/product\/45177","targetHints":{"allow":["GET"]}}],"collection":[{"href":"https:\/\/staging.nbg.eu\/hu\/wp-json\/wp\/v2\/product"}],"about":[{"href":"https:\/\/staging.nbg.eu\/hu\/wp-json\/wp\/v2\/types\/product"}],"wp:featuredmedia":[{"embeddable":true,"href":"https:\/\/staging.nbg.eu\/hu\/wp-json\/wp\/v2\/media\/26099"}],"wp:attachment":[{"href":"https:\/\/staging.nbg.eu\/hu\/wp-json\/wp\/v2\/media?parent=45177"}],"wp:term":[{"taxonomy":"product_brand","embeddable":true,"href":"https:\/\/staging.nbg.eu\/hu\/wp-json\/wp\/v2\/product_brand?post=45177"},{"taxonomy":"product_cat","embeddable":true,"href":"https:\/\/staging.nbg.eu\/hu\/wp-json\/wp\/v2\/product_cat?post=45177"},{"taxonomy":"product_tag","embeddable":true,"href":"https:\/\/staging.nbg.eu\/hu\/wp-json\/wp\/v2\/product_tag?post=45177"}],"curies":[{"name":"wp","href":"https:\/\/api.w.org\/{rel}","templated":true}]}}