{"id":45155,"date":"2024-08-18T09:26:36","date_gmt":"2024-08-18T09:26:36","guid":{"rendered":"https:\/\/staging.nbg.eu\/product\/daa-magnet-cover\/"},"modified":"2024-09-10T12:57:55","modified_gmt":"2024-09-10T12:57:55","slug":"daa-magnes-fedel","status":"publish","type":"product","link":"https:\/\/staging.nbg.eu\/hu\/termek\/daa-magnes-fedel\/","title":{"rendered":"DAA M\u00e1gnes Fed\u00e9l"},"content":{"rendered":"<p>\nA DAA M\u00e1gnes Fed\u00e9l: St\u00edlusos, tart\u00f3s nylon burkolat 48mm-es m\u00e1gnesekhez. M\u00e1gneses ac\u00e9l DAA log\u00f3val rendelkezik. Cs\u00f6kkenti a nemk\u00edv\u00e1natos m\u00e1gneses vonz\u00e1st, mik\u00f6zben meg\u0151rzi a funkcionalit\u00e1st.<\/p>\n","protected":false},"excerpt":{"rendered":"<p>St\u00edlusos, v\u00e9d\u0151 bor\u00edt\u00e1s DAA 48 mm-es m\u00e1gnesekhez. Cs\u00f6kkenti a m\u00e1gneses vonz\u00e1st.<\/p>\n","protected":false},"featured_media":26122,"template":"","meta":{"_acf_changed":false},"product_brand":[11267],"product_cat":[12954,12921],"product_tag":[],"class_list":{"0":"post-45155","1":"product","2":"type-product","3":"status-publish","4":"has-post-thumbnail","6":"product_brand-doublealpha","7":"product_cat-tok-kiegeszitok","8":"product_cat-tokk","10":"first","11":"instock","12":"taxable","13":"shipping-taxable","14":"purchasable","15":"product-type-simple"},"acf":[],"_links":{"self":[{"href":"https:\/\/staging.nbg.eu\/hu\/wp-json\/wp\/v2\/product\/45155","targetHints":{"allow":["GET"]}}],"collection":[{"href":"https:\/\/staging.nbg.eu\/hu\/wp-json\/wp\/v2\/product"}],"about":[{"href":"https:\/\/staging.nbg.eu\/hu\/wp-json\/wp\/v2\/types\/product"}],"wp:featuredmedia":[{"embeddable":true,"href":"https:\/\/staging.nbg.eu\/hu\/wp-json\/wp\/v2\/media\/26122"}],"wp:attachment":[{"href":"https:\/\/staging.nbg.eu\/hu\/wp-json\/wp\/v2\/media?parent=45155"}],"wp:term":[{"taxonomy":"product_brand","embeddable":true,"href":"https:\/\/staging.nbg.eu\/hu\/wp-json\/wp\/v2\/product_brand?post=45155"},{"taxonomy":"product_cat","embeddable":true,"href":"https:\/\/staging.nbg.eu\/hu\/wp-json\/wp\/v2\/product_cat?post=45155"},{"taxonomy":"product_tag","embeddable":true,"href":"https:\/\/staging.nbg.eu\/hu\/wp-json\/wp\/v2\/product_tag?post=45155"}],"curies":[{"name":"wp","href":"https:\/\/api.w.org\/{rel}","templated":true}]}}