{"id":45133,"date":"2024-08-18T09:27:28","date_gmt":"2024-09-10T12:42:23","guid":{"rendered":"https:\/\/staging.nbg.eu\/product\/dillon-precision-daa-223-fast-flow-powder-funnel\/"},"modified":"2024-09-10T12:43:07","modified_gmt":"2024-09-10T12:43:07","slug":"dillon-precision-daa-223-gyorsfolyasu-lopor-toelcser","status":"publish","type":"product","link":"https:\/\/staging.nbg.eu\/hu\/termek\/dillon-precision-daa-223-gyorsfolyasu-lopor-toelcser\/","title":{"rendered":"Dillon Precision &#8211; Daa .223 Gyorsfoly\u00e1s\u00fa L\u0151por T\u00f6lcs\u00e9r"},"content":{"rendered":"<div class=\"product-description\">\n<h2>Dillon Precision &#8211; DAA .223 Gyors \u00c1raml\u00e1s\u00fa Port\u00f6lcs\u00e9r<\/h2>\n<p>Fokozza .223-as \u00fajrat\u00f6lt\u00e9si \u00e9lm\u00e9ny\u00e9t a DAA .223 Gyors \u00c1raml\u00e1s\u00fa T\u00f6lcs\u00e9rrel. Az Andrew Murrell, CSEP rep\u00fcl\u0151g\u00e9pipari rendszerm\u00e9rn\u00f6kkel egy\u00fcttm\u0171k\u00f6d\u00e9sben tervezett t\u00f6lcs\u00e9r jav\u00edtja a por \u00e1raml\u00e1s\u00e1nak konzisztenci\u00e1j\u00e1t \u00e9s cs\u00f6kkenti a r\u00fad vagy pehely alak\u00fa porok h\u00eddk\u00e9pz\u0151d\u00e9s\u00e9t.<\/p>\n<ul>\n<li>SUS303 rozsdamentes ac\u00e9lb\u00f3l megmunk\u00e1lva<\/li>\n<li>Elektropol\u00edrozott t\u00fck\u00f6rf\u00e9nyes fel\u00fclet<\/li>\n<li>Kiv\u00e1l\u00f3 rozsda\u00e1ll\u00f3s\u00e1g \u00e9s kop\u00e1s\u00e1ll\u00f3s\u00e1g<\/li>\n<li>Egyedi bels\u0151 t\u00f6lcs\u00e9r forma a jobb por\u00e1raml\u00e1s \u00e9rdek\u00e9ben<\/li>\n<li>Kompatibilis a Dillon Poradagol\u00f3kkal<\/li>\n<\/ul>\n<p>Tapasztalja meg a k\u00fcl\u00f6nbs\u00e9get prec\u00edzi\u00f3s tervez\u00e9s\u0171 t\u00f6lcs\u00e9r\u00fcnkkel, amely szoros t\u0171r\u00e9shat\u00e1rokkal \u00e9s \u00fcvegsimas\u00e1g\u00fa fel\u00fclettel rendelkezik a t\u00f6k\u00e9letes teljes\u00edtm\u00e9ny \u00e9s por\u00e1raml\u00e1s \u00e9rdek\u00e9ben.<\/p>\n<\/div>\n","protected":false},"excerpt":{"rendered":"<p>\u00c1ramvonalas .223-as l\u0151por t\u00f6lcs\u00e9r k\u00f6vetkezetes, torl\u00f3d\u00e1smentes \u00fajrat\u00f6lt\u00e9shez.<\/p>\n","protected":false},"featured_media":26237,"template":"","meta":{"_acf_changed":false},"product_brand":[11267],"product_cat":[12963,12917],"product_tag":[],"class_list":{"0":"post-45133","1":"product","2":"type-product","3":"status-publish","4":"has-post-thumbnail","6":"product_brand-doublealpha","7":"product_cat-ujratoeltes","8":"product_cat-ujratoelto-kiegeszitok","10":"first","11":"instock","12":"taxable","13":"shipping-taxable","14":"purchasable","15":"product-type-simple"},"acf":[],"_links":{"self":[{"href":"https:\/\/staging.nbg.eu\/hu\/wp-json\/wp\/v2\/product\/45133","targetHints":{"allow":["GET"]}}],"collection":[{"href":"https:\/\/staging.nbg.eu\/hu\/wp-json\/wp\/v2\/product"}],"about":[{"href":"https:\/\/staging.nbg.eu\/hu\/wp-json\/wp\/v2\/types\/product"}],"wp:featuredmedia":[{"embeddable":true,"href":"https:\/\/staging.nbg.eu\/hu\/wp-json\/wp\/v2\/media\/26237"}],"wp:attachment":[{"href":"https:\/\/staging.nbg.eu\/hu\/wp-json\/wp\/v2\/media?parent=45133"}],"wp:term":[{"taxonomy":"product_brand","embeddable":true,"href":"https:\/\/staging.nbg.eu\/hu\/wp-json\/wp\/v2\/product_brand?post=45133"},{"taxonomy":"product_cat","embeddable":true,"href":"https:\/\/staging.nbg.eu\/hu\/wp-json\/wp\/v2\/product_cat?post=45133"},{"taxonomy":"product_tag","embeddable":true,"href":"https:\/\/staging.nbg.eu\/hu\/wp-json\/wp\/v2\/product_tag?post=45133"}],"curies":[{"name":"wp","href":"https:\/\/api.w.org\/{rel}","templated":true}]}}