{"id":45111,"date":"2024-08-18T09:27:48","date_gmt":"2024-09-10T12:34:31","guid":{"rendered":"https:\/\/staging.nbg.eu\/product\/thigh-pad-for-flex-alpha-x-racer-x-holsters\/"},"modified":"2024-09-10T12:35:14","modified_gmt":"2024-09-10T12:35:14","slug":"combvedo-flex-alpha-x-racer-x-tokokhoz","status":"publish","type":"product","link":"https:\/\/staging.nbg.eu\/hu\/termek\/combvedo-flex-alpha-x-racer-x-tokokhoz\/","title":{"rendered":"Combv\u00e9d\u0151 Flex \/ Alpha-X \/ Racer-X Tokokhoz"},"content":{"rendered":"<div class=\"product-description\">\n<h2>DAA Combp\u00e1rna Flex \/ Alpha-X \/ Racer-X Tokhoz<\/h2>\n<p>Fokozza l\u00f6v\u00e9szeti \u00e9lm\u00e9ny\u00e9t a DAA Combp\u00e1rn\u00e1val, amely kompatibilis az Alpha-X, Racer-X \u00e9s FLEX tokokkal. Ez a sokoldal\u00fa p\u00e1rna a k\u00f6vetkez\u0151ket k\u00edn\u00e1lja:<\/p>\n<ul>\n<li>Egyszer\u0171 felszerel\u00e9s &#8211; csavarok vagy ragaszt\u00f3 n\u00e9lk\u00fcl<\/li>\n<li>Biztons\u00e1gos illeszked\u00e9s bepattinthat\u00f3 f\u00fclekkel<\/li>\n<li>Kompakt, m\u00e9gis hat\u00e9kony kialak\u00edt\u00e1s<\/li>\n<li>Alkalmas jobb- \u00e9s balkezes tokokhoz is<\/li>\n<\/ul>\n<p>Egyszer\u0171en cs\u00fasztassa a Combp\u00e1rn\u00e1t a tok \u00f6vcsatlakoz\u00f3j\u00e1ra, am\u00edg a f\u00fclek a hely\u00fckre nem kattannak. Elt\u00e1vol\u00edt\u00e1shoz h\u00fazza fel a f\u00fcleket \u00e9s cs\u00fasztassa le. Ez a p\u00e1rna t\u00f6k\u00e9letes kieg\u00e9sz\u00edt\u0151je a Double-Alpha tokj\u00e1nak, extra k\u00e9nyelmet \u00e9s stabilit\u00e1st biztos\u00edtva a vil\u00e1g legjobb l\u00f6v\u00e9szei sz\u00e1m\u00e1ra.<\/p>\n<\/div>\n","protected":false},"excerpt":{"rendered":"<p>Combv\u00e9d\u0151 Alpha-X\/Racer-X-hez: Biztons\u00e1gos, k\u00e9nyelmes, szersz\u00e1mok n\u00e9lk\u00fcl felszerelhet\u0151.<\/p>\n","protected":false},"featured_media":26283,"template":"","meta":{"_acf_changed":false},"product_brand":[11267],"product_cat":[12959,12954],"product_tag":[],"class_list":{"0":"post-45111","1":"product","2":"type-product","3":"status-publish","4":"has-post-thumbnail","6":"product_brand-doublealpha","7":"product_cat-sport-tok","8":"product_cat-tok-kiegeszitok","10":"first","11":"instock","12":"taxable","13":"shipping-taxable","14":"purchasable","15":"product-type-simple"},"acf":[],"_links":{"self":[{"href":"https:\/\/staging.nbg.eu\/hu\/wp-json\/wp\/v2\/product\/45111","targetHints":{"allow":["GET"]}}],"collection":[{"href":"https:\/\/staging.nbg.eu\/hu\/wp-json\/wp\/v2\/product"}],"about":[{"href":"https:\/\/staging.nbg.eu\/hu\/wp-json\/wp\/v2\/types\/product"}],"wp:featuredmedia":[{"embeddable":true,"href":"https:\/\/staging.nbg.eu\/hu\/wp-json\/wp\/v2\/media\/26283"}],"wp:attachment":[{"href":"https:\/\/staging.nbg.eu\/hu\/wp-json\/wp\/v2\/media?parent=45111"}],"wp:term":[{"taxonomy":"product_brand","embeddable":true,"href":"https:\/\/staging.nbg.eu\/hu\/wp-json\/wp\/v2\/product_brand?post=45111"},{"taxonomy":"product_cat","embeddable":true,"href":"https:\/\/staging.nbg.eu\/hu\/wp-json\/wp\/v2\/product_cat?post=45111"},{"taxonomy":"product_tag","embeddable":true,"href":"https:\/\/staging.nbg.eu\/hu\/wp-json\/wp\/v2\/product_tag?post=45111"}],"curies":[{"name":"wp","href":"https:\/\/api.w.org\/{rel}","templated":true}]}}