{"id":45089,"date":"2024-08-18T09:28:23","date_gmt":"2024-08-18T09:28:23","guid":{"rendered":"https:\/\/staging.nbg.eu\/product\/daa-reloading-press-tool-holder\/"},"modified":"2024-09-10T12:29:32","modified_gmt":"2024-09-10T12:29:32","slug":"daa-ujratoelto-pres-szerszamtarto","status":"publish","type":"product","link":"https:\/\/staging.nbg.eu\/hu\/termek\/daa-ujratoelto-pres-szerszamtarto\/","title":{"rendered":"Daa \u00dajrat\u00f6lt\u0151-Pr\u00e9s Szersz\u00e1mtart\u00f3"},"content":{"rendered":"<div class=\"product-description\">\n<h2>DAA \u00dajrat\u00f6lt\u0151-pr\u00e9s Szersz\u00e1mtart\u00f3<\/h2>\n<p>Rendszerezze \u00fajrat\u00f6lt\u0151 szersz\u00e1mait ezzel a praktikus tart\u00f3val! A Dillon RL1100\/1050\/750\/650 pr\u00e9sekhez tervezve, k\u00f6nnyen felszerelhet\u0151 1 h\u00fcvelykes n\u00e9gyzet vagy k\u00f6r alak\u00fa cs\u00f6vekre.<\/p>\n<ul>\n<li>Tart\u00f3s, \u00fcvegsz\u00e1las meger\u0151s\u00edt\u00e9s\u0171 nylon szerkezet<\/li>\n<li>Gumi fest\u00e9kbevonat az attrakt\u00edv megjelen\u00e9s\u00e9rt<\/li>\n<li>7 imbuszkulcs, matricakulcs \u00e9s 3 tov\u00e1bbi szersz\u00e1m t\u00e1rol\u00e1s\u00e1ra alkalmas<\/li>\n<li>Nagy rekesz apr\u00f3 alkatr\u00e9szek t\u00e1rol\u00e1s\u00e1ra<\/li>\n<li>Be\u00e9p\u00edtett m\u00e1gnes f\u00e9m t\u00e1rgyak megtart\u00e1s\u00e1ra<\/li>\n<\/ul>\n<p>Tegye hat\u00e9konyabb\u00e1 \u00fajrat\u00f6lt\u0151 felszerel\u00e9s\u00e9t ezzel a sokoldal\u00fa szersz\u00e1mtart\u00f3val! (Szersz\u00e1mokat nem tartalmaz)<\/p>\n<\/div>\n","protected":false},"excerpt":{"rendered":"<p>Sokoldal\u00fa, pr\u00e9sre szerelhet\u0151 tart\u00f3 \u00fajrat\u00f6lt\u0151 szersz\u00e1mokhoz \u00e9s alkatr\u00e9szekhez.<\/p>\n","protected":false},"featured_media":26572,"template":"","meta":{"_acf_changed":false},"product_brand":[11267],"product_cat":[12963,12917],"product_tag":[],"class_list":{"0":"post-45089","1":"product","2":"type-product","3":"status-publish","4":"has-post-thumbnail","6":"product_brand-doublealpha","7":"product_cat-ujratoeltes","8":"product_cat-ujratoelto-kiegeszitok","10":"first","11":"outofstock","12":"taxable","13":"shipping-taxable","14":"purchasable","15":"product-type-simple"},"acf":[],"_links":{"self":[{"href":"https:\/\/staging.nbg.eu\/hu\/wp-json\/wp\/v2\/product\/45089","targetHints":{"allow":["GET"]}}],"collection":[{"href":"https:\/\/staging.nbg.eu\/hu\/wp-json\/wp\/v2\/product"}],"about":[{"href":"https:\/\/staging.nbg.eu\/hu\/wp-json\/wp\/v2\/types\/product"}],"wp:featuredmedia":[{"embeddable":true,"href":"https:\/\/staging.nbg.eu\/hu\/wp-json\/wp\/v2\/media\/26572"}],"wp:attachment":[{"href":"https:\/\/staging.nbg.eu\/hu\/wp-json\/wp\/v2\/media?parent=45089"}],"wp:term":[{"taxonomy":"product_brand","embeddable":true,"href":"https:\/\/staging.nbg.eu\/hu\/wp-json\/wp\/v2\/product_brand?post=45089"},{"taxonomy":"product_cat","embeddable":true,"href":"https:\/\/staging.nbg.eu\/hu\/wp-json\/wp\/v2\/product_cat?post=45089"},{"taxonomy":"product_tag","embeddable":true,"href":"https:\/\/staging.nbg.eu\/hu\/wp-json\/wp\/v2\/product_tag?post=45089"}],"curies":[{"name":"wp","href":"https:\/\/api.w.org\/{rel}","templated":true}]}}