{"id":45067,"date":"2024-08-18T09:28:37","date_gmt":"2024-08-18T09:28:37","guid":{"rendered":"https:\/\/staging.nbg.eu\/product\/lynx-belt-steel-mini-punch-tool\/"},"modified":"2024-09-10T12:25:54","modified_gmt":"2024-09-10T12:25:54","slug":"lynx-oev-acel-mini-lyukaszto-szerszam","status":"publish","type":"product","link":"https:\/\/staging.nbg.eu\/hu\/termek\/lynx-oev-acel-mini-lyukaszto-szerszam\/","title":{"rendered":"Lynx \u00d6v: Ac\u00e9l Mini Lyukaszt\u00f3 Szersz\u00e1m"},"content":{"rendered":"<p>A Lynx Belt: Steel Mini Punch Tool egy kompakt, egyedi gy\u00e1rt\u00e1s\u00fa ac\u00e9l \u00fct\u0151szersz\u00e1m, amelyet gyors \u00e9s egyszer\u0171 csapszeg elt\u00e1vol\u00edt\u00e1sra terveztek. T\u00f6k\u00e9letes \u00f6vcsatok be\u00e1ll\u00edt\u00e1s\u00e1hoz, ez a k\u00f6nny\u0171 szersz\u00e1m 70 mm hossz\u00fa, 6 mm-es fej\u00e1tm\u00e9r\u0151vel \u00e9s 2,5 mm-es sz\u00e1r\u00e1tm\u00e9r\u0151vel rendelkezik. Ide\u00e1lis kieg\u00e9sz\u00edt\u0151je a l\u0151t\u00e9ri szersz\u00e1mk\u00e9szlet\u00e9nek.<\/p>\n","protected":false},"excerpt":{"rendered":"<p>Kompakt ac\u00e9l lyukaszt\u00f3 eszk\u00f6z gyors \u00e9s egyszer\u0171 sz\u00edjl\u00e1nc-be\u00e1ll\u00edt\u00e1sokhoz.<\/p>\n","protected":false},"featured_media":26710,"template":"","meta":{"_acf_changed":false},"product_brand":[11267],"product_cat":[12934,12937],"product_tag":[],"class_list":{"0":"post-45067","1":"product","2":"type-product","3":"status-publish","4":"has-post-thumbnail","6":"product_brand-doublealpha","7":"product_cat-felszereles","8":"product_cat-sport-oevek","10":"first","11":"instock","12":"taxable","13":"shipping-taxable","14":"purchasable","15":"product-type-simple"},"acf":[],"_links":{"self":[{"href":"https:\/\/staging.nbg.eu\/hu\/wp-json\/wp\/v2\/product\/45067","targetHints":{"allow":["GET"]}}],"collection":[{"href":"https:\/\/staging.nbg.eu\/hu\/wp-json\/wp\/v2\/product"}],"about":[{"href":"https:\/\/staging.nbg.eu\/hu\/wp-json\/wp\/v2\/types\/product"}],"wp:featuredmedia":[{"embeddable":true,"href":"https:\/\/staging.nbg.eu\/hu\/wp-json\/wp\/v2\/media\/26710"}],"wp:attachment":[{"href":"https:\/\/staging.nbg.eu\/hu\/wp-json\/wp\/v2\/media?parent=45067"}],"wp:term":[{"taxonomy":"product_brand","embeddable":true,"href":"https:\/\/staging.nbg.eu\/hu\/wp-json\/wp\/v2\/product_brand?post=45067"},{"taxonomy":"product_cat","embeddable":true,"href":"https:\/\/staging.nbg.eu\/hu\/wp-json\/wp\/v2\/product_cat?post=45067"},{"taxonomy":"product_tag","embeddable":true,"href":"https:\/\/staging.nbg.eu\/hu\/wp-json\/wp\/v2\/product_tag?post=45067"}],"curies":[{"name":"wp","href":"https:\/\/api.w.org\/{rel}","templated":true}]}}