{"id":45045,"date":"2024-08-18T09:29:43","date_gmt":"2024-08-18T09:29:43","guid":{"rendered":"https:\/\/staging.nbg.eu\/product\/daa-primer-tube-cap-5-pack\/"},"modified":"2024-09-10T12:23:56","modified_gmt":"2024-09-10T12:23:56","slug":"daa-gyujtokapszula-cso-kupak-5-darabos-csomag","status":"publish","type":"product","link":"https:\/\/staging.nbg.eu\/hu\/termek\/daa-gyujtokapszula-cso-kupak-5-darabos-csomag\/","title":{"rendered":"Daa Gy\u00fajt\u00f3kapszula-Cs\u0151 Kupak, 5 Darabos Csomag"},"content":{"rendered":"<p>\n<strong>DAA gyutacscs\u0151-kupak, 5 darabos csomag<\/strong><br \/>\nEgyedi szilikon gumi v\u00e9gz\u00e1r\u00f3 sapk\u00e1k 8 mm-es gyutacscs\u00f6vekhez. Megakad\u00e1lyozza a ki\u00f6ml\u00e9st gyors t\u00f6lt\u0151 eszk\u00f6z\u00f6k haszn\u00e1latakor. K\u00f6nnyen haszn\u00e1lhat\u00f3: cs\u00fasztassa r\u00e1, fektesse le. Nincs t\u00f6bb gyutacs rendetlens\u00e9g!<\/p>\n<ul>\n<li>A legt\u00f6bb \u00fajrat\u00f6lt\u0151 cs\u0151h\u00f6z illeszkedik<\/li>\n<li>Kompatibilis a DAA Primer-Pro \u00e9s m\u00e1s t\u00f6lt\u0151kkel<\/li>\n<li>Sz\u00edn: Piros<\/li>\n<li>5 darabos csomag<\/li>\n<\/ul>\n<p>Biztos\u00edtsa gyutacsait ezekkel a praktikus kupakokkal!<\/p>\n","protected":false},"excerpt":{"rendered":"<p>Biztons\u00e1gos 8 mm-es primer cs\u00f6vek k\u00f6nnyen felhelyezhet\u0151, ki\u00f6ml\u00e9st megakad\u00e1lyoz\u00f3 szilikon kupakokkal.<\/p>\n","protected":false},"featured_media":26733,"template":"","meta":{"_acf_changed":false},"product_brand":[11267],"product_cat":[12963,12917],"product_tag":[],"class_list":{"0":"post-45045","1":"product","2":"type-product","3":"status-publish","4":"has-post-thumbnail","6":"product_brand-doublealpha","7":"product_cat-ujratoeltes","8":"product_cat-ujratoelto-kiegeszitok","10":"first","11":"outofstock","12":"taxable","13":"shipping-taxable","14":"purchasable","15":"product-type-simple"},"acf":[],"_links":{"self":[{"href":"https:\/\/staging.nbg.eu\/hu\/wp-json\/wp\/v2\/product\/45045","targetHints":{"allow":["GET"]}}],"collection":[{"href":"https:\/\/staging.nbg.eu\/hu\/wp-json\/wp\/v2\/product"}],"about":[{"href":"https:\/\/staging.nbg.eu\/hu\/wp-json\/wp\/v2\/types\/product"}],"wp:featuredmedia":[{"embeddable":true,"href":"https:\/\/staging.nbg.eu\/hu\/wp-json\/wp\/v2\/media\/26733"}],"wp:attachment":[{"href":"https:\/\/staging.nbg.eu\/hu\/wp-json\/wp\/v2\/media?parent=45045"}],"wp:term":[{"taxonomy":"product_brand","embeddable":true,"href":"https:\/\/staging.nbg.eu\/hu\/wp-json\/wp\/v2\/product_brand?post=45045"},{"taxonomy":"product_cat","embeddable":true,"href":"https:\/\/staging.nbg.eu\/hu\/wp-json\/wp\/v2\/product_cat?post=45045"},{"taxonomy":"product_tag","embeddable":true,"href":"https:\/\/staging.nbg.eu\/hu\/wp-json\/wp\/v2\/product_tag?post=45045"}],"curies":[{"name":"wp","href":"https:\/\/api.w.org\/{rel}","templated":true}]}}