{"id":45023,"date":"2024-08-18T09:29:56","date_gmt":"2024-09-10T12:18:12","guid":{"rendered":"https:\/\/staging.nbg.eu\/product\/buckle-kit-lynx\/"},"modified":"2024-09-10T12:18:51","modified_gmt":"2024-09-10T12:18:51","slug":"csat-keszlet-lynx","status":"publish","type":"product","link":"https:\/\/staging.nbg.eu\/hu\/termek\/csat-keszlet-lynx\/","title":{"rendered":"Csat K\u00e9szlet &#8211; Lynx"},"content":{"rendered":"<div class=\"product-description\">\n<h2>Csat k\u00e9szlet &#8211; Lynx<\/h2>\n<p>Fejlessze Lynx \u00f6v\u00e9t haszn\u00e1latra k\u00e9sz Csat k\u00e9szlet\u00fcnkkel! Ez az \u00e1tfog\u00f3 csomag tartalmazza:<\/p>\n<ul>\n<li>Teljesen \u00f6sszeszerelt Lynx csatot<\/li>\n<li>Lynx \u00f6v v\u00e9gdarabot<\/li>\n<li>50 hengeres csapszeget az \u00f6v \u00f6sszeszerel\u00e9s\u00e9hez<\/li>\n<li>Tartal\u00e9k szilikon O-gy\u0171r\u0171t<\/li>\n<li>Egyedi tervez\u00e9s\u0171 ac\u00e9l mini lyukaszt\u00f3 szersz\u00e1mot<\/li>\n<\/ul>\n<p>Egyszer\u0171en csatlakoztassa az el\u0151re \u00f6sszeszerelt csatot a Lynx \u00f6v\u00e9hez az azonnali haszn\u00e1lathoz. K\u00e9szlet\u00fcnk mindent tartalmaz, amire sz\u00fcks\u00e9ge van a gyors \u00e9s probl\u00e9mamentes \u00f6v fejleszt\u00e9shez.<\/p>\n<\/div>\n","protected":false},"excerpt":{"rendered":"<p>Haszn\u00e1latra k\u00e9sz Lynx csat k\u00e9szlet szersz\u00e1mokkal az egyszer\u0171 \u00f6v\u00f6sszeszerel\u00e9shez.<\/p>\n","protected":false},"featured_media":26779,"template":"","meta":{"_acf_changed":false},"product_brand":[11267],"product_cat":[12934,12937],"product_tag":[],"class_list":{"0":"post-45023","1":"product","2":"type-product","3":"status-publish","4":"has-post-thumbnail","6":"product_brand-doublealpha","7":"product_cat-felszereles","8":"product_cat-sport-oevek","10":"first","11":"instock","12":"taxable","13":"shipping-taxable","14":"purchasable","15":"product-type-simple"},"acf":[],"_links":{"self":[{"href":"https:\/\/staging.nbg.eu\/hu\/wp-json\/wp\/v2\/product\/45023","targetHints":{"allow":["GET"]}}],"collection":[{"href":"https:\/\/staging.nbg.eu\/hu\/wp-json\/wp\/v2\/product"}],"about":[{"href":"https:\/\/staging.nbg.eu\/hu\/wp-json\/wp\/v2\/types\/product"}],"wp:featuredmedia":[{"embeddable":true,"href":"https:\/\/staging.nbg.eu\/hu\/wp-json\/wp\/v2\/media\/26779"}],"wp:attachment":[{"href":"https:\/\/staging.nbg.eu\/hu\/wp-json\/wp\/v2\/media?parent=45023"}],"wp:term":[{"taxonomy":"product_brand","embeddable":true,"href":"https:\/\/staging.nbg.eu\/hu\/wp-json\/wp\/v2\/product_brand?post=45023"},{"taxonomy":"product_cat","embeddable":true,"href":"https:\/\/staging.nbg.eu\/hu\/wp-json\/wp\/v2\/product_cat?post=45023"},{"taxonomy":"product_tag","embeddable":true,"href":"https:\/\/staging.nbg.eu\/hu\/wp-json\/wp\/v2\/product_tag?post=45023"}],"curies":[{"name":"wp","href":"https:\/\/api.w.org\/{rel}","templated":true}]}}