{"id":45001,"date":"2024-08-18T09:30:21","date_gmt":"2024-08-18T09:30:21","guid":{"rendered":"https:\/\/staging.nbg.eu\/product\/lynx-belt-ratchet-buckle\/"},"modified":"2024-09-10T12:03:04","modified_gmt":"2024-09-10T12:03:04","slug":"lynx-oev-racsnis-csat","status":"publish","type":"product","link":"https:\/\/staging.nbg.eu\/hu\/termek\/lynx-oev-racsnis-csat\/","title":{"rendered":"Lynx \u00d6v Racsnis Csat"},"content":{"rendered":"<div class=\"product-description\">\n<h2>DAA Lynx \u00d6v Racsnis Csat<\/h2>\n<p>Fejleszd l\u00f6v\u00e9sz felszerel\u00e9sedet a DAA Lynx \u00d6v Racsnis Csat rendszerrel. Ez az innovat\u00edv csat a k\u00f6vetkez\u0151ket k\u00edn\u00e1lja:<\/p>\n<ul>\n<li>Nagyobb hossz\u00fas\u00e1g-\u00e1ll\u00edthat\u00f3s\u00e1g a ruh\u00e1zat k\u00f6nny\u0171 kompenz\u00e1l\u00e1s\u00e1hoz<\/li>\n<li>Gyors laz\u00edt\u00e1s \u00e9s szor\u00edt\u00e1s a szakaszok k\u00f6z\u00f6tt<\/li>\n<li>Tart\u00f3s ac\u00e9l \u00e9s alum\u00ednium szerkezet<\/li>\n<li>23 mm sz\u00e9les gumip\u00e1nt 16 cm-es \u00e1ll\u00edt\u00e1si tartom\u00e1nnyal<\/li>\n<li>K\u00e9t el\u0151re f\u00fart fekete l\u00e1ncszem ac\u00e9l menetes bet\u00e9tekkel<\/li>\n<\/ul>\n<p>Aj\u00e1nlott elhelyez\u00e9s: el\u00f6l, a tok \u00e9s az els\u0151 tasak k\u00f6z\u00f6tt. A p\u00e1nt r\u00f6vid\u00edthet\u0151 \u00e9s a csat ir\u00e1nya megford\u00edthat\u00f3, ha sz\u00fcks\u00e9ges. Fokozd a l\u00f6v\u00e9sz\u00e9lm\u00e9nyedet jav\u00edtott k\u00e9nyelemmel \u00e9s praktikuss\u00e1ggal!<\/p>\n<\/div>\n","protected":false},"excerpt":{"rendered":"<p>Racsnis csat a k\u00f6nny\u0171 \u00f6vbe\u00e1ll\u00edt\u00e1shoz \u00e9s gyors megh\u00faz\u00e1shoz.<\/p>\n","protected":false},"featured_media":26871,"template":"","meta":{"_acf_changed":false},"product_brand":[11267],"product_cat":[12934,12937],"product_tag":[],"class_list":{"0":"post-45001","1":"product","2":"type-product","3":"status-publish","4":"has-post-thumbnail","6":"product_brand-doublealpha","7":"product_cat-felszereles","8":"product_cat-sport-oevek","10":"first","11":"instock","12":"taxable","13":"shipping-taxable","14":"purchasable","15":"product-type-simple"},"acf":[],"_links":{"self":[{"href":"https:\/\/staging.nbg.eu\/hu\/wp-json\/wp\/v2\/product\/45001","targetHints":{"allow":["GET"]}}],"collection":[{"href":"https:\/\/staging.nbg.eu\/hu\/wp-json\/wp\/v2\/product"}],"about":[{"href":"https:\/\/staging.nbg.eu\/hu\/wp-json\/wp\/v2\/types\/product"}],"wp:featuredmedia":[{"embeddable":true,"href":"https:\/\/staging.nbg.eu\/hu\/wp-json\/wp\/v2\/media\/26871"}],"wp:attachment":[{"href":"https:\/\/staging.nbg.eu\/hu\/wp-json\/wp\/v2\/media?parent=45001"}],"wp:term":[{"taxonomy":"product_brand","embeddable":true,"href":"https:\/\/staging.nbg.eu\/hu\/wp-json\/wp\/v2\/product_brand?post=45001"},{"taxonomy":"product_cat","embeddable":true,"href":"https:\/\/staging.nbg.eu\/hu\/wp-json\/wp\/v2\/product_cat?post=45001"},{"taxonomy":"product_tag","embeddable":true,"href":"https:\/\/staging.nbg.eu\/hu\/wp-json\/wp\/v2\/product_tag?post=45001"}],"curies":[{"name":"wp","href":"https:\/\/api.w.org\/{rel}","templated":true}]}}