{"id":44979,"date":"2024-08-18T09:31:04","date_gmt":"2024-08-18T09:31:04","guid":{"rendered":"https:\/\/staging.nbg.eu\/product\/daa-1-die-box-end-wrench\/"},"modified":"2024-09-10T11:56:33","modified_gmt":"2024-09-10T11:56:33","slug":"daa-1-matrica-gyurus-csavarkulcs","status":"publish","type":"product","link":"https:\/\/staging.nbg.eu\/hu\/termek\/daa-1-matrica-gyurus-csavarkulcs\/","title":{"rendered":"Daa 1&#8243; Matrica, Gy\u0171r\u0171s Csavarkulcs"},"content":{"rendered":"<div class=\"product-description\">\n<h2>DAA 1&#8243; Szersz\u00e1mkulcs \u00dajrat\u00f6lt\u0151kh\u00f6z<\/h2>\n<p>A t\u00f6k\u00e9letes megold\u00e1s azoknak az \u00fajrat\u00f6lt\u0151knek, akik k\u00fczdenek a sz\u0171k szersz\u00e1mfejeken l\u00e9v\u0151 matric\u00e1k be\u00e1ll\u00edt\u00e1s\u00e1val. Ez a testre szabott, l\u00e9zerrel v\u00e1gott rozsdamentes ac\u00e9l kulcs a k\u00f6vetkez\u0151 jellemz\u0151kkel rendelkezik:<\/p>\n<ul>\n<li>V\u00e9kony fal\u00fa kialak\u00edt\u00e1s a matric\u00e1k k\u00f6z\u00f6tti k\u00f6nny\u0171 hozz\u00e1f\u00e9r\u00e9shez<\/li>\n<li>T\u00f6bbsz\u00f6r\u00f6s befog\u00f3pof\u00e1k az optim\u00e1lis pozicion\u00e1l\u00e1shoz<\/li>\n<li>Tart\u00f3s kivitel az \u00e9lettartam haszn\u00e1lathoz<\/li>\n<li>Prec\u00edzi\u00f3s tervez\u00e9s 1&#8243;-os any\u00e1khoz<\/li>\n<\/ul>\n<p>Fejlessze \u00fajrat\u00f6lt\u0151 felszerel\u00e9s\u00e9t ezzel a n\u00e9lk\u00fcl\u00f6zhetetlen eszk\u00f6zzel, amelyet \u00fagy terveztek, hogy a matric\u00e1k be\u00e1ll\u00edt\u00e1sa gyors \u00e9s er\u0151fesz\u00edt\u00e9s n\u00e9lk\u00fcli legyen. Kompatibilis a standard 1&#8243;-os matrica any\u00e1kkal, maxim\u00e1lis sokoldal\u00fas\u00e1got \u00e9s k\u00e9nyelmet biztos\u00edtva.<\/p>\n<\/div>\n","protected":false},"excerpt":{"rendered":"<p>DAA 1&#8243; Matrica Kulcs: V\u00e9kony, er\u0151s, sokoldal\u00fa. K\u00f6nny\u0171 hozz\u00e1f\u00e9r\u00e9st biztos\u00edt \u00fajrat\u00f6lt\u0151knek.<\/p>\n","protected":false},"featured_media":27009,"template":"","meta":{"_acf_changed":false},"product_brand":[11267],"product_cat":[12963,12917],"product_tag":[],"class_list":{"0":"post-44979","1":"product","2":"type-product","3":"status-publish","4":"has-post-thumbnail","6":"product_brand-doublealpha","7":"product_cat-ujratoeltes","8":"product_cat-ujratoelto-kiegeszitok","10":"first","11":"outofstock","12":"taxable","13":"shipping-taxable","14":"purchasable","15":"product-type-simple"},"acf":[],"_links":{"self":[{"href":"https:\/\/staging.nbg.eu\/hu\/wp-json\/wp\/v2\/product\/44979","targetHints":{"allow":["GET"]}}],"collection":[{"href":"https:\/\/staging.nbg.eu\/hu\/wp-json\/wp\/v2\/product"}],"about":[{"href":"https:\/\/staging.nbg.eu\/hu\/wp-json\/wp\/v2\/types\/product"}],"wp:featuredmedia":[{"embeddable":true,"href":"https:\/\/staging.nbg.eu\/hu\/wp-json\/wp\/v2\/media\/27009"}],"wp:attachment":[{"href":"https:\/\/staging.nbg.eu\/hu\/wp-json\/wp\/v2\/media?parent=44979"}],"wp:term":[{"taxonomy":"product_brand","embeddable":true,"href":"https:\/\/staging.nbg.eu\/hu\/wp-json\/wp\/v2\/product_brand?post=44979"},{"taxonomy":"product_cat","embeddable":true,"href":"https:\/\/staging.nbg.eu\/hu\/wp-json\/wp\/v2\/product_cat?post=44979"},{"taxonomy":"product_tag","embeddable":true,"href":"https:\/\/staging.nbg.eu\/hu\/wp-json\/wp\/v2\/product_tag?post=44979"}],"curies":[{"name":"wp","href":"https:\/\/api.w.org\/{rel}","templated":true}]}}