{"id":44957,"date":"2024-08-18T09:31:20","date_gmt":"2024-08-18T09:31:20","guid":{"rendered":"https:\/\/staging.nbg.eu\/product\/dillon-daa-click-adjustable-powder-knob-v2\/"},"modified":"2024-09-10T11:51:01","modified_gmt":"2024-09-10T11:51:01","slug":"dillon-daa-kattanos-lopor-gomb-v2","status":"publish","type":"product","link":"https:\/\/staging.nbg.eu\/hu\/termek\/dillon-daa-kattanos-lopor-gomb-v2\/","title":{"rendered":"Dillon &#8211; Daa Kattan\u00f3s L\u0151por Gomb V2"},"content":{"rendered":"<div class=\"product-description\">\n<h2>Dillon &#8211; DAA Kattinthat\u00f3, \u00c1ll\u00edthat\u00f3 L\u0151por Gomb V2<\/h2>\n<p>Fejlessze \u00fajrat\u00f6lt\u00e9si \u00e9lm\u00e9ny\u00e9t a DAA Kattinthat\u00f3, \u00c1ll\u00edthat\u00f3 L\u0151por Gomb V2-vel, a DAA tov\u00e1bbfejlesztett m\u00e1sodik gener\u00e1ci\u00f3s term\u00e9k\u00e9vel. Ez a prec\u00edzi\u00f3s gomb a k\u00f6vetkez\u0151 jellemz\u0151kkel rendelkezik:<\/p>\n<ul>\n<li>K\u00e9tr\u00e9szes alum\u00ednium konstrukci\u00f3 a k\u00f6nny\u0171 \u00f6sszeszerel\u00e9shez<\/li>\n<li>32 mm-es kerek, megmunk\u00e1lt alum\u00ednium gomb l\u00e9zer grav\u00edroz\u00e1ssal<\/li>\n<li>Rec\u00e9zett k\u00fcls\u0151 \u00e9l a jobb fog\u00e1s \u00e9s ir\u00e1ny\u00edt\u00e1s \u00e9rdek\u00e9ben<\/li>\n<li>Hallhat\u00f3 kattan\u00e1sok a pontos 18 fokos be\u00e1ll\u00edt\u00e1sokhoz<\/li>\n<li>20 kattan\u00e1s fordulatonk\u00e9nt a prec\u00edz l\u0151poradagol\u00e1s szab\u00e1lyoz\u00e1s\u00e1hoz<\/li>\n<li>L\u00e9zergrav\u00edrozott sz\u00e1mlappal az adagol\u00e1s n\u00f6vel\u00e9s\u00e9nek\/cs\u00f6kkent\u00e9s\u00e9nek jelz\u00e9s\u00e9re<\/li>\n<li>Kompatibilis a kis Dillon adagol\u00f3rudakkal (nem alkalmas nagy pusk\u00e1khoz val\u00f3 adagol\u00f3rudakhoz)<\/li>\n<\/ul>\n<p>K\u00f6nnyed\u00e9n telep\u00edtse \u00e9s \u00e1ll\u00edtsa be l\u0151poradagjait ezzel a letisztult, funkcion\u00e1lis \u00e9s felhaszn\u00e1l\u00f3bar\u00e1t gombbal. Emelje magasabb szintre \u00fajrat\u00f6lt\u0151 felszerel\u00e9s\u00e9t m\u00e9g ma!<\/p>\n<\/div>\n","protected":false},"excerpt":{"rendered":"<p>Pontos, k\u00f6nnyen haszn\u00e1lhat\u00f3 l\u0151poradagol\u00f3 be\u00e1ll\u00edt\u00e1s Dillon pr\u00e9sg\u00e9pekhez.<\/p>\n","protected":false},"featured_media":27055,"template":"","meta":{"_acf_changed":false},"product_brand":[11267],"product_cat":[12963,12917],"product_tag":[],"class_list":{"0":"post-44957","1":"product","2":"type-product","3":"status-publish","4":"has-post-thumbnail","6":"product_brand-doublealpha","7":"product_cat-ujratoeltes","8":"product_cat-ujratoelto-kiegeszitok","10":"first","11":"outofstock","12":"taxable","13":"shipping-taxable","14":"purchasable","15":"product-type-simple"},"acf":[],"_links":{"self":[{"href":"https:\/\/staging.nbg.eu\/hu\/wp-json\/wp\/v2\/product\/44957","targetHints":{"allow":["GET"]}}],"collection":[{"href":"https:\/\/staging.nbg.eu\/hu\/wp-json\/wp\/v2\/product"}],"about":[{"href":"https:\/\/staging.nbg.eu\/hu\/wp-json\/wp\/v2\/types\/product"}],"wp:featuredmedia":[{"embeddable":true,"href":"https:\/\/staging.nbg.eu\/hu\/wp-json\/wp\/v2\/media\/27055"}],"wp:attachment":[{"href":"https:\/\/staging.nbg.eu\/hu\/wp-json\/wp\/v2\/media?parent=44957"}],"wp:term":[{"taxonomy":"product_brand","embeddable":true,"href":"https:\/\/staging.nbg.eu\/hu\/wp-json\/wp\/v2\/product_brand?post=44957"},{"taxonomy":"product_cat","embeddable":true,"href":"https:\/\/staging.nbg.eu\/hu\/wp-json\/wp\/v2\/product_cat?post=44957"},{"taxonomy":"product_tag","embeddable":true,"href":"https:\/\/staging.nbg.eu\/hu\/wp-json\/wp\/v2\/product_tag?post=44957"}],"curies":[{"name":"wp","href":"https:\/\/api.w.org\/{rel}","templated":true}]}}