{"id":44935,"date":"2024-08-18T09:31:43","date_gmt":"2024-08-18T09:31:43","guid":{"rendered":"https:\/\/staging.nbg.eu\/product\/daa-reloading-hex-key-set\/"},"modified":"2024-09-10T11:35:47","modified_gmt":"2024-09-10T11:35:47","slug":"daa-ujratoelto-imbuszkulcs-keszlet","status":"publish","type":"product","link":"https:\/\/staging.nbg.eu\/hu\/termek\/daa-ujratoelto-imbuszkulcs-keszlet\/","title":{"rendered":"# Daa \u00dajrat\u00f6lt\u0151 Imbuszkulcs K\u00e9szlet"},"content":{"rendered":"<p>Jav\u00edtsa \u00fajrat\u00f6lt\u00e9si \u00e9lm\u00e9ny\u00e9t a DAA \u00dajrat\u00f6lt\u0151 Imbuszkulcs K\u00e9szlettel. Ez a 7 darabos, hossz\u00fa, g\u00f6mb v\u00e9g\u0171 imbuszkulcs k\u00e9szlet a k\u00f6vetkez\u0151 tulajdons\u00e1gokkal rendelkezik:<\/p>\n<ul>\n<li>Kiv\u00e1l\u00f3 min\u0151s\u00e9g\u0171 kivitelez\u00e9s<\/li>\n<li>\u00c9l\u00e9nk piros vinyl bevonat\u00fa v\u00e1ll a jobb l\u00e1that\u00f3s\u00e1g\u00e9rt<\/li>\n<li>T\u00f6k\u00e9letes Dillon \u00e9s m\u00e1s amerikai gy\u00e1rt\u00e1s\u00fa pr\u00e9sekhez<\/li>\n<li>M\u00e9retek: 5\/64&#8243;, 3\/32&#8243;, 1\/8&#8243;, 9\/64&#8243;, 5\/32&#8243;, 3\/16&#8243;, 1\/4&#8243;<\/li>\n<\/ul>\n<p>Ide\u00e1lis kieg\u00e9sz\u00edt\u0151 a DAA \u00dajrat\u00f6lt\u0151-pr\u00e9s Szersz\u00e1mtart\u00f3hoz.<\/p>\n","protected":false},"excerpt":{"rendered":"<p>7 r\u00e9szes g\u00f6mbv\u00e9g\u0171 imbuszkulcs k\u00e9szlet amerikai \u00fajrat\u00f6lt\u0151 pr\u00e9sekhez. Piros vinyl.<\/p>\n","protected":false},"featured_media":27147,"template":"","meta":{"_acf_changed":false},"product_brand":[11267],"product_cat":[12963,12917],"product_tag":[],"class_list":{"0":"post-44935","1":"product","2":"type-product","3":"status-publish","4":"has-post-thumbnail","6":"product_brand-doublealpha","7":"product_cat-ujratoeltes","8":"product_cat-ujratoelto-kiegeszitok","10":"first","11":"outofstock","12":"taxable","13":"shipping-taxable","14":"purchasable","15":"product-type-simple"},"acf":[],"_links":{"self":[{"href":"https:\/\/staging.nbg.eu\/hu\/wp-json\/wp\/v2\/product\/44935","targetHints":{"allow":["GET"]}}],"collection":[{"href":"https:\/\/staging.nbg.eu\/hu\/wp-json\/wp\/v2\/product"}],"about":[{"href":"https:\/\/staging.nbg.eu\/hu\/wp-json\/wp\/v2\/types\/product"}],"wp:featuredmedia":[{"embeddable":true,"href":"https:\/\/staging.nbg.eu\/hu\/wp-json\/wp\/v2\/media\/27147"}],"wp:attachment":[{"href":"https:\/\/staging.nbg.eu\/hu\/wp-json\/wp\/v2\/media?parent=44935"}],"wp:term":[{"taxonomy":"product_brand","embeddable":true,"href":"https:\/\/staging.nbg.eu\/hu\/wp-json\/wp\/v2\/product_brand?post=44935"},{"taxonomy":"product_cat","embeddable":true,"href":"https:\/\/staging.nbg.eu\/hu\/wp-json\/wp\/v2\/product_cat?post=44935"},{"taxonomy":"product_tag","embeddable":true,"href":"https:\/\/staging.nbg.eu\/hu\/wp-json\/wp\/v2\/product_tag?post=44935"}],"curies":[{"name":"wp","href":"https:\/\/api.w.org\/{rel}","templated":true}]}}