{"id":44913,"date":"2024-08-18T09:32:43","date_gmt":"2024-08-18T09:32:43","guid":{"rendered":"https:\/\/staging.nbg.eu\/product\/daa-toolhead-led-lighting-controller-unit\/"},"modified":"2024-09-10T11:30:50","modified_gmt":"2024-09-10T11:30:50","slug":"daa-szerszamfej-led-vilagitas-vezerlo-egyseg","status":"publish","type":"product","link":"https:\/\/staging.nbg.eu\/hu\/termek\/daa-szerszamfej-led-vilagitas-vezerlo-egyseg\/","title":{"rendered":"Daa Szersz\u00e1mfej Led Vil\u00e1g\u00edt\u00e1s Vez\u00e9rl\u0151 Egys\u00e9g"},"content":{"rendered":"<h2>DAA Szersz\u00e1mfej LED Vil\u00e1g\u00edt\u00e1s Vez\u00e9rl\u0151 Egys\u00e9g<\/h2>\n<p>Vil\u00e1g\u00edtsa meg munkater\u00fclet\u00e9t precizit\u00e1ssal! Ez a sokoldal\u00fa vez\u00e9rl\u0151 m\u0171k\u00f6dteti az \u00f6sszes DAA LED szersz\u00e1mfej vil\u00e1g\u00edt\u00e1st, a 4 LED-es panelekt\u0151l a 10 LED-es Mark7 panelekig. Jellemz\u0151i:<\/p>\n<ul>\n<li>Intelligens elektronika az automatikus panel azonos\u00edt\u00e1shoz<\/li>\n<li>Kompakt kialak\u00edt\u00e1s g\u00f6rg\u0151s BE\/KI kapcsol\u00f3val \u00e9s f\u00e9nyer\u0151szab\u00e1lyz\u00f3val<\/li>\n<li>30 cm-es csatlakoz\u00f3k\u00e1bel<\/li>\n<li>T\u00e9p\u0151z\u00e1ras f\u00fcl az egyszer\u0171 r\u00f6gz\u00edt\u00e9shez<\/li>\n<li>110\/220V-os t\u00e1pegys\u00e9g 2 m\u00e9teres vezet\u00e9kkel \u00e9s US\/EU csatlakoz\u00f3val<\/li>\n<\/ul>\n<p>Optimaliz\u00e1lja vil\u00e1g\u00edt\u00e1si rendszer\u00e9t ezzel a n\u00e9lk\u00fcl\u00f6zhetetlen kieg\u00e9sz\u00edt\u0151vel!<\/p>\n","protected":false},"excerpt":{"rendered":"<p>Sokoldal\u00fa LED-vez\u00e9rl\u0151 f\u00e9nyer\u0151szab\u00e1lyz\u00f3val \u00fajrat\u00f6lt\u0151 pr\u00e9s megvil\u00e1g\u00edt\u00e1s\u00e1hoz.<\/p>\n","protected":false},"featured_media":27193,"template":"","meta":{"_acf_changed":false},"product_brand":[11267],"product_cat":[12963,12917],"product_tag":[],"class_list":{"0":"post-44913","1":"product","2":"type-product","3":"status-publish","4":"has-post-thumbnail","6":"product_brand-doublealpha","7":"product_cat-ujratoeltes","8":"product_cat-ujratoelto-kiegeszitok","10":"first","11":"outofstock","12":"taxable","13":"shipping-taxable","14":"purchasable","15":"product-type-simple"},"acf":[],"_links":{"self":[{"href":"https:\/\/staging.nbg.eu\/hu\/wp-json\/wp\/v2\/product\/44913","targetHints":{"allow":["GET"]}}],"collection":[{"href":"https:\/\/staging.nbg.eu\/hu\/wp-json\/wp\/v2\/product"}],"about":[{"href":"https:\/\/staging.nbg.eu\/hu\/wp-json\/wp\/v2\/types\/product"}],"wp:featuredmedia":[{"embeddable":true,"href":"https:\/\/staging.nbg.eu\/hu\/wp-json\/wp\/v2\/media\/27193"}],"wp:attachment":[{"href":"https:\/\/staging.nbg.eu\/hu\/wp-json\/wp\/v2\/media?parent=44913"}],"wp:term":[{"taxonomy":"product_brand","embeddable":true,"href":"https:\/\/staging.nbg.eu\/hu\/wp-json\/wp\/v2\/product_brand?post=44913"},{"taxonomy":"product_cat","embeddable":true,"href":"https:\/\/staging.nbg.eu\/hu\/wp-json\/wp\/v2\/product_cat?post=44913"},{"taxonomy":"product_tag","embeddable":true,"href":"https:\/\/staging.nbg.eu\/hu\/wp-json\/wp\/v2\/product_tag?post=44913"}],"curies":[{"name":"wp","href":"https:\/\/api.w.org\/{rel}","templated":true}]}}