{"id":44869,"date":"2024-08-18T09:33:23","date_gmt":"2024-08-18T09:33:23","guid":{"rendered":"https:\/\/staging.nbg.eu\/product\/daa-toolhead-led-lighting-pcb-dillon-1050-1100\/"},"modified":"2024-09-10T11:21:31","modified_gmt":"2024-09-10T11:21:31","slug":"daa-szerszamfej-led-vilagitas-pcb-dillon-10501100","status":"publish","type":"product","link":"https:\/\/staging.nbg.eu\/hu\/termek\/daa-szerszamfej-led-vilagitas-pcb-dillon-10501100\/","title":{"rendered":"Daa Szersz\u00e1mfej Led Vil\u00e1g\u00edt\u00e1s Pcb &#8211; Dillon 1050\/1100"},"content":{"rendered":"<h2>DAA Szersz\u00e1mfej LED Vil\u00e1g\u00edt\u00e1s PCB &#8211; Dillon 1050\/1100<\/h2>\n<p>Fokozza \u00fajrat\u00f6lt\u00e9si \u00e9lm\u00e9ny\u00e9t a DAA Szersz\u00e1mfej LED Vil\u00e1g\u00edt\u00e1s PCB-vel Dillon 1050\/1100-hoz. Ez a kiv\u00e1l\u00f3 min\u0151s\u00e9g\u0171 alum\u00ednium PCB a k\u00f6vetkez\u0151 tulajdons\u00e1gokkal rendelkezik:<\/p>\n<ul>\n<li>8 f\u00e9nyes LED l\u00e1mpa a t\u00f6k\u00e9letes h\u00fcvelyt\u00e1ny\u00e9r megvil\u00e1g\u00edt\u00e1s\u00e1hoz<\/li>\n<li>Feh\u00e9r sz\u00edn a megn\u00f6velt f\u00e9nyvisszaver\u0151d\u00e9s\u00e9rt<\/li>\n<li>El\u0151re felszerelt k\u00e9toldal\u00fa ragaszt\u00f3szalaggal a k\u00f6nny\u0171 telep\u00edt\u00e9shez<\/li>\n<li>Kompatibilis a DAA vez\u00e9rl\u0151egys\u00e9ggel (k\u00fcl\u00f6n kaphat\u00f3)<\/li>\n<li>F\u00e9nyer\u0151ss\u00e9g-szab\u00e1lyoz\u00f3 funkci\u00f3 a testreszabhat\u00f3 vil\u00e1g\u00edt\u00e1shoz<\/li>\n<\/ul>\n<p>Cs\u00f6kkentse a szemterhel\u00e9st \u00e9s minimaliz\u00e1lja a hib\u00e1kat \u00fajrat\u00f6lt\u00e9s k\u00f6zben. Az \u00e1ramvonalas kialak\u00edt\u00e1s k\u00f6lts\u00e9ghat\u00e9kony t\u00f6bbsz\u00f6r\u00f6s szersz\u00e1mfej be\u00e1ll\u00edt\u00e1st tesz lehet\u0151v\u00e9. Kompatibilis a Dillon CP2000 szersz\u00e1mfejjel (a 4-es \u00e1llom\u00e1st szabadon kell hagyni). Korszer\u0171s\u00edtse \u00fajrat\u00f6lt\u0151 \u00e1llom\u00e1s\u00e1t m\u00e9g ma!<\/p>\n","protected":false},"excerpt":{"rendered":"<p>\u00c9l\u00e9nk LED-vil\u00e1g\u00edt\u00e1s a Dillon 1050\/1100 \u00fajrat\u00f6lt\u0151h\u00f6z, jav\u00edtja a l\u00e1that\u00f3s\u00e1got.<\/p>\n","protected":false},"featured_media":27239,"template":"","meta":{"_acf_changed":false},"product_brand":[11267],"product_cat":[12963,12917],"product_tag":[],"class_list":{"0":"post-44869","1":"product","2":"type-product","3":"status-publish","4":"has-post-thumbnail","6":"product_brand-doublealpha","7":"product_cat-ujratoeltes","8":"product_cat-ujratoelto-kiegeszitok","10":"first","11":"outofstock","12":"taxable","13":"shipping-taxable","14":"purchasable","15":"product-type-simple"},"acf":[],"_links":{"self":[{"href":"https:\/\/staging.nbg.eu\/hu\/wp-json\/wp\/v2\/product\/44869","targetHints":{"allow":["GET"]}}],"collection":[{"href":"https:\/\/staging.nbg.eu\/hu\/wp-json\/wp\/v2\/product"}],"about":[{"href":"https:\/\/staging.nbg.eu\/hu\/wp-json\/wp\/v2\/types\/product"}],"wp:featuredmedia":[{"embeddable":true,"href":"https:\/\/staging.nbg.eu\/hu\/wp-json\/wp\/v2\/media\/27239"}],"wp:attachment":[{"href":"https:\/\/staging.nbg.eu\/hu\/wp-json\/wp\/v2\/media?parent=44869"}],"wp:term":[{"taxonomy":"product_brand","embeddable":true,"href":"https:\/\/staging.nbg.eu\/hu\/wp-json\/wp\/v2\/product_brand?post=44869"},{"taxonomy":"product_cat","embeddable":true,"href":"https:\/\/staging.nbg.eu\/hu\/wp-json\/wp\/v2\/product_cat?post=44869"},{"taxonomy":"product_tag","embeddable":true,"href":"https:\/\/staging.nbg.eu\/hu\/wp-json\/wp\/v2\/product_tag?post=44869"}],"curies":[{"name":"wp","href":"https:\/\/api.w.org\/{rel}","templated":true}]}}