{"id":44847,"date":"2024-08-18T09:33:44","date_gmt":"2024-08-18T09:33:44","guid":{"rendered":"https:\/\/staging.nbg.eu\/product\/pro-grip-lotion-2oz\/"},"modified":"2024-09-10T11:15:15","modified_gmt":"2024-09-10T11:15:15","slug":"pro-grip-lotion-2oz","status":"publish","type":"product","link":"https:\/\/staging.nbg.eu\/hu\/termek\/pro-grip-lotion-2oz\/","title":{"rendered":"Pro Grip Lotion 2Oz"},"content":{"rendered":"<p>\nFokozza l\u00f6v\u00e9szeti teljes\u00edtm\u00e9ny\u00e9t a Pro Grip Lotion 2Oz seg\u00edts\u00e9g\u00e9vel. Olyan bajnokok \u00e1ltal kedvelt, mint Jerry Barnhart, Todd Jarrett \u00e9s Saul Kirsch, ez a k\u00e9nyelmesen csomagolt kr\u00e9m fel\u00fclm\u00falja a gyant\u00e1t \u00e9s a kr\u00e9t\u00e1t. Tapasztalja meg a kiv\u00e1l\u00f3 fog\u00e1st, fegyverkezel\u00e9st \u00e9s gyorsabb helyre\u00e1ll\u00e1si id\u0151t. N\u00e9lk\u00fcl\u00f6zhetetlen minden l\u00f6v\u00e9sz t\u00e1sk\u00e1j\u00e1ban, a Pro Grip a dinamikus l\u00f6v\u00e9szet siker\u00e9nek titkos fegyvere.<\/p>\n","protected":false},"excerpt":{"rendered":"<p>Pro Grip: Bajnokok \u00e1ltal j\u00f3v\u00e1hagyott kr\u00e9m a kiv\u00e1l\u00f3 fegyverkezel\u00e9s\u00e9rt.<\/p>\n","protected":false},"featured_media":27285,"template":"","meta":{"_acf_changed":false},"product_brand":[11267],"product_cat":[12934,12954,12921],"product_tag":[],"class_list":{"0":"post-44847","1":"product","2":"type-product","3":"status-publish","4":"has-post-thumbnail","6":"product_brand-doublealpha","7":"product_cat-felszereles","8":"product_cat-tok-kiegeszitok","9":"product_cat-tokk","11":"first","12":"instock","13":"taxable","14":"shipping-taxable","15":"purchasable","16":"product-type-simple"},"acf":[],"_links":{"self":[{"href":"https:\/\/staging.nbg.eu\/hu\/wp-json\/wp\/v2\/product\/44847","targetHints":{"allow":["GET"]}}],"collection":[{"href":"https:\/\/staging.nbg.eu\/hu\/wp-json\/wp\/v2\/product"}],"about":[{"href":"https:\/\/staging.nbg.eu\/hu\/wp-json\/wp\/v2\/types\/product"}],"wp:featuredmedia":[{"embeddable":true,"href":"https:\/\/staging.nbg.eu\/hu\/wp-json\/wp\/v2\/media\/27285"}],"wp:attachment":[{"href":"https:\/\/staging.nbg.eu\/hu\/wp-json\/wp\/v2\/media?parent=44847"}],"wp:term":[{"taxonomy":"product_brand","embeddable":true,"href":"https:\/\/staging.nbg.eu\/hu\/wp-json\/wp\/v2\/product_brand?post=44847"},{"taxonomy":"product_cat","embeddable":true,"href":"https:\/\/staging.nbg.eu\/hu\/wp-json\/wp\/v2\/product_cat?post=44847"},{"taxonomy":"product_tag","embeddable":true,"href":"https:\/\/staging.nbg.eu\/hu\/wp-json\/wp\/v2\/product_tag?post=44847"}],"curies":[{"name":"wp","href":"https:\/\/api.w.org\/{rel}","templated":true}]}}