{"id":44825,"date":"2024-08-18T09:34:28","date_gmt":"2024-08-18T09:34:28","guid":{"rendered":"https:\/\/staging.nbg.eu\/product\/daa-magnet-with-m5-screw-for-rm-pouch\/"},"modified":"2024-09-10T11:11:24","modified_gmt":"2024-09-10T11:11:24","slug":"daa-magnes-m5-csavarral","status":"publish","type":"product","link":"https:\/\/staging.nbg.eu\/hu\/termek\/daa-magnes-m5-csavarral\/","title":{"rendered":"Daa M\u00e1gnes M5 Csavarral"},"content":{"rendered":"<h2>DAA Szuper-er\u0151s m\u00e1gnes Alpha-Xi\/X \u00e9s Race Master tokokhoz<\/h2>\n<p>Fejleszd l\u00f6v\u00e9szfelszerel\u00e9sedet a nagyteljes\u00edtm\u00e9ny\u0171 DAA Szuper-er\u0151s m\u00e1gnesekkel, amelyeket kifejezetten Alpha-Xi, Alpha-X \u00e9s Race Master tokokhoz terveztek.<\/p>\n<ul>\n<li>Cinkbevonattal a tart\u00f3ss\u00e1g \u00e9rdek\u00e9ben<\/li>\n<li>Leny\u0171g\u00f6z\u0151 87 kg-os h\u00faz\u00f3er\u0151<\/li>\n<li>50 mm \u00e1tm\u00e9r\u0151, 12 mm vastags\u00e1g (tokkal egy\u00fctt)<\/li>\n<li>Biztons\u00e1gos r\u00f6gz\u00edt\u00e9s M5-\u00f6s csavarral<\/li>\n<\/ul>\n<p>A beszerel\u00e9s egyszer\u0171:<\/p>\n<ol>\n<li>Menetezd a tok elej\u00e9n l\u00e9v\u0151 4,2 mm-es lyukat M5-\u00f6s menetf\u00far\u00f3val<\/li>\n<li>\u00d3vatosan csavard be a m\u00e1gnest<\/li>\n<li>R\u00f6gz\u00edtsd LockTite-tal a tov\u00e1bbi stabilit\u00e1s \u00e9rdek\u00e9ben<\/li>\n<\/ol>\n<p>Tapasztald meg a magabiztos t\u00e1relhelyez\u00e9st \u00e9s -megtart\u00e1st dinamikus mozg\u00e1sok k\u00f6zben. Fejleszd tokod m\u00e9g ma a jobb teljes\u00edtm\u00e9ny \u00e9rdek\u00e9ben!<\/p>\n","protected":false},"excerpt":{"rendered":"<p>Er\u0151s M5 csavaros m\u00e1gnes Alpha-Xi\/X \u00e9s Race Master tokokhoz.<\/p>\n","protected":false},"featured_media":27331,"template":"","meta":{"_acf_changed":false},"product_brand":[11267],"product_cat":[12959,12954,12921],"product_tag":[],"class_list":{"0":"post-44825","1":"product","2":"type-product","3":"status-publish","4":"has-post-thumbnail","6":"product_brand-doublealpha","7":"product_cat-sport-tok","8":"product_cat-tok-kiegeszitok","9":"product_cat-tokk","11":"first","12":"instock","13":"taxable","14":"shipping-taxable","15":"purchasable","16":"product-type-simple"},"acf":[],"_links":{"self":[{"href":"https:\/\/staging.nbg.eu\/hu\/wp-json\/wp\/v2\/product\/44825","targetHints":{"allow":["GET"]}}],"collection":[{"href":"https:\/\/staging.nbg.eu\/hu\/wp-json\/wp\/v2\/product"}],"about":[{"href":"https:\/\/staging.nbg.eu\/hu\/wp-json\/wp\/v2\/types\/product"}],"wp:featuredmedia":[{"embeddable":true,"href":"https:\/\/staging.nbg.eu\/hu\/wp-json\/wp\/v2\/media\/27331"}],"wp:attachment":[{"href":"https:\/\/staging.nbg.eu\/hu\/wp-json\/wp\/v2\/media?parent=44825"}],"wp:term":[{"taxonomy":"product_brand","embeddable":true,"href":"https:\/\/staging.nbg.eu\/hu\/wp-json\/wp\/v2\/product_brand?post=44825"},{"taxonomy":"product_cat","embeddable":true,"href":"https:\/\/staging.nbg.eu\/hu\/wp-json\/wp\/v2\/product_cat?post=44825"},{"taxonomy":"product_tag","embeddable":true,"href":"https:\/\/staging.nbg.eu\/hu\/wp-json\/wp\/v2\/product_tag?post=44825"}],"curies":[{"name":"wp","href":"https:\/\/api.w.org\/{rel}","templated":true}]}}