{"id":44803,"date":"2024-08-18T09:35:16","date_gmt":"2024-08-18T09:35:16","guid":{"rendered":"https:\/\/staging.nbg.eu\/product\/daa-4-pack-magnetic-collars-for-primer-tube\/"},"modified":"2024-09-10T11:05:51","modified_gmt":"2024-09-10T11:05:51","slug":"daa-4-csomag-magneses-galler-gyutacs-csohoez","status":"publish","type":"product","link":"https:\/\/staging.nbg.eu\/hu\/termek\/daa-4-csomag-magneses-galler-gyutacs-csohoez\/","title":{"rendered":"Daa 4-Csomag M\u00e1gneses Gall\u00e9r Gyutacs Cs\u0151h\u00f6z"},"content":{"rendered":"<div class=\"product-description\">\n<h2>DAA 4 darabos m\u00e1gneses gall\u00e9r gyutacscs\u0151h\u00f6z<\/h2>\n<p>N\u00f6velje \u00fajrat\u00f6lt\u00e9si hat\u00e9konys\u00e1g\u00e1t a DAA 4 darabos m\u00e1gneses gall\u00e9rral, amelyet kifejezetten a Dillon felvev\u0151 cs\u00f6vekhez \u00e9s a PRIMER-PRO gyutacs rendez\u0151h\u00f6z terveztek.<\/p>\n<ul>\n<li>A k\u00e9szlet 4 db polimer gall\u00e9rt tartalmaz r\u00f6gz\u00edtett m\u00e1gnesekkel \u00e9s r\u00f6gz\u00edt\u0151csavarokkal<\/li>\n<li>Kompatibilis a Dillon gyutacscs\u00f6vekkel<\/li>\n<li>Ide\u00e1lis t\u00f6bb cs\u0151 el\u0151zetes felt\u00f6lt\u00e9s\u00e9hez az \u00fajrat\u00f6lt\u00e9si munkamenetek el\u0151tt<\/li>\n<li>Kik\u00fcsz\u00f6b\u00f6li a PRIMER-PRO egys\u00e9ghez val\u00f3 gyakori visszat\u00e9r\u00e9s sz\u00fcks\u00e9gess\u00e9g\u00e9t<\/li>\n<li>T\u00f6k\u00e9letes kieg\u00e9sz\u00edt\u0151je a PRIMER-PRO-nak, amely egy m\u00e1gneses gall\u00e9rral ker\u00fcl sz\u00e1ll\u00edt\u00e1sra<\/li>\n<\/ul>\n<p><strong>Megjegyz\u00e9s:<\/strong> A gyutacscs\u00f6vek NEM tartoz\u00e9kok.<\/p>\n<p>Optimaliz\u00e1lja \u00fajrat\u00f6lt\u00e9si munkafolyamat\u00e1t \u00e9s takar\u00edtson meg id\u0151t ezekkel a kieg\u00e9sz\u00edt\u0151 m\u00e1gneses gall\u00e9rokkal, amelyek lehet\u0151v\u00e9 teszik t\u00f6bb gyutacscs\u0151 el\u0151zetes el\u0151k\u00e9sz\u00edt\u00e9s\u00e9t.<\/p>\n<\/div>\n","protected":false},"excerpt":{"rendered":"<p>4 m\u00e1gneses gall\u00e9r Dillon primer cs\u00f6vekhez. PRIMER-PRO-val haszn\u00e1lhat\u00f3.<\/p>\n","protected":false},"featured_media":27354,"template":"","meta":{"_acf_changed":false},"product_brand":[11267],"product_cat":[12963,12917],"product_tag":[],"class_list":{"0":"post-44803","1":"product","2":"type-product","3":"status-publish","4":"has-post-thumbnail","6":"product_brand-doublealpha","7":"product_cat-ujratoeltes","8":"product_cat-ujratoelto-kiegeszitok","10":"first","11":"outofstock","12":"taxable","13":"shipping-taxable","14":"purchasable","15":"product-type-simple"},"acf":[],"_links":{"self":[{"href":"https:\/\/staging.nbg.eu\/hu\/wp-json\/wp\/v2\/product\/44803","targetHints":{"allow":["GET"]}}],"collection":[{"href":"https:\/\/staging.nbg.eu\/hu\/wp-json\/wp\/v2\/product"}],"about":[{"href":"https:\/\/staging.nbg.eu\/hu\/wp-json\/wp\/v2\/types\/product"}],"wp:featuredmedia":[{"embeddable":true,"href":"https:\/\/staging.nbg.eu\/hu\/wp-json\/wp\/v2\/media\/27354"}],"wp:attachment":[{"href":"https:\/\/staging.nbg.eu\/hu\/wp-json\/wp\/v2\/media?parent=44803"}],"wp:term":[{"taxonomy":"product_brand","embeddable":true,"href":"https:\/\/staging.nbg.eu\/hu\/wp-json\/wp\/v2\/product_brand?post=44803"},{"taxonomy":"product_cat","embeddable":true,"href":"https:\/\/staging.nbg.eu\/hu\/wp-json\/wp\/v2\/product_cat?post=44803"},{"taxonomy":"product_tag","embeddable":true,"href":"https:\/\/staging.nbg.eu\/hu\/wp-json\/wp\/v2\/product_tag?post=44803"}],"curies":[{"name":"wp","href":"https:\/\/api.w.org\/{rel}","templated":true}]}}