{"id":44781,"date":"2024-08-18T09:35:34","date_gmt":"2024-08-18T09:35:34","guid":{"rendered":"https:\/\/staging.nbg.eu\/product\/mr-bulletfeeder-pro-dropper-assembly-9-38s\/"},"modified":"2024-09-10T10:59:05","modified_gmt":"2024-09-10T10:59:05","slug":"mr-bulletfeeder-pro-adagolo-egyseg-938s","status":"publish","type":"product","link":"https:\/\/staging.nbg.eu\/hu\/termek\/mr-bulletfeeder-pro-adagolo-egyseg-938s\/","title":{"rendered":"Mr. Bulletfeeder Pro Adagol\u00f3 Egys\u00e9g 9\/38S"},"content":{"rendered":"<p>Fejlessze \u00fajrat\u00f6lt\u0151 felszerel\u00e9s\u00e9t a <strong>Mr. Bulletfeeder Pro Dropper Assembly 9\/38S<\/strong> eszk\u00f6zzel. Ez a tov\u00e1bbfejlesztett komponens a k\u00f6vetkez\u0151 jellemz\u0151kkel rendelkezik:<\/p>\n<ul>\n<li>Jav\u00edtott gravit\u00e1ci\u00f3s m\u0171k\u00f6d\u00e9s<\/li>\n<li>Dupla hossz\u00fas\u00e1g\u00fa r\u00e9z szakasz a megn\u00f6velt s\u00faly \u00e9s megb\u00edzhat\u00f3s\u00e1g \u00e9rdek\u00e9ben<\/li>\n<li>Teljesen ac\u00e9l matrica szakasz a fokozott tart\u00f3ss\u00e1g\u00e9rt<\/li>\n<li>Megakad\u00e1lyozza az adagol\u00f3rug\u00f3 fesz\u00fclts\u00e9ge vagy s\u00farl\u00f3d\u00e1s okozta elakad\u00e1sokat<\/li>\n<li>Nagy mennyis\u00e9g\u0171 \u00fajrat\u00f6lt\u00e9sre tervezve<\/li>\n<\/ul>\n<p>Tapasztalja meg a k\u00f6vetkezetes, hat\u00e9kony l\u00f6ved\u00e9kadagol\u00e1st ezzel a professzion\u00e1lis szint\u0171 adagol\u00f3 szerelv\u00e9nnyel.<\/p>\n","protected":false},"excerpt":{"rendered":"<p>Tov\u00e1bbfejlesztett, nehezebb adogat\u00f3szerkezet a megb\u00edzhat\u00f3 l\u0151szeradagol\u00e1s\u00e9rt. Ac\u00e9l alkatr\u00e9szek a tart\u00f3ss\u00e1g \u00e9rdek\u00e9ben.<\/p>\n","protected":false},"featured_media":27377,"template":"","meta":{"_acf_changed":false},"product_brand":[11267],"product_cat":[12963,12917],"product_tag":[],"class_list":{"0":"post-44781","1":"product","2":"type-product","3":"status-publish","4":"has-post-thumbnail","6":"product_brand-doublealpha","7":"product_cat-ujratoeltes","8":"product_cat-ujratoelto-kiegeszitok","10":"first","11":"outofstock","12":"taxable","13":"shipping-taxable","14":"purchasable","15":"product-type-simple"},"acf":[],"_links":{"self":[{"href":"https:\/\/staging.nbg.eu\/hu\/wp-json\/wp\/v2\/product\/44781","targetHints":{"allow":["GET"]}}],"collection":[{"href":"https:\/\/staging.nbg.eu\/hu\/wp-json\/wp\/v2\/product"}],"about":[{"href":"https:\/\/staging.nbg.eu\/hu\/wp-json\/wp\/v2\/types\/product"}],"wp:featuredmedia":[{"embeddable":true,"href":"https:\/\/staging.nbg.eu\/hu\/wp-json\/wp\/v2\/media\/27377"}],"wp:attachment":[{"href":"https:\/\/staging.nbg.eu\/hu\/wp-json\/wp\/v2\/media?parent=44781"}],"wp:term":[{"taxonomy":"product_brand","embeddable":true,"href":"https:\/\/staging.nbg.eu\/hu\/wp-json\/wp\/v2\/product_brand?post=44781"},{"taxonomy":"product_cat","embeddable":true,"href":"https:\/\/staging.nbg.eu\/hu\/wp-json\/wp\/v2\/product_cat?post=44781"},{"taxonomy":"product_tag","embeddable":true,"href":"https:\/\/staging.nbg.eu\/hu\/wp-json\/wp\/v2\/product_tag?post=44781"}],"curies":[{"name":"wp","href":"https:\/\/api.w.org\/{rel}","templated":true}]}}