{"id":44733,"date":"2024-08-18T09:36:04","date_gmt":"2024-08-18T09:36:04","guid":{"rendered":"https:\/\/staging.nbg.eu\/product\/lynx-belt-buckle-roll-pins-50bag\/"},"modified":"2024-09-10T09:19:32","modified_gmt":"2024-09-10T09:19:32","slug":"lynx-oevcsat-roegzito-csapok-50-darabos-csomag","status":"publish","type":"product","link":"https:\/\/staging.nbg.eu\/hu\/termek\/lynx-oevcsat-roegzito-csapok-50-darabos-csomag\/","title":{"rendered":"Lynx \u00d6vcsat R\u00f6gz\u00edt\u0151 Csapok (50 Darabos Csomag)"},"content":{"rendered":"<p>\nCsere g\u00f6rg\u0151scsapok Lynx \u00f6vcsatokhoz. 50 darabos csomag. Elengedhetetlen a Lynx \u00f6v \u00f6sszeszerel\u00e9s\u00e9hez \u00e9s jav\u00edt\u00e1s\u00e1hoz. Biztos\u00edtja a Lynx csat biztons\u00e1gos illeszked\u00e9s\u00e9t.<\/p>\n","protected":false},"excerpt":{"rendered":"<p>Lynx \u00f6vcsat g\u00f6rg\u0151s csapok (50 db\/csomag): Extra csapok a Lynx \u00f6vekhez.<\/p>\n","protected":false},"featured_media":27446,"template":"","meta":{"_acf_changed":false},"product_brand":[11267],"product_cat":[12934,12937],"product_tag":[],"class_list":{"0":"post-44733","1":"product","2":"type-product","3":"status-publish","4":"has-post-thumbnail","6":"product_brand-doublealpha","7":"product_cat-felszereles","8":"product_cat-sport-oevek","10":"first","11":"instock","12":"taxable","13":"shipping-taxable","14":"purchasable","15":"product-type-simple"},"acf":[],"_links":{"self":[{"href":"https:\/\/staging.nbg.eu\/hu\/wp-json\/wp\/v2\/product\/44733","targetHints":{"allow":["GET"]}}],"collection":[{"href":"https:\/\/staging.nbg.eu\/hu\/wp-json\/wp\/v2\/product"}],"about":[{"href":"https:\/\/staging.nbg.eu\/hu\/wp-json\/wp\/v2\/types\/product"}],"wp:featuredmedia":[{"embeddable":true,"href":"https:\/\/staging.nbg.eu\/hu\/wp-json\/wp\/v2\/media\/27446"}],"wp:attachment":[{"href":"https:\/\/staging.nbg.eu\/hu\/wp-json\/wp\/v2\/media?parent=44733"}],"wp:term":[{"taxonomy":"product_brand","embeddable":true,"href":"https:\/\/staging.nbg.eu\/hu\/wp-json\/wp\/v2\/product_brand?post=44733"},{"taxonomy":"product_cat","embeddable":true,"href":"https:\/\/staging.nbg.eu\/hu\/wp-json\/wp\/v2\/product_cat?post=44733"},{"taxonomy":"product_tag","embeddable":true,"href":"https:\/\/staging.nbg.eu\/hu\/wp-json\/wp\/v2\/product_tag?post=44733"}],"curies":[{"name":"wp","href":"https:\/\/api.w.org\/{rel}","templated":true}]}}