{"id":44711,"date":"2024-08-18T09:36:21","date_gmt":"2024-08-18T09:36:21","guid":{"rendered":"https:\/\/staging.nbg.eu\/product\/ced-deluxe-quick-patch-tape-gun\/"},"modified":"2024-09-10T09:16:07","modified_gmt":"2024-09-10T09:16:07","slug":"ced-deluxe-gyors-javito-szalag-adagolo","status":"publish","type":"product","link":"https:\/\/staging.nbg.eu\/hu\/termek\/ced-deluxe-gyors-javito-szalag-adagolo\/","title":{"rendered":"Ced Deluxe Gyors Jav\u00edt\u00f3 Szalag Adagol\u00f3"},"content":{"rendered":"<p>Bemutatjuk a CED Deluxe gyors c\u00e9lpont-jav\u00edt\u00f3 ragaszt\u00f3szalag pisztolyt: A t\u00f6k\u00e9letes megold\u00e1s a c\u00e9lt\u00e1bl\u00e1n l\u00e9v\u0151 lyukak jav\u00edt\u00e1s\u00e1ra!<\/p>\n<ul>\n<li>Gyorsabb \u00e9s k\u00f6nnyebb, mint a k\u00e9zi jav\u00edt\u00e1s<\/li>\n<li>Kompatibilis a legt\u00f6bb teljes m\u00e9ret\u0171 jav\u00edt\u00f3tapasszal<\/li>\n<li>Egyszer\u0171 nyom\u00e1s-\u00e9s-elenged\u00e9s m\u0171k\u00f6d\u00e9s<\/li>\n<li>K\u00f6nnyen c\u00e9lozhat\u00f3, haszn\u00e1lhat\u00f3 \u00e9s \u00fajrat\u00f6lthet\u0151<\/li>\n<li>N\u00f6veli a hat\u00e9konys\u00e1got \u00e9s id\u0151t takar\u00edt meg<\/li>\n<li>Sz\u00f3rakoztat\u00f3 \u00e9s er\u0151fesz\u00edt\u00e9s n\u00e9lk\u00fcl haszn\u00e1lhat\u00f3<\/li>\n<\/ul>\n<p>Fejlessze c\u00e9lgyakorlatait a CED Deluxe ragaszt\u00f3szalag pisztollyal &#8211; az all-in-one eszk\u00f6z a gyors \u00e9s hat\u00e9kony jav\u00edt\u00e1shoz!<\/p>\n","protected":false},"excerpt":{"rendered":"<p>Hat\u00e9kony c\u00e9lt\u00e1bla-foltoz\u00f3 eszk\u00f6z. K\u00f6nnyen haszn\u00e1lhat\u00f3, t\u00f6lthet\u0151 \u00e9s c\u00e9lozhat\u00f3. Sz\u00f3rakoztat\u00f3!<\/p>\n","protected":false},"featured_media":27515,"template":"","meta":{"_acf_changed":false},"product_brand":[11267],"product_cat":[12965,12932,12940],"product_tag":[],"class_list":{"0":"post-44711","1":"product","2":"type-product","3":"status-publish","4":"has-post-thumbnail","6":"product_brand-doublealpha","7":"product_cat-celpontok","8":"product_cat-foltok-es-folttoeltok","9":"product_cat-papir-celok","11":"first","12":"instock","13":"taxable","14":"shipping-taxable","15":"purchasable","16":"product-type-simple"},"acf":[],"_links":{"self":[{"href":"https:\/\/staging.nbg.eu\/hu\/wp-json\/wp\/v2\/product\/44711","targetHints":{"allow":["GET"]}}],"collection":[{"href":"https:\/\/staging.nbg.eu\/hu\/wp-json\/wp\/v2\/product"}],"about":[{"href":"https:\/\/staging.nbg.eu\/hu\/wp-json\/wp\/v2\/types\/product"}],"wp:featuredmedia":[{"embeddable":true,"href":"https:\/\/staging.nbg.eu\/hu\/wp-json\/wp\/v2\/media\/27515"}],"wp:attachment":[{"href":"https:\/\/staging.nbg.eu\/hu\/wp-json\/wp\/v2\/media?parent=44711"}],"wp:term":[{"taxonomy":"product_brand","embeddable":true,"href":"https:\/\/staging.nbg.eu\/hu\/wp-json\/wp\/v2\/product_brand?post=44711"},{"taxonomy":"product_cat","embeddable":true,"href":"https:\/\/staging.nbg.eu\/hu\/wp-json\/wp\/v2\/product_cat?post=44711"},{"taxonomy":"product_tag","embeddable":true,"href":"https:\/\/staging.nbg.eu\/hu\/wp-json\/wp\/v2\/product_tag?post=44711"}],"curies":[{"name":"wp","href":"https:\/\/api.w.org\/{rel}","templated":true}]}}