{"id":44689,"date":"2024-08-18T09:36:41","date_gmt":"2024-08-18T09:36:41","guid":{"rendered":"https:\/\/staging.nbg.eu\/product\/mr-bulletfeeder-pro-9-38s\/"},"modified":"2024-09-10T09:12:18","modified_gmt":"2024-09-10T09:12:18","slug":"mrbulletfeeder-pro-938s","status":"publish","type":"product","link":"https:\/\/staging.nbg.eu\/hu\/termek\/mrbulletfeeder-pro-938s\/","title":{"rendered":"Mr.Bulletfeeder Pro 9\/38S"},"content":{"rendered":"<div class=\"product-description\">\n<h2>Mr.Bulletfeeder Pro 9\/38S<\/h2>\n<p>Emelje \u00faj szintre \u00fajrat\u00f6lt\u00e9si j\u00e1t\u00e9k\u00e1t a Mr.Bulletfeeder Pro 9\/38S-szel, a nagy mennyis\u00e9g\u0171 l\u0151szergy\u00e1rt\u00e1s t\u00f6k\u00e9letes megold\u00e1s\u00e1val. Ez a fejlett l\u00f6ved\u00e9kadagol\u00f3 a k\u00f6vetkez\u0151kkel b\u00fcszk\u00e9lkedhet:<\/p>\n<ul>\n<li>Hatalmas kapacit\u00e1s: T\u00f6bb mint 1000 db 9mm-es 124 gr l\u00f6ved\u00e9ket tart<\/li>\n<li>Leny\u0171g\u00f6z\u0151 teljes\u00edtm\u00e9ny: Ak\u00e1r 7200 l\u00f6ved\u00e9k \u00f3r\u00e1nk\u00e9nt<\/li>\n<li>Massz\u00edv fel\u00e9p\u00edt\u00e9s: Ac\u00e9l adagol\u00f3fej a fokozott tart\u00f3ss\u00e1g\u00e9rt<\/li>\n<li>\u00c1ll\u00edthat\u00f3 \u00e1llv\u00e1ny: Alum\u00ednium, teleszk\u00f3pos \u00e9s magass\u00e1g\u00e1ban \u00e1ll\u00edthat\u00f3 az optim\u00e1lis pozicion\u00e1l\u00e1shoz<\/li>\n<li>Jav\u00edtott megb\u00edzhat\u00f3s\u00e1g: Nehezebb alkatr\u00e9szek biztos\u00edtj\u00e1k a konzisztens teljes\u00edtm\u00e9nyt<\/li>\n<\/ul>\n<p>T\u00f6k\u00e9letes v\u00e1laszt\u00e1s kereskedelmi \u00fajrat\u00f6lt\u0151k \u00e9s nagy mennyis\u00e9gben l\u00f6v\u0151k sz\u00e1m\u00e1ra, a Mr.Bulletfeeder Pro 9\/38S egyszer\u0171s\u00edti a l\u0151szergy\u00e1rt\u00e1si folyamatot, id\u0151t \u00e9s er\u0151fesz\u00edt\u00e9st megtakar\u00edtva.<\/p>\n<\/div>\n","protected":false},"excerpt":{"rendered":"<p>Mr.Bulletfeeder Pro 9\/38S: Nagy kapacit\u00e1s\u00fa t\u00f6lt\u00e9nyadagol\u00f3 komoly \u00fajrat\u00f6lt\u0151k sz\u00e1m\u00e1ra.<\/p>\n","protected":false},"featured_media":27538,"template":"","meta":{"_acf_changed":false},"product_brand":[11267],"product_cat":[12963,12935],"product_tag":[],"class_list":{"0":"post-44689","1":"product","2":"type-product","3":"status-publish","4":"has-post-thumbnail","6":"product_brand-doublealpha","7":"product_cat-ujratoeltes","8":"product_cat-ujratoelto-gepek","10":"first","11":"outofstock","12":"taxable","13":"shipping-taxable","14":"purchasable","15":"product-type-simple"},"acf":[],"_links":{"self":[{"href":"https:\/\/staging.nbg.eu\/hu\/wp-json\/wp\/v2\/product\/44689","targetHints":{"allow":["GET"]}}],"collection":[{"href":"https:\/\/staging.nbg.eu\/hu\/wp-json\/wp\/v2\/product"}],"about":[{"href":"https:\/\/staging.nbg.eu\/hu\/wp-json\/wp\/v2\/types\/product"}],"wp:featuredmedia":[{"embeddable":true,"href":"https:\/\/staging.nbg.eu\/hu\/wp-json\/wp\/v2\/media\/27538"}],"wp:attachment":[{"href":"https:\/\/staging.nbg.eu\/hu\/wp-json\/wp\/v2\/media?parent=44689"}],"wp:term":[{"taxonomy":"product_brand","embeddable":true,"href":"https:\/\/staging.nbg.eu\/hu\/wp-json\/wp\/v2\/product_brand?post=44689"},{"taxonomy":"product_cat","embeddable":true,"href":"https:\/\/staging.nbg.eu\/hu\/wp-json\/wp\/v2\/product_cat?post=44689"},{"taxonomy":"product_tag","embeddable":true,"href":"https:\/\/staging.nbg.eu\/hu\/wp-json\/wp\/v2\/product_tag?post=44689"}],"curies":[{"name":"wp","href":"https:\/\/api.w.org\/{rel}","templated":true}]}}