{"id":44667,"date":"2024-08-18T09:37:01","date_gmt":"2024-08-18T09:37:01","guid":{"rendered":"https:\/\/staging.nbg.eu\/product\/daa-carry-it-all-cia-backpack\/"},"modified":"2024-09-10T09:08:42","modified_gmt":"2024-09-10T09:08:42","slug":"daa-carry-it-all-cia-hatizsak","status":"publish","type":"product","link":"https:\/\/staging.nbg.eu\/hu\/termek\/daa-carry-it-all-cia-hatizsak\/","title":{"rendered":"Daa Carry It All (Cia) H\u00e1tizs\u00e1k"},"content":{"rendered":"<h2>DAA Carry It All (CIA) H\u00e1tizs\u00e1k<\/h2>\n<p>Az elk\u00f6telezett IPSC l\u00f6v\u00e9szek t\u00f6k\u00e9letes l\u0151t\u00e9ri t\u00e1rsa, a Double-Alpha CIA H\u00e1tizs\u00e1k \u00fagy k\u00e9sz\u00fclt, hogy megfeleljen \u00e9s t\u00falsz\u00e1rnyalja elv\u00e1r\u00e1sait.<\/p>\n<h2>F\u0151 jellemz\u0151k:<\/h2>\n<ul>\n<li>Tart\u00f3s D600 Cordura anyag v\u00edztasz\u00edt\u00f3 tulajdons\u00e1gokkal<\/li>\n<li>Hypalon b\u00e9lelt alj extra v\u00e9delem\u00e9rt<\/li>\n<li>T\u00e9p\u0151z\u00e1ras bels\u0151 t\u00e9r az egy\u00e9ni t\u00e1rol\u00e1s\u00e9rt<\/li>\n<li>Elt\u00e1vol\u00edthat\u00f3 k\u00f6zponti v\u00e1laszfal<\/li>\n<li>T\u00e1gas fels\u0151 el\u00fcls\u0151 zseb hall\u00e1sv\u00e9d\u0151knek<\/li>\n<li>K\u00fcls\u0151 t\u00e9p\u0151z\u00e1ras panel szem\u00e9lyre szab\u00e1shoz<\/li>\n<li>MOLLE p\u00e1ntok tov\u00e1bbi kieg\u00e9sz\u00edt\u0151kh\u00f6z<\/li>\n<li>K\u00e9nyelmes, lev\u00e1laszthat\u00f3 v\u00e1llp\u00e1ntok<\/li>\n<li>Ergonomikus kialak\u00edt\u00e1s az optim\u00e1lis s\u00falyeloszl\u00e1s\u00e9rt<\/li>\n<\/ul>\n<h2>Specifik\u00e1ci\u00f3k:<\/h2>\n<ul>\n<li>M\u00e9retek: 42Sz x 27M x 56Ma cm<\/li>\n<li>Kapacit\u00e1s: Kb. 37L<\/li>\n<li>S\u00faly: 2,8 kg<\/li>\n<li>Sz\u00edn: Fekete<\/li>\n<\/ul>\n<p>Tapasztalja meg a tart\u00f3ss\u00e1g, funkcionalit\u00e1s \u00e9s k\u00e9nyelem t\u00f6k\u00e9letes \u00f6tv\u00f6zet\u00e9t a DAA CIA H\u00e1tizs\u00e1kkal \u2013 az \u00d6n n\u00e9lk\u00fcl\u00f6zhetetlen felszerel\u00e9se \u00e9vekig tart\u00f3 megb\u00edzhat\u00f3 szolg\u00e1latra a l\u0151t\u00e9ren.<\/p>\n","protected":false},"excerpt":{"rendered":"<p>DAA CIA h\u00e1tizs\u00e1k: Tart\u00f3s, sokoldal\u00fa t\u00e1ska IPSC l\u00f6v\u00e9szek sz\u00e1m\u00e1ra.<\/p>\n","protected":false},"featured_media":27768,"template":"","meta":{"_acf_changed":false},"product_brand":[11267],"product_cat":[12934,12980],"product_tag":[],"class_list":{"0":"post-44667","1":"product","2":"type-product","3":"status-publish","4":"has-post-thumbnail","6":"product_brand-doublealpha","7":"product_cat-felszereles","8":"product_cat-loter-taskak","10":"first","11":"outofstock","12":"taxable","13":"shipping-taxable","14":"purchasable","15":"product-type-simple"},"acf":[],"_links":{"self":[{"href":"https:\/\/staging.nbg.eu\/hu\/wp-json\/wp\/v2\/product\/44667","targetHints":{"allow":["GET"]}}],"collection":[{"href":"https:\/\/staging.nbg.eu\/hu\/wp-json\/wp\/v2\/product"}],"about":[{"href":"https:\/\/staging.nbg.eu\/hu\/wp-json\/wp\/v2\/types\/product"}],"wp:featuredmedia":[{"embeddable":true,"href":"https:\/\/staging.nbg.eu\/hu\/wp-json\/wp\/v2\/media\/27768"}],"wp:attachment":[{"href":"https:\/\/staging.nbg.eu\/hu\/wp-json\/wp\/v2\/media?parent=44667"}],"wp:term":[{"taxonomy":"product_brand","embeddable":true,"href":"https:\/\/staging.nbg.eu\/hu\/wp-json\/wp\/v2\/product_brand?post=44667"},{"taxonomy":"product_cat","embeddable":true,"href":"https:\/\/staging.nbg.eu\/hu\/wp-json\/wp\/v2\/product_cat?post=44667"},{"taxonomy":"product_tag","embeddable":true,"href":"https:\/\/staging.nbg.eu\/hu\/wp-json\/wp\/v2\/product_tag?post=44667"}],"curies":[{"name":"wp","href":"https:\/\/api.w.org\/{rel}","templated":true}]}}