{"id":44645,"date":"2024-08-18T09:37:34","date_gmt":"2024-09-10T09:03:02","guid":{"rendered":"https:\/\/staging.nbg.eu\/product\/flex-holster-spare-slide-lock-teeth-set\/"},"modified":"2024-09-10T09:03:46","modified_gmt":"2024-09-10T09:03:46","slug":"flex-holster-pot-csuszaszar-fog-keszlet","status":"publish","type":"product","link":"https:\/\/staging.nbg.eu\/hu\/termek\/flex-holster-pot-csuszaszar-fog-keszlet\/","title":{"rendered":"Flex Holster &#8211; P\u00f3t Cs\u00fasz\u00e1sz\u00e1r Fog K\u00e9szlet"},"content":{"rendered":"<div class=\"product-description\">\n<h2>Flex Tok &#8211; Tartal\u00e9k Cs\u00fasz\u00f3z\u00e1r Fog K\u00e9szlet<\/h2>\n<p>Fejlessze Flex tokj\u00e1t ezzel a piros cs\u00fasz\u00f3z\u00e1r fog cserek\u00e9szlettel. Kompatibilis mind az A-t\u00edpus\u00fa, mind a B-t\u00edpus\u00fa bet\u00e9tblokkokkal, a k\u00e9szlet tartalmazza:<\/p>\n<ul>\n<li>Piros cs\u00fasz\u00f3z\u00e1r fogak<\/li>\n<li>\u00d6sszeszerel\u00e9si kell\u00e9kek (csavarok \u00e9s any\u00e1k)<\/li>\n<\/ul>\n<p>K\u00f6nnyen friss\u00edtheti vagy cser\u00e9lheti megl\u00e9v\u0151 fogait az optim\u00e1lis teljes\u00edtm\u00e9ny \u00e9s biztons\u00e1gos illeszked\u00e9s \u00e9rdek\u00e9ben.<\/p>\n<\/div>\n","protected":false},"excerpt":{"rendered":"<p>Csere piros cs\u00fasz\u00f3z\u00e1ras fogak Flex tokhoz, szerel\u00e9kekkel.<\/p>\n","protected":false},"featured_media":30501,"template":"","meta":{"_acf_changed":false},"product_brand":[11267],"product_cat":[12959,12954,12921],"product_tag":[],"class_list":{"0":"post-44645","1":"product","2":"type-product","3":"status-publish","4":"has-post-thumbnail","6":"product_brand-doublealpha","7":"product_cat-sport-tok","8":"product_cat-tok-kiegeszitok","9":"product_cat-tokk","11":"first","12":"instock","13":"taxable","14":"shipping-taxable","15":"purchasable","16":"product-type-simple"},"acf":[],"_links":{"self":[{"href":"https:\/\/staging.nbg.eu\/hu\/wp-json\/wp\/v2\/product\/44645","targetHints":{"allow":["GET"]}}],"collection":[{"href":"https:\/\/staging.nbg.eu\/hu\/wp-json\/wp\/v2\/product"}],"about":[{"href":"https:\/\/staging.nbg.eu\/hu\/wp-json\/wp\/v2\/types\/product"}],"wp:featuredmedia":[{"embeddable":true,"href":"https:\/\/staging.nbg.eu\/hu\/wp-json\/wp\/v2\/media\/30501"}],"wp:attachment":[{"href":"https:\/\/staging.nbg.eu\/hu\/wp-json\/wp\/v2\/media?parent=44645"}],"wp:term":[{"taxonomy":"product_brand","embeddable":true,"href":"https:\/\/staging.nbg.eu\/hu\/wp-json\/wp\/v2\/product_brand?post=44645"},{"taxonomy":"product_cat","embeddable":true,"href":"https:\/\/staging.nbg.eu\/hu\/wp-json\/wp\/v2\/product_cat?post=44645"},{"taxonomy":"product_tag","embeddable":true,"href":"https:\/\/staging.nbg.eu\/hu\/wp-json\/wp\/v2\/product_tag?post=44645"}],"curies":[{"name":"wp","href":"https:\/\/api.w.org\/{rel}","templated":true}]}}